{"id":8,"date":"2018-06-07T00:19:42","date_gmt":"2018-06-07T00:19:42","guid":{"rendered":"https:\/\/rhino.systems\/?page_id=8"},"modified":"2019-07-22T22:37:17","modified_gmt":"2019-07-22T22:37:17","slug":"soluciones","status":"publish","type":"page","link":"https:\/\/rhino.systems\/en\/solutions\/","title":{"rendered":"Solutions"},"content":{"rendered":"<p>[et_pb_section fb_built=&#8221;1&#8243; _builder_version=&#8221;3.5.1&#8243; background_color=&#8221;#f4510e&#8221; custom_margin=&#8221;0px||0px|&#8221; custom_padding=&#8221;0px||0px|&#8221;][et_pb_row _builder_version=&#8221;3.5.1&#8243; background_image=&#8221;https:\/\/rhino.systems\/wp-content\/uploads\/2018\/06\/fondo_soluciones.png&#8221;][et_pb_column type=&#8221;4_4&#8243; _builder_version=&#8221;3.0.47&#8243; parallax=&#8221;off&#8221; parallax_method=&#8221;on&#8221;][et_pb_text _builder_version=&#8221;3.5.1&#8243; background_layout=&#8221;dark&#8221;]<\/p>\n<h1 style=\"text-align: right;\">Our Solutions<\/h1>\n<p>[\/et_pb_text][et_pb_text _builder_version=&#8221;3.5.1&#8243; background_layout=&#8221;dark&#8221; max_width=&#8221;65%&#8221; module_alignment=&#8221;left&#8221;]En <strong>Rhino Systems<\/strong> we develop and implement <strong>safe solutions<\/strong> in the cloud which allow you to have a complete vision of your company or institution through frameworks developed for key sectors which bring together, in a <strong>360 vision<\/strong>, the management of customer relationships, work flows and complete reports of all activities.<\/p>\n<p>&nbsp;<br \/>\n[\/et_pb_text][\/et_pb_column][\/et_pb_row][\/et_pb_section][et_pb_section fb_built=&#8221;1&#8243; _builder_version=&#8221;3.5.1&#8243; custom_margin=&#8221;10px||10px|&#8221; custom_padding=&#8221;0px||0px|&#8221;][et_pb_row custom_padding=&#8221;0px||0px|&#8221; custom_margin=&#8221;10px||10px|&#8221; _builder_version=&#8221;3.5.1&#8243; background_size=&#8221;initial&#8221; background_position=&#8221;top_left&#8221; background_repeat=&#8221;repeat&#8221;][et_pb_column type=&#8221;1_2&#8243; _builder_version=&#8221;3.0.47&#8243; parallax=&#8221;off&#8221; parallax_method=&#8221;on&#8221;][et_pb_image src=&#8221;https:\/\/rhino.systems\/wp-content\/uploads\/2018\/08\/img_rhinoch_2.png&#8221; _builder_version=&#8221;3.5.1&#8243; custom_margin=&#8221;0px||0px|&#8221; custom_padding=&#8221;0px||0px|&#8221;][\/et_pb_image][\/et_pb_column][et_pb_column type=&#8221;1_2&#8243; _builder_version=&#8221;3.0.47&#8243; parallax=&#8221;off&#8221; parallax_method=&#8221;on&#8221;][et_pb_text _builder_version=&#8221;3.5.1&#8243; header_line_height=&#8221;3em&#8221; custom_padding=&#8221;60px|||&#8221;]<\/p>\n<h3><\/h3>\n<h3 style=\"font-weight: 400; line-height: 1.4em; text-align: center;\" class=\"translation-block\">Our solutions are <span style=\"color: #f4510e\"><strong>added to your central systems <\/strong><\/span>and allow for the <span style=\"color: #f4510e\"><strong>automation of manual processes<\/strong><\/span>, improving the reaction time and<span style=\"color: #f4510e\"><strong> centralizing your customers\u2019 key information<\/strong><\/span>.<\/h3>\n<p>[\/et_pb_text][\/et_pb_column][\/et_pb_row][\/et_pb_section][et_pb_section fb_built=&#8221;1&#8243; _builder_version=&#8221;3.5.1&#8243; background_color=&#8221;#ecebe0&#8243; top_divider_style=&#8221;arrow2&#8243; top_divider_color=&#8221;#f4510e&#8221;][et_pb_row custom_margin=&#8221;70px|||&#8221; _builder_version=&#8221;3.5.1&#8243;][et_pb_column type=&#8221;4_4&#8243; _builder_version=&#8221;3.0.47&#8243; parallax=&#8221;off&#8221; parallax_method=&#8221;on&#8221;][et_pb_text _builder_version=&#8221;3.5.1&#8243;]<\/p>\n<h2 style=\"text-align: center;\" class=\"translation-block\">A solution <span style=\"color: #f4510e\">for every sector<\/strong><\/span><\/h2>\n<p>[\/et_pb_text][et_pb_text _builder_version=&#8221;3.5.1&#8243; max_width=&#8221;75%&#8221; module_alignment=&#8221;center&#8221;]<\/p>\n<p style=\"text-align: center; font-weight: 400;\" class=\"translation-block\">At <strong>Rhino Systems<\/strong> we believe in specializing by areas and working in conjunction with the best. This is why we have chosen to work with <strong>Microsoft\u2019s CRM solution<\/strong> by developing solutions on the <strong>Microsoft Dynamics 365<\/strong> for the following sectors:<\/p>\n<p>[\/et_pb_text][\/et_pb_column][\/et_pb_row][et_pb_row custom_padding=&#8221;0px||0px|&#8221; custom_margin=&#8221;0px||30px|&#8221; background_color_1=&#8221;#ffffff&#8221; background_color_2=&#8221;#ffffff&#8221; padding_right_1=&#8221;20px&#8221; padding_left_1=&#8221;20px&#8221; _builder_version=&#8221;3.5.1&#8243; background_color=&#8221;#ffffff&#8221;][et_pb_column type=&#8221;2_3&#8243; _builder_version=&#8221;3.0.47&#8243; padding_left=&#8221;20px&#8221; padding_right=&#8221;20px&#8221; background_color=&#8221;#ffffff&#8221; parallax=&#8221;off&#8221; parallax_method=&#8221;on&#8221;][et_pb_text _builder_version=&#8221;3.5.1&#8243; background_color=&#8221;#ffffff&#8221; custom_padding=&#8221;60px|50px|10px|50px&#8221;]<\/p>\n<h4>Rhino Financial Services Framework<\/h4>\n<p>With Rhino Financial Services Framework you will be able to monitor your products and services, such as credit, investments and insurance. Having your information digitized for your clients will enable you to offer new personalized services. Management and sales will have an easier time visualizing and monitoring the achievement of goals.<\/p>\n<p>[\/et_pb_text][et_pb_button button_url=&#8221;\/financial-services-framework\/&#8221; button_text=&#8221;Ver m\u00e1s&#8221; button_alignment=&#8221;center&#8221; admin_label=&#8221;Boton naranja&#8221; _builder_version=&#8221;3.5.1&#8243; custom_button=&#8221;on&#8221; button_text_size=&#8221;16&#8243; button_text_color=&#8221;#ffffff&#8221; button_bg_color=&#8221;#f4510e&#8221; button_border_radius=&#8221;8&#8243; button_icon=&#8221;%%24%%&#8221; button_on_hover=&#8221;off&#8221; button_bg_color_hover=&#8221;#f2652b&#8221; custom_margin=&#8221;6px||6px|&#8221; animation_style=&#8221;fade&#8221;][\/et_pb_button][\/et_pb_column][et_pb_column type=&#8221;1_3&#8243; _builder_version=&#8221;3.0.47&#8243; background_color=&#8221;#ffffff&#8221; parallax=&#8221;off&#8221; parallax_method=&#8221;on&#8221;][et_pb_image src=&#8221;https:\/\/rhino.systems\/wp-content\/uploads\/2018\/06\/acceso_rhino.png&#8221; disabled_on=&#8221;off||&#8221; _builder_version=&#8221;3.5.1&#8243;][\/et_pb_image][\/et_pb_column][\/et_pb_row][et_pb_row custom_padding=&#8221;0px||0px|&#8221; custom_margin=&#8221;0px||30px|&#8221; background_color_1=&#8221;#ffffff&#8221; background_color_2=&#8221;#ffffff&#8221; padding_right_2=&#8221;20px&#8221; padding_left_2=&#8221;20px&#8221; _builder_version=&#8221;3.5.1&#8243; background_color=&#8221;#ffffff&#8221;][et_pb_column type=&#8221;1_3&#8243; _builder_version=&#8221;3.0.47&#8243; background_color=&#8221;#ffffff&#8221; parallax=&#8221;off&#8221; parallax_method=&#8221;on&#8221;][et_pb_image src=&#8221;https:\/\/rhino.systems\/wp-content\/uploads\/2018\/06\/acceso_rhino2.png&#8221; disabled_on=&#8221;off||&#8221; _builder_version=&#8221;3.5.1&#8243;][\/et_pb_image][\/et_pb_column][et_pb_column type=&#8221;2_3&#8243; _builder_version=&#8221;3.0.47&#8243; padding_left=&#8221;20px&#8221; padding_right=&#8221;20px&#8221; background_color=&#8221;#ffffff&#8221; parallax=&#8221;off&#8221; parallax_method=&#8221;on&#8221;][et_pb_text _builder_version=&#8221;3.5.1&#8243; background_color=&#8221;#ffffff&#8221; custom_padding=&#8221;60px|50px|10px|50px&#8221;]<\/p>\n<h4>Rhino Educational Services Framework<\/h4>\n<p>Young people are the first agents of change, and every day they demand better services in education. With Rhino Educational Services Framework you will get a set of tools that makes customer acquisition and support easier during the admissions process, modules and services that will allow you to work alongside the student and prevent desertion, amongst other services.<\/p>\n<p>[\/et_pb_text][et_pb_button button_url=&#8221;\/rhino-educational-services-framework\/&#8221; button_text=&#8221;Ver m\u00e1s&#8221; button_alignment=&#8221;center&#8221; admin_label=&#8221;Boton naranja&#8221; _builder_version=&#8221;3.5.1&#8243; custom_button=&#8221;on&#8221; button_text_size=&#8221;16&#8243; button_text_color=&#8221;#ffffff&#8221; button_bg_color=&#8221;#f4510e&#8221; button_border_radius=&#8221;8&#8243; button_icon=&#8221;%%24%%&#8221; button_on_hover=&#8221;off&#8221; button_bg_color_hover=&#8221;#f2652b&#8221; custom_margin=&#8221;6px||6px|&#8221; animation_style=&#8221;fade&#8221;][\/et_pb_button][\/et_pb_column][\/et_pb_row][et_pb_row custom_padding=&#8221;0px||0px|&#8221; custom_margin=&#8221;0px||30px|&#8221; background_color_1=&#8221;#ffffff&#8221; background_color_2=&#8221;#ffffff&#8221; padding_right_1=&#8221;20px&#8221; padding_left_1=&#8221;20px&#8221; _builder_version=&#8221;3.5.1&#8243; background_color=&#8221;#ffffff&#8221;][et_pb_column type=&#8221;2_3&#8243; _builder_version=&#8221;3.0.47&#8243; padding_left=&#8221;20px&#8221; padding_right=&#8221;20px&#8221; background_color=&#8221;#ffffff&#8221; parallax=&#8221;off&#8221; parallax_method=&#8221;on&#8221;][et_pb_text _builder_version=&#8221;3.5.1&#8243; background_color=&#8221;#ffffff&#8221; custom_padding=&#8221;60px|50px|10px|50px&#8221;]<\/p>\n<h4>Rhino Marketing &amp; Data<\/h4>\n<p>With Rhino Marketing &amp; Data you can get to know your customers better and improve the efficiency of your digital campaigns. Our services and solutions will allow you to listen, analyze, measure and monitor your customers and their relationship with your brand, as well as detecting opportunities and monitoring the competition.<\/p>\n<p>[\/et_pb_text][et_pb_button button_url=&#8221;\/rhino-marketing-data\/&#8221; button_text=&#8221;Ver m\u00e1s&#8221; button_alignment=&#8221;center&#8221; admin_label=&#8221;Boton naranja&#8221; _builder_version=&#8221;3.5.1&#8243; custom_button=&#8221;on&#8221; button_text_size=&#8221;16&#8243; button_text_color=&#8221;#ffffff&#8221; button_bg_color=&#8221;#f4510e&#8221; button_border_radius=&#8221;8&#8243; button_icon=&#8221;%%24%%&#8221; button_on_hover=&#8221;off&#8221; button_bg_color_hover=&#8221;#f2652b&#8221; custom_margin=&#8221;6px||6px|&#8221; animation_style=&#8221;fade&#8221;][\/et_pb_button][\/et_pb_column][et_pb_column type=&#8221;1_3&#8243; _builder_version=&#8221;3.0.47&#8243; background_color=&#8221;#ffffff&#8221; parallax=&#8221;off&#8221; parallax_method=&#8221;on&#8221;][et_pb_image src=&#8221;https:\/\/rhino.systems\/wp-content\/uploads\/2018\/06\/acceso_rhino3-1.png&#8221; disabled_on=&#8221;off||&#8221; _builder_version=&#8221;3.5.1&#8243;][\/et_pb_image][\/et_pb_column][\/et_pb_row][et_pb_row custom_padding=&#8221;0px||0px|&#8221; custom_margin=&#8221;0px||30px|&#8221; background_color_1=&#8221;#ffffff&#8221; background_color_2=&#8221;#ffffff&#8221; padding_right_2=&#8221;20px&#8221; padding_left_2=&#8221;20px&#8221; _builder_version=&#8221;3.5.1&#8243; background_color=&#8221;#ffffff&#8221;][et_pb_column type=&#8221;1_3&#8243; _builder_version=&#8221;3.0.47&#8243; background_color=&#8221;#ffffff&#8221; parallax=&#8221;off&#8221; parallax_method=&#8221;on&#8221;][et_pb_image src=&#8221;https:\/\/rhino.systems\/wp-content\/uploads\/2018\/06\/acceso_4-1.png&#8221; disabled_on=&#8221;off||&#8221; _builder_version=&#8221;3.5.1&#8243;][\/et_pb_image][\/et_pb_column][et_pb_column type=&#8221;2_3&#8243; _builder_version=&#8221;3.0.47&#8243; padding_left=&#8221;20px&#8221; padding_right=&#8221;20px&#8221; background_color=&#8221;#ffffff&#8221; parallax=&#8221;off&#8221; parallax_method=&#8221;on&#8221;][et_pb_text _builder_version=&#8221;3.5.1&#8243; background_color=&#8221;#ffffff&#8221; custom_padding=&#8221;60px|50px|10px|50px&#8221;]<\/p>\n<h4>Rhino Software Factory<\/h4>\n<p>We have focused in creating a software factory that allows us to implement agile methodologies to have a better quality control in the solutions we develop.<br \/>\n[\/et_pb_text][et_pb_button button_url=&#8221;\/rhino-fabrica-de-software\/&#8221; button_text=&#8221;Ver m\u00e1s&#8221; button_alignment=&#8221;center&#8221; admin_label=&#8221;Boton naranja&#8221; _builder_version=&#8221;3.5.1&#8243; custom_button=&#8221;on&#8221; button_text_size=&#8221;16&#8243; button_text_color=&#8221;#ffffff&#8221; button_bg_color=&#8221;#f4510e&#8221; button_border_radius=&#8221;8&#8243; button_icon=&#8221;%%24%%&#8221; button_on_hover=&#8221;off&#8221; button_bg_color_hover=&#8221;#f2652b&#8221; custom_margin=&#8221;6px||6px|&#8221; animation_style=&#8221;fade&#8221;][\/et_pb_button][\/et_pb_column][\/et_pb_row][\/et_pb_section][et_pb_section fb_built=&#8221;1&#8243; _builder_version=&#8221;3.0.47&#8243;][et_pb_row _builder_version=&#8221;3.0.47&#8243; background_size=&#8221;initial&#8221; background_position=&#8221;top_left&#8221; background_repeat=&#8221;repeat&#8221;][et_pb_column type=&#8221;1_2&#8243; _builder_version=&#8221;3.0.47&#8243; parallax=&#8221;off&#8221; parallax_method=&#8221;on&#8221;][et_pb_text _builder_version=&#8221;3.5.1&#8243; header_line_height=&#8221;3em&#8221;]<\/p>\n<h3 style=\"font-weight: 400; line-height: 1.4em; text-align: center;\"><\/h3>\n<h3 style=\"font-weight: 400; line-height: 1.4em; text-align: center;\"><span style=\"color: #f4510e;\"><strong>\u00a0<\/strong><\/span><\/h3>\n<h3 style=\"font-weight: 400; line-height: 1.4em; text-align: center;\" class=\"translation-block\"><span style=\"color: #f4510e\"><strong>We associate with the best<\/strong><\/span>, we are <strong>specialized<\/strong> in different sectors to bring you <strong>intelligent solutions<\/strong> that promote your<span style=\"color: #f4510e\"><strong> business growth<\/strong><\/span>.<\/h3>\n<p>[\/et_pb_text][\/et_pb_column][et_pb_column type=&#8221;1_2&#8243; _builder_version=&#8221;3.0.47&#8243; parallax=&#8221;off&#8221; parallax_method=&#8221;on&#8221;][et_pb_image src=&#8221;https:\/\/rhino.systems\/wp-content\/uploads\/2018\/06\/logo_microsoft_dynamics.png&#8221; _builder_version=&#8221;3.5.1&#8243;][\/et_pb_image][et_pb_text _builder_version=&#8221;3.5.1&#8243;]Microsoft, principal fabricante de software a nivel mundial, ha sido pieza clave en nuestro crecimiento. En Rhino Systems hemos trabajado para pertenecer a su c\u00edrculo de proveedores con las m\u00e1s altas certificaciones y calificaciones que otorgan. Nuestra alianza de negocios con Microsoft nos ha permitido entregar la mejor soluci\u00f3n de CRM a nuestros clientes.<br \/>\n[\/et_pb_text][et_pb_button button_url=&#8221;\/project\/microsoft\/&#8221; button_text=&#8221;Ver m\u00e1s&#8221; button_alignment=&#8221;center&#8221; admin_label=&#8221;Boton azul&#8221; _builder_version=&#8221;3.5.1&#8243; custom_button=&#8221;on&#8221; button_text_size=&#8221;16&#8243; button_text_color=&#8221;#ffffff&#8221; button_bg_color=&#8221;#00a4ef&#8221; button_border_radius=&#8221;8&#8243; button_icon=&#8221;%%24%%&#8221; button_on_hover=&#8221;off&#8221; button_bg_color_hover=&#8221;#2fb2ef&#8221; custom_margin=&#8221;6px||6px|&#8221; animation_style=&#8221;fade&#8221; global_module=&#8221;264&#8243; saved_tabs=&#8221;all&#8221;][\/et_pb_button][\/et_pb_column][\/et_pb_row][\/et_pb_section][et_pb_section fb_built=&#8221;1&#8243; _builder_version=&#8221;3.5.1&#8243; background_color=&#8221;#f4510e&#8221; global_module=&#8221;712&#8243;][et_pb_row custom_padding=&#8221;0px||0px|&#8221; custom_margin=&#8221;0px||0px|&#8221; _builder_version=&#8221;3.5.1&#8243; background_size=&#8221;initial&#8221; background_position=&#8221;top_left&#8221; background_repeat=&#8221;repeat&#8221;][et_pb_column type=&#8221;4_4&#8243; _builder_version=&#8221;3.0.47&#8243; parallax=&#8221;off&#8221; parallax_method=&#8221;on&#8221;][et_pb_cta button_url=&#8221;\/rhino\/contacto\/&#8221; button_text=&#8221;Cont\u00e1ctanos aqu\u00ed&#8221; _builder_version=&#8221;3.5.1&#8243; background_color=&#8221;#f4510e&#8221; custom_button=&#8221;on&#8221; button_text_size=&#8221;16&#8243; button_text_color=&#8221;#ffffff&#8221; button_bg_color=&#8221;#000000&#8243; button_border_color=&#8221;#000000&#8243; button_border_radius=&#8221;8&#8243; button_icon=&#8221;%%24%%&#8221; button_on_hover=&#8221;off&#8221; button_bg_color_hover=&#8221;#494949&#8243; button_alignment=&#8221;center&#8221; custom_margin=&#8221;6px||6px|&#8221;]<\/p>\n<h3 style=\"text-align: center; font-weight: 400;\" class=\"translation-block\">If you want to know more about what we can do for <strong>your project<\/strong><\/h3>\n<p>[\/et_pb_cta][\/et_pb_column][\/et_pb_row][\/et_pb_section]<\/p>","protected":false},"excerpt":{"rendered":"<p>Nuestras Soluciones En Rhino Systems desarrollamos e implementamos soluciones seguras en la nube que te permiten obtener una visi\u00f3n completa de tu empresa o instituci\u00f3n a trav\u00e9s de Frameworks desarrollados para sectores claves que integran, en una visi\u00f3n de 360, la gesti\u00f3n de las relaciones con los clientes, flujos de trabajo y reportes completos de [&hellip;]<\/p>","protected":false},"author":1,"featured_media":0,"parent":0,"menu_order":3,"comment_status":"closed","ping_status":"closed","template":"","meta":{"_et_pb_use_builder":"on","_et_pb_old_content":"","_et_gb_content_width":"","footnotes":""},"class_list":["post-8","page","type-page","status-publish","hentry"],"_links":{"self":[{"href":"https:\/\/rhino.systems\/en\/wp-json\/wp\/v2\/pages\/8"}],"collection":[{"href":"https:\/\/rhino.systems\/en\/wp-json\/wp\/v2\/pages"}],"about":[{"href":"https:\/\/rhino.systems\/en\/wp-json\/wp\/v2\/types\/page"}],"author":[{"embeddable":true,"href":"https:\/\/rhino.systems\/en\/wp-json\/wp\/v2\/users\/1"}],"replies":[{"embeddable":true,"href":"https:\/\/rhino.systems\/en\/wp-json\/wp\/v2\/comments?post=8"}],"version-history":[{"count":0,"href":"https:\/\/rhino.systems\/en\/wp-json\/wp\/v2\/pages\/8\/revisions"}],"wp:attachment":[{"href":"https:\/\/rhino.systems\/en\/wp-json\/wp\/v2\/media?parent=8"}],"curies":[{"name":"wp","href":"https:\/\/api.w.org\/{rel}","templated":true}]}}