{"id":780,"date":"2018-06-15T20:04:49","date_gmt":"2018-06-15T20:04:49","guid":{"rendered":"https:\/\/rhino.systems\/?page_id=780"},"modified":"2019-07-22T19:55:16","modified_gmt":"2019-07-22T19:55:16","slug":"creatividad-y-data","status":"publish","type":"page","link":"https:\/\/rhino.systems\/en\/solutions\/rhino-marketing-data\/creativity-and-data\/","title":{"rendered":"Creativity and Data"},"content":{"rendered":"<p>[et_pb_section bb_built=&#8221;1&#8243; fullwidth=&#8221;on&#8221; _builder_version=&#8221;3.5.1&#8243; background_color=&#8221;#fbbf2d&#8221; next_background_color=&#8221;#ffffff&#8221;][et_pb_fullwidth_slider _builder_version=&#8221;3.5.1&#8243;][et_pb_slide image=&#8221;https:\/\/rhino.systems\/wp-content\/uploads\/2018\/06\/soluciones_mkt.png&#8221; use_bg_overlay=&#8221;off&#8221; use_text_overlay=&#8221;off&#8221; _builder_version=&#8221;3.5.1&#8243; body_text_align=&#8221;center&#8221; body_font_size=&#8221;32&#8243; body_font_size_tablet=&#8221;28&#8243; body_font_size_phone=&#8221;26&#8243; body_font_size_last_edited=&#8221;on|desktop&#8221; background_color=&#8221;#fbbf2d&#8221; background_image=&#8221;https:\/\/rhino.systems\/wp-content\/uploads\/2018\/08\/header_marketing3.png&#8221; button_on_hover=&#8221;on&#8221;]<\/p>\n<p style=\"text-align: center;\">Creativity &amp; Data<\/p>\n<p>[\/et_pb_slide][\/et_pb_fullwidth_slider][et_pb_fullwidth_menu menu_id=&#8221;9&#8243; submenu_direction=&#8221;downwards&#8221; fullwidth_menu=&#8221;off&#8221; _builder_version=&#8221;3.5.1&#8243; menu_font=&#8221;|600|||||||&#8221; background_color=&#8221;#7b5800&#8243; text_orientation=&#8221;center&#8221; background_layout=&#8221;dark&#8221;]<br \/>\n[\/et_pb_fullwidth_menu][\/et_pb_section][et_pb_section bb_built=&#8221;1&#8243; _builder_version=&#8221;3.0.47&#8243; prev_background_color=&#8221;#fbbf2d&#8221; next_background_color=&#8221;#e1a000&#8243;][et_pb_row _builder_version=&#8221;3.0.47&#8243; background_size=&#8221;initial&#8221; background_position=&#8221;top_left&#8221; background_repeat=&#8221;repeat&#8221;][et_pb_column type=&#8221;4_4&#8243;][et_pb_text _builder_version=&#8221;3.5.1&#8243; background_size=&#8221;initial&#8221; background_position=&#8221;top_left&#8221; background_repeat=&#8221;repeat&#8221; max_width=&#8221;70%&#8221; module_alignment=&#8221;center&#8221;]<\/p>\n<p>Rhino Marketing &amp; Data We are experts in digital marketing and data analysis, our approach is based on the use of technology to listen and understand the market with<strong> the objective of giving you the most important information about your clients for the creation and implementation of the best marketing strategy for your company.<\/strong><\/p>\n<p>[\/et_pb_text][\/et_pb_column][\/et_pb_row][\/et_pb_section][et_pb_section bb_built=&#8221;1&#8243; _builder_version=&#8221;3.5.1&#8243; background_color=&#8221;#e1a000&#8243; custom_margin=&#8221;0px||0px|&#8221; custom_padding=&#8221;30px||30px|&#8221; prev_background_color=&#8221;#ffffff&#8221; next_background_color=&#8221;#ffffff&#8221;][et_pb_row custom_padding=&#8221;0px||0px|&#8221; custom_margin=&#8221;0px||0px|&#8221; _builder_version=&#8221;3.5.1&#8243;][et_pb_column type=&#8221;4_4&#8243;][et_pb_text admin_label=&#8221;Frase &#8221; _builder_version=&#8221;3.5.1&#8243; text_font_size=&#8221;22px&#8221; header_text_color=&#8221;#ffffff&#8221; background_layout=&#8221;dark&#8221;]<\/p>\n<p style=\"text-align: center;\"><strong>We complement<\/strong> your creative team so that with <strong>Data and Analysis<\/strong> they can achieve the best results<\/p>\n<p>[\/et_pb_text][\/et_pb_column][\/et_pb_row][\/et_pb_section][et_pb_section bb_built=&#8221;1&#8243; _builder_version=&#8221;3.5.1&#8243; prev_background_color=&#8221;#e1a000&#8243; next_background_color=&#8221;#e1a000&#8243;][et_pb_row _builder_version=&#8221;3.5.1&#8243; background_size=&#8221;initial&#8221; background_position=&#8221;top_left&#8221; background_repeat=&#8221;repeat&#8221;][et_pb_column type=&#8221;4_4&#8243;][et_pb_text _builder_version=&#8221;3.5.1&#8243; header_line_height=&#8221;2em&#8221; max_width=&#8221;80%&#8221; module_alignment=&#8221;center&#8221;]<\/p>\n<h3 style=\"text-align: center; font-weight: 400; line-height: 1.4em;\">We are an experimented team focused on <span style=\"color: #f95d11;\"><strong>adding up the strengths of digital marketing with information technology.<\/strong><\/span><\/h3>\n<p>[\/et_pb_text][\/et_pb_column][\/et_pb_row][et_pb_row _builder_version=&rdquo;3.0.47&Prime; background_size=&rdquo;initial&rdquo; background_position=&rdquo;top_left&rdquo; background_repeat=&rdquo;repeat&rdquo;][et_pb_column type=&rdquo;4_4&Prime;][et_pb_code _builder_version=&rdquo;3.5.1&Prime; text_orientation=&rdquo;center&rdquo; saved_tabs=&rdquo;all&rdquo;]&lt;!&ndash; [et_pb_line_break_holder] &ndash;&gt;&lt;!&ndash; [et_pb_line_break_holder] &ndash;&gt;&lt;img src=&quot;&rdquo;https:\/\/rhino.systems\/wp-content\/uploads\/2019\/03\/grafica_mkt_rhinoEn.png&rdquo;&quot; align=&quot;&rdquo;center&rdquo;&quot; width=&quot;&rdquo;800px&rdquo;&quot; \/&gt;&lt;!&ndash; [et_pb_line_break_holder] &ndash;&gt;[\/et_pb_code][\/et_pb_column][\/et_pb_row][\/et_pb_section][et_pb_section bb_built=&rdquo;1&Prime; _builder_version=&rdquo;3.5.1&Prime; background_color=&rdquo;#e1a000&Prime; custom_margin=&rdquo;0px||0px|&rdquo; custom_padding=&rdquo;30px||30px|&rdquo; prev_background_color=&rdquo;#ffffff&rdquo; next_background_color=&rdquo;#ffffff&rdquo;][et_pb_row custom_padding=&rdquo;0px||0px|&rdquo; custom_margin=&rdquo;0px||0px|&rdquo; _builder_version=&rdquo;3.5.1&Prime;][et_pb_column type=&rdquo;4_4&Prime;][et_pb_text admin_label=&rdquo;Frase &rdquo; _builder_version=&rdquo;3.5.1&Prime; text_font_size=&rdquo;22px&rdquo; header_text_color=&rdquo;#ffffff&rdquo; background_layout=&rdquo;dark&rdquo;]<\/p>\n<p style=\"text-align: center;\"><strong>Our focus for<\/strong> generating value<\/p>\n<p>[\/et_pb_text][\/et_pb_column][\/et_pb_row][\/et_pb_section][et_pb_section bb_built=&#8221;1&#8243; _builder_version=&#8221;3.0.47&#8243; prev_background_color=&#8221;#e1a000&#8243; next_background_color=&#8221;#000000&#8243;][et_pb_row _builder_version=&#8221;3.0.47&#8243; background_size=&#8221;initial&#8221; background_position=&#8221;top_left&#8221; background_repeat=&#8221;repeat&#8221;][et_pb_column type=&#8221;4_4&#8243;][et_pb_text _builder_version=&#8221;3.5.1&#8243; header_line_height=&#8221;2em&#8221; max_width=&#8221;80%&#8221; module_alignment=&#8221;center&#8221;]<\/p>\n<h3 style=\"text-align: center; font-weight: 400; line-height: 1.4em;\">We create value by combining specialized capabilities in <span style=\"color: #f95d11;\"><strong> marketing, cutting-edge technology, and objectivity <\/strong><\/span> in our recommendations.<\/h3>\n<p>[\/et_pb_text][\/et_pb_column][\/et_pb_row][et_pb_row _builder_version=&#8221;3.0.47&#8243; background_size=&#8221;initial&#8221; background_position=&#8221;top_left&#8221; background_repeat=&#8221;repeat&#8221;][et_pb_column type=&#8221;1_3&#8243;][et_pb_text _builder_version=&#8221;3.5.1&#8243;]<\/p>\n<h4 style=\"text-align: center;\"><img loading=\"lazy\" decoding=\"async\" class=\"alignnone wp-image-1012\" src=\"https:\/\/rhino.systems\/wp-content\/uploads\/2018\/06\/icono_mkt_tecnologia.png\" alt=\"\" width=\"140\" height=\"117\" \/><\/h4>\n<h4 style=\"text-align: center;\">Cutting-edge technology<\/h4>\n<ul>\n<li>Leverage of Microsoft Dynamics Marketing.<\/li>\n<li>Text mining.<\/li>\n<li>Deep knowledge of the tools available for each social network.<\/li>\n<\/ul>\n<p>[\/et_pb_text][\/et_pb_column][et_pb_column type=&#8221;1_3&#8243;][et_pb_text _builder_version=&#8221;3.5.1&#8243;]<\/p>\n<h4 style=\"text-align: center;\"><img loading=\"lazy\" decoding=\"async\" class=\"alignnone wp-image-1013\" src=\"https:\/\/rhino.systems\/wp-content\/uploads\/2018\/06\/icono_mkt_capacidades.png\" alt=\"\" width=\"140\" height=\"117\" \/><\/h4>\n<h4 style=\"text-align: center;\">Specialized capabilities<\/h4>\n<ul>\n<li>Experience in listening to social networks<\/li>\n<li>Development of custom made analyses of the situation of your business.<\/li>\n<li>Very successful results with one of the most valuable brands in the market.<\/li>\n<\/ul>\n<p>[\/et_pb_text][\/et_pb_column][et_pb_column type=&#8221;1_3&#8243;][et_pb_text _builder_version=&#8221;3.5.1&#8243;]<\/p>\n<h4 style=\"text-align: center;\"><img loading=\"lazy\" decoding=\"async\" class=\"alignnone wp-image-1014\" src=\"https:\/\/rhino.systems\/wp-content\/uploads\/2018\/06\/icono_mkt_independencia.png\" alt=\"\" width=\"140\" height=\"117\" \/><\/h4>\n<h4 style=\"text-align: center;\">Independence of opinion<\/h4>\n<ul>\n<li>\u00a0Focus on monitoring and analysis to avoid conflict of interest with content generation.<\/li>\n<li>Custom made analyses for every business situation to guarantee added value.<\/li>\n<\/ul>\n<p>[\/et_pb_text][\/et_pb_column][\/et_pb_row][\/et_pb_section][et_pb_section bb_built=&#8221;1&#8243; fullwidth=&#8221;on&#8221; _builder_version=&#8221;3.5.1&#8243; prev_background_color=&#8221;#000000&#8243; next_background_color=&#8221;#000000&#8243;][et_pb_fullwidth_slider _builder_version=&#8221;3.5.1&#8243;][et_pb_slide use_bg_overlay=&#8221;off&#8221; use_text_overlay=&#8221;off&#8221; _builder_version=&#8221;3.5.1&#8243; background_color=&#8221;#e0e0e0&#8243; background_image=&#8221;https:\/\/rhino.systems\/wp-content\/uploads\/2018\/08\/fondo_team_1.png&#8221; parallax=&#8221;on&#8221; button_on_hover=&#8221;on&#8221;]<\/p>\n<h2 style=\"text-align: center; font-weight: 100; line-height: 1.4em;\"><strong>Rhino Marketing &amp; Data<\/strong><br \/>\nexperts in data and digital marketing<\/h2>\n<p>[\/et_pb_slide][\/et_pb_fullwidth_slider][\/et_pb_section][et_pb_section bb_built=&#8221;1&#8243; _builder_version=&#8221;3.5.1&#8243; prev_background_color=&#8221;#000000&#8243; next_background_color=&#8221;#d79900&#8243;][et_pb_row _builder_version=&#8221;3.0.47&#8243; background_size=&#8221;initial&#8221; background_position=&#8221;top_left&#8221; background_repeat=&#8221;repeat&#8221;][et_pb_column type=&#8221;2_3&#8243;][et_pb_text _builder_version=&#8221;3.5.1&#8243;]<\/p>\n<h2>Our team<\/h2>\n<p style=\"font-weight: 400;\">At <strong>Rhino Marketing &amp; Data<\/strong> we have assembled a team of experts with the aim of covering the entire cycle of a digital campaign for which we have <em>digital marketing strategies<\/em>, <em>data specialists<\/em>, <em>digital marketing and data analysis consultant<\/em>, <em>functional advisors<\/em>, amongst others.<\/p>\n<p>[\/et_pb_text][\/et_pb_column][et_pb_column type=&#8221;1_3&#8243;][et_pb_button button_url=&#8221;\/rhino\/acerca-de-rhino\/&#8221; button_text=&#8221;M\u00e1s acerca de Rhino&#8221; button_alignment=&#8221;center&#8221; _builder_version=&#8221;3.5.1&#8243; custom_button=&#8221;on&#8221; button_text_size=&#8221;18&#8243; button_text_color=&#8221;#ffffff&#8221; button_bg_color=&#8221;#f4510e&#8221; button_border_radius=&#8221;8&#8243; button_icon=&#8221;%%24%%&#8221; button_on_hover=&#8221;off&#8221; button_bg_color_hover=&#8221;#f2652b&#8221; custom_margin=&#8221;60px||6px|&#8221; animation_style=&#8221;fade&#8221;]<br \/>\n[\/et_pb_button][\/et_pb_column][\/et_pb_row][\/et_pb_section][et_pb_section bb_built=&#8221;1&#8243; specialty=&#8221;off&#8221; _builder_version=&#8221;3.5.1&#8243; background_color=&#8221;#d79900&#8243; custom_margin=&#8221;0px||0px|&#8221; prev_background_color=&#8221;#ffffff&#8221; global_module=&#8221;1172&#8243;][et_pb_row global_parent=&#8221;1172&#8243; _builder_version=&#8221;3.5.1&#8243; custom_margin=&#8221;0px||0px|&#8221; background_position=&#8221;top_left&#8221; background_repeat=&#8221;repeat&#8221; background_size=&#8221;initial&#8221;][et_pb_column type=&#8221;4_4&#8243;][et_pb_cta global_parent=&#8221;1172&#8243; _builder_version=&#8221;3.5.1&#8243; button_text=&#8221;Cont\u00e1ctanos ahora&#8221; background_color=&#8221;#d79900&#8243; custom_margin=&#8221;0px||0px|&#8221; button_url=&#8221;\/rhino\/contacto\/&#8221; header_font=&#8221;|300|||||||&#8221; header_font_size=&#8221;22&#8243; body_font=&#8221;|300|||||||&#8221; header_level=&#8221;h3&#8243; custom_padding=&#8221;0px||0px|&#8221; custom_button=&#8221;on&#8221; button_text_color=&#8221;#ffffff&#8221; button_bg_color=&#8221;#f4510e&#8221;]<\/p>\n<h3 style=\"text-align: center; font-weight: 100; line-height: 1.4em;\" class=\"translation-block\">Would you like to know more about<strong> Rhino Marketing &amp; Data<\/strong>?<\/h3>\n<p>[\/et_pb_cta][\/et_pb_column][\/et_pb_row][\/et_pb_section]<\/p>","protected":false},"excerpt":{"rendered":"<p>Creatividad &amp; Data Somos expertos en Marketing digital y an\u00e1lisis de datos, nuestro enfoque est\u00e1 basado en el uso de la tecnolog\u00eda para escuchar y entender el mercado con el objetivo de que tengas la informaci\u00f3n m\u00e1s importante de tus clientes para la creaci\u00f3n y realizaci\u00f3n de la mejor estrategia de marketing para tu empresa. [&hellip;]<\/p>","protected":false},"author":1,"featured_media":0,"parent":137,"menu_order":0,"comment_status":"closed","ping_status":"closed","template":"","meta":{"_et_pb_use_builder":"on","_et_pb_old_content":"","_et_gb_content_width":"","footnotes":""},"class_list":["post-780","page","type-page","status-publish","hentry"],"_links":{"self":[{"href":"https:\/\/rhino.systems\/en\/wp-json\/wp\/v2\/pages\/780"}],"collection":[{"href":"https:\/\/rhino.systems\/en\/wp-json\/wp\/v2\/pages"}],"about":[{"href":"https:\/\/rhino.systems\/en\/wp-json\/wp\/v2\/types\/page"}],"author":[{"embeddable":true,"href":"https:\/\/rhino.systems\/en\/wp-json\/wp\/v2\/users\/1"}],"replies":[{"embeddable":true,"href":"https:\/\/rhino.systems\/en\/wp-json\/wp\/v2\/comments?post=780"}],"version-history":[{"count":0,"href":"https:\/\/rhino.systems\/en\/wp-json\/wp\/v2\/pages\/780\/revisions"}],"up":[{"embeddable":true,"href":"https:\/\/rhino.systems\/en\/wp-json\/wp\/v2\/pages\/137"}],"wp:attachment":[{"href":"https:\/\/rhino.systems\/en\/wp-json\/wp\/v2\/media?parent=780"}],"curies":[{"name":"wp","href":"https:\/\/api.w.org\/{rel}","templated":true}]}}