{"id":657,"date":"2018-06-14T20:52:30","date_gmt":"2018-06-14T20:52:30","guid":{"rendered":"https:\/\/rhino.systems\/?page_id=657"},"modified":"2019-07-22T19:57:52","modified_gmt":"2019-07-22T19:57:52","slug":"nuestro-equipo","status":"publish","type":"page","link":"https:\/\/rhino.systems\/en\/nosotros\/our-team\/","title":{"rendered":"Our team"},"content":{"rendered":"<p>[et_pb_section bb_built=&#8221;1&#8243; _builder_version=&#8221;3.5.1&#8243; background_color=&#8221;#f4510e&#8221; custom_margin=&#8221;0px||0px|&#8221; custom_padding=&#8221;0px||0px|&#8221; next_background_color=&#8221;#ffffff&#8221;][et_pb_row _builder_version=&#8221;3.5.1&#8243; background_image=&#8221;https:\/\/rhino.systems\/wp-content\/uploads\/2018\/06\/fondo_soluciones.png&#8221; background_position=&#8221;top_left&#8221; background_repeat=&#8221;repeat&#8221;][et_pb_column type=&#8221;4_4&#8243;][et_pb_text _builder_version=&#8221;3.5.1&#8243; background_layout=&#8221;dark&#8221;]<\/p>\n<h1 style=\"text-align: right;\">Our team<\/h1>\n<p>[\/et_pb_text][et_pb_text _builder_version=&#8221;3.5.1&#8243; background_layout=&#8221;dark&#8221; max_width=&#8221;65%&#8221; module_alignment=&#8221;left&#8221;]<\/p>\n<p>At<strong> Rhino Systems<\/strong> we have had a sustained growth since our founding in 2010. Currently we have more than 130 specialized consultants and we have an inclusive policy, bringing on personnel regardless of gender or age, which enriches the expertise in our projects, providing, alongside modern technologies, knowledge of the industry.<\/p>\n<p>&nbsp;<\/p>\n<p>[\/et_pb_text][\/et_pb_column][\/et_pb_row][\/et_pb_section][et_pb_section bb_built=&#8221;1&#8243; _builder_version=&#8221;3.0.47&#8243; prev_background_color=&#8221;#f4510e&#8221; next_background_color=&#8221;#ededed&#8221;][et_pb_row _builder_version=&#8221;3.0.47&#8243; background_size=&#8221;initial&#8221; background_position=&#8221;top_left&#8221; background_repeat=&#8221;repeat&#8221;][et_pb_column type=&#8221;4_4&#8243;][et_pb_text _builder_version=&#8221;3.5.1&#8243; header_line_height=&#8221;3em&#8221;]<\/p>\n<h3 style=\"font-weight: 400; line-height: 1.4em; text-align: left;\">Our <span style=\"color: #f4510e;\"><strong>leaders<\/strong><\/span><\/h3>\n<p>[\/et_pb_text][\/et_pb_column][\/et_pb_row][et_pb_row _builder_version=&#8221;3.0.47&#8243; background_size=&#8221;initial&#8221; background_position=&#8221;top_left&#8221; background_repeat=&#8221;repeat&#8221;][et_pb_column type=&#8221;1_3&#8243;][et_pb_team_member admin_label=&#8221;Miguel Iza&#8221; name=&#8221;Miguel Iza&#8221; position=&#8221;CEO&#8221; image_url=&#8221;https:\/\/rhino.systems\/wp-content\/uploads\/2018\/08\/perfil_miguelIza.png&#8221; linkedin_url=&#8221;https:\/\/www.linkedin.com\/in\/migueliza&#8221; _builder_version=&#8221;3.5.1&#8243;]<\/p>\n<p>Miguel Iza has more than 20 years experience in product marketing and mission critical solution implementation. He worked as General Director of Sales and Solution Implementation for CoreBanking in Latin America for more than 15 years. For more than 7 years he has been founder and CEO of Rhino Systems, a company focused in the implementation of Dynamics 365. Currently his objective as leader of Rhino Systems is to maintain the company's leadership in the region and expand to other markets.<\/p>\n<p>&nbsp;<\/p>\n<p>[\/et_pb_team_member][\/et_pb_column][et_pb_column type=&#8221;1_3&#8243;][et_pb_team_member admin_label=&#8221;Marcelo Marquez&#8221; name=&#8221;Marcelo Marquez&#8221; position=&#8221;Director de Latinoam\u00e9rica &#8221; image_url=&#8221;https:\/\/rhino.systems\/wp-content\/uploads\/2019\/04\/perfil_MarceloMar.png&#8221; linkedin_url=&#8221;https:\/\/www.linkedin.com\/in\/marcelo-marquez&#8221; _builder_version=&#8221;3.5.1&#8243;]<\/p>\n<p>With more than 20 years experience in the\nfinancial sector, Marcelo has worked in the\ndesign and implementation of critical mission solutions. For more than 10 years he worked as Global Director of Banking Industry at Microsoft. For 5 years he was the global leader of Dynamics 365 for the financial sector in the same company. He has been a CIO in Banking for more than 7 years. Currently he is an independent banking counselor. He has been part of Rhino Systems for more than 2 years, and his goal is the growth and expansion of businesses outside of Mexico.<\/p>\n<p>[\/et_pb_team_member][\/et_pb_column][et_pb_column type=&#8221;1_3&#8243;][et_pb_team_member admin_label=&#8221;Jorge S\u00e1nchez&#8221; name=&#8221;Jorge S\u00e1nchez&#8221; position=&#8221;COO&#8221; image_url=&#8221;https:\/\/rhino.systems\/wp-content\/uploads\/2018\/08\/perfil_jorge.png&#8221; linkedin_url=&#8221;https:\/\/www.linkedin.com\/in\/jorge-s%C3%A1nchez-rodr%C3%ADguez-02574136\/&#8221; _builder_version=&#8221;3.5.1&#8243;]<\/p>\n<p>He has more than 11 years experience as a\nleader, and more than 20 years working for tech and operation areas in enterprises in the public and private sectors. He has always been interested in combining technology with a business minded vision. He enjoys challenges and continual growth. At Rhino Systems he is in charge of boosting the company's technical quality, implementing customer service improvements, strengthening and generating a\nstrategy for information technologies amongst other things.<\/p>\n<p>[\/et_pb_team_member][\/et_pb_column][\/et_pb_row][et_pb_row _builder_version=&#8221;3.0.47&#8243; background_size=&#8221;initial&#8221; background_position=&#8221;top_left&#8221; background_repeat=&#8221;repeat&#8221;][et_pb_column type=&#8221;1_3&#8243;][et_pb_team_member admin_label=&#8221;Diana Rojas&#8221; name=&#8221;Diana Rojas&#8221; position=&#8221;Analista de Negocios Master&#8221; image_url=&#8221;https:\/\/rhino.systems\/wp-content\/uploads\/2018\/08\/perfil_diana2.png&#8221; linkedin_url=&#8221;https:\/\/www.linkedin.com\/in\/diana-rojas-esparza-247ab724\/&#8221; _builder_version=&#8221;3.5.1&#8243;]<\/p>\n<p>For more than 13 years she has been focused\non developing CRM strategies, bringing\ntechnological solutions that cover the\noperational, technical and functional needs of companies and institutions in different sectors. She is dynamic, competitive, and interested in continuous learning. At Rhino she is focused in getting the teams to give the best results, she works in problem resolution and in providing solutions to our customers.<\/p>\n<p>[\/et_pb_team_member][\/et_pb_column][et_pb_column type=&#8221;1_3&#8243;][et_pb_team_member admin_label=&#8221;Rub\u00e9n Vergara&#8221; name=&#8221;Rub\u00e9n Vergara&#8221; position=&#8221;Gerente Regional &#8211; Per\u00fa&#8221; image_url=&#8221;https:\/\/rhino.systems\/wp-content\/uploads\/2019\/01\/perfil_Ruben2.png&#8221; linkedin_url=&#8221;https:\/\/www.linkedin.com\/in\/ruben-vergara-224233\/&#8221; _builder_version=&#8221;3.5.1&#8243;]<\/p>\n<p>He has a wide knowledge and extensive experience in the latin American market, focused on creating new opportunities and in the development of new markets. He is an entrepreneur, passionate about CRM, interested in understanding his customers and helping them understand their own customers. Currently he is in charge of developing commercial strategies, detecting opportunities, generating alliances and the growth of Rhino in South America.<\/p>\n<p>[\/et_pb_team_member][\/et_pb_column][et_pb_column type=&#8221;1_3&#8243;][et_pb_team_member admin_label=&#8221;Argelis Noe Torres &#8221; name=&#8221;Argelis Noe Torres &#8221; position=&#8221;Director de Arquitectura \/ Director de Desarrollo&#8221; image_url=&#8221;https:\/\/rhino.systems\/wp-content\/uploads\/2018\/08\/perfil_argelis1.png&#8221; linkedin_url=&#8221;https:\/\/www.linkedin.com\/in\/argelis-noe-torres-cuellar-9a415044\/&#8221; _builder_version=&#8221;3.5.1&#8243;]<\/p>\n<p>His career, which spans more than 12 years, has been focused on solution development and counseling in Microsoft technologies. He is committed, enjoys challenges, and is interested in personal growth. At Rhino Systems he is in charge of keeping up with new technologies, steering and coordinating the development teams so they deliver the best results.<\/p>\n<p>[\/et_pb_team_member][\/et_pb_column][\/et_pb_row][et_pb_row _builder_version=&#8221;3.0.47&#8243; background_size=&#8221;initial&#8221; background_position=&#8221;top_left&#8221; background_repeat=&#8221;repeat&#8221;][et_pb_column type=&#8221;1_3&#8243;][et_pb_team_member admin_label=&#8221;Carolina Due\u00f1as &#8221; name=&#8221;Carolina Due\u00f1as &#8221; position=&#8221;Gerente de Recursos Humanos&#8221; image_url=&#8221;https:\/\/rhino.systems\/wp-content\/uploads\/2018\/08\/perfil_carolina.png&#8221; linkedin_url=&#8221;https:\/\/www.linkedin.com\/in\/carolina-due%C3%B1as-200492\/&#8221; _builder_version=&#8221;3.5.1&#8243;]<\/p>\n<p>She has a degree in pedagogy and a masters in organizational growth. She is in charge of talent development processes. Her main concern is to balance the personnel's effort and results.<br \/>\nAt Rhino Systems she aims at training, organizational development, communication, recruitment and selection.<\/p>\n<p>[\/et_pb_team_member][\/et_pb_column][et_pb_column type=&#8221;1_3&#8243;][\/et_pb_column][et_pb_column type=&#8221;1_3&#8243;][\/et_pb_column][\/et_pb_row][\/et_pb_section][et_pb_section bb_built=&#8221;1&#8243; _builder_version=&#8221;3.5.1&#8243; background_color=&#8221;#ededed&#8221; prev_background_color=&#8221;#ffffff&#8221; next_background_color=&#8221;#f4510e&#8221;][et_pb_row _builder_version=&#8221;3.0.47&#8243; background_size=&#8221;initial&#8221; background_position=&#8221;top_left&#8221; background_repeat=&#8221;repeat&#8221;][et_pb_column type=&#8221;4_4&#8243;][et_pb_text _builder_version=&#8221;3.5.1&#8243; header_line_height=&#8221;3em&#8221;]<\/p>\n<h3 style=\"font-weight: 400; line-height: 1.4em; text-align: left;\">Our <span style=\"color: #f4510e;\"><strong>experts<\/strong><\/span><\/h3>\n<p>[\/et_pb_text][\/et_pb_column][\/et_pb_row][et_pb_row _builder_version=&#8221;3.0.47&#8243; background_size=&#8221;initial&#8221; background_position=&#8221;top_left&#8221; background_repeat=&#8221;repeat&#8221;][et_pb_column type=&#8221;4_4&#8243;][et_pb_text _builder_version=&#8221;3.5.1&#8243;]<\/p>\n<p class=\"translation-block\">At <strong>Rhino Systems <\/strong>we have talents with the <strong>highest professional quality specialized in technology, consulting and design<\/strong>. All our efforts are focused on the specific needs of our customers, for which an interdisciplinary group of people from each of the different areas of expertise of the company is formed by creating an organization with responsibility and authority in customer service.<\/p>\n<p>[\/et_pb_text][\/et_pb_column][\/et_pb_row][\/et_pb_section][et_pb_section bb_built=&#8221;1&#8243; specialty=&#8221;off&#8221; prev_background_color=&#8221;#ededed&#8221; _builder_version=&#8221;3.5.1&#8243; background_color=&#8221;#f4510e&#8221; global_module=&#8221;712&#8243;][et_pb_row global_parent=&#8221;712&#8243; _builder_version=&#8221;3.5.1&#8243; custom_margin=&#8221;0px||0px|&#8221; custom_padding=&#8221;0px||0px|&#8221; background_position=&#8221;top_left&#8221; background_repeat=&#8221;repeat&#8221; background_size=&#8221;initial&#8221;][et_pb_column type=&#8221;4_4&#8243;][et_pb_cta global_parent=&#8221;712&#8243; _builder_version=&#8221;3.5.1&#8243; background_color=&#8221;#f4510e&#8221; button_text=&#8221;Cont\u00e1ctanos aqu\u00ed&#8221; button_url=&#8221;\/rhino\/contacto\/&#8221; custom_button=&#8221;on&#8221; button_text_color=&#8221;#ffffff&#8221; button_bg_color=&#8221;#000000&#8243; button_icon=&#8221;%%24%%&#8221; button_on_hover=&#8221;off&#8221; button_bg_color_hover=&#8221;#494949&#8243; button_alignment=&#8221;center&#8221; button_border_radius=&#8221;8&#8243; custom_margin=&#8221;6px||6px|&#8221; button_text_size=&#8221;16&#8243; button_border_color=&#8221;#000000&#8243;]<\/p>\n<h3 style=\"text-align: center; font-weight: 400;\" class=\"translation-block\">If you want to know more about what we can do for <strong>your project<\/strong><\/h3>\n<p>[\/et_pb_cta][\/et_pb_column][\/et_pb_row][\/et_pb_section]<\/p>","protected":false},"excerpt":{"rendered":"<p>Nuestro Equipo En Rhino Systems hemos tenido un crecimiento sostenido desde su fundaci\u00f3n en el 2010. Actualmente contamos con m\u00e1s de 130 consultores especializados, y manejamos una pol\u00edtica incluyente, integrando personal sin restricciones de g\u00e9nero o de edad, lo que enriquece la experiencia en los proyectos, proveyendo adem\u00e1s de modernas tecnolog\u00edas, conocimiento en la industria. [&hellip;]<\/p>","protected":false},"author":1,"featured_media":0,"parent":10,"menu_order":2,"comment_status":"closed","ping_status":"closed","template":"","meta":{"_et_pb_use_builder":"on","_et_pb_old_content":"","_et_gb_content_width":"","footnotes":""},"class_list":["post-657","page","type-page","status-publish","hentry"],"_links":{"self":[{"href":"https:\/\/rhino.systems\/en\/wp-json\/wp\/v2\/pages\/657"}],"collection":[{"href":"https:\/\/rhino.systems\/en\/wp-json\/wp\/v2\/pages"}],"about":[{"href":"https:\/\/rhino.systems\/en\/wp-json\/wp\/v2\/types\/page"}],"author":[{"embeddable":true,"href":"https:\/\/rhino.systems\/en\/wp-json\/wp\/v2\/users\/1"}],"replies":[{"embeddable":true,"href":"https:\/\/rhino.systems\/en\/wp-json\/wp\/v2\/comments?post=657"}],"version-history":[{"count":0,"href":"https:\/\/rhino.systems\/en\/wp-json\/wp\/v2\/pages\/657\/revisions"}],"up":[{"embeddable":true,"href":"https:\/\/rhino.systems\/en\/wp-json\/wp\/v2\/pages\/10"}],"wp:attachment":[{"href":"https:\/\/rhino.systems\/en\/wp-json\/wp\/v2\/media?parent=657"}],"curies":[{"name":"wp","href":"https:\/\/api.w.org\/{rel}","templated":true}]}}