{"id":52,"date":"2018-06-07T21:06:07","date_gmt":"2018-06-07T21:06:07","guid":{"rendered":"https:\/\/rhino.systems\/?page_id=52"},"modified":"2019-07-22T22:38:55","modified_gmt":"2019-07-22T22:38:55","slug":"alianzas","status":"publish","type":"page","link":"https:\/\/rhino.systems\/en\/alliances\/","title":{"rendered":"Alliances"},"content":{"rendered":"<p>[et_pb_section fb_built=&#8221;1&#8243; _builder_version=&#8221;3.5.1&#8243; background_color=&#8221;#f4510e&#8221; custom_margin=&#8221;0px||0px|&#8221; custom_padding=&#8221;0px||0px|&#8221;][et_pb_row _builder_version=&#8221;3.5.1&#8243; background_image=&#8221;https:\/\/rhino.systems\/wp-content\/uploads\/2018\/06\/fondo_soluciones.png&#8221; background_position=&#8221;top_left&#8221; background_repeat=&#8221;repeat&#8221;][et_pb_column type=&#8221;4_4&#8243; _builder_version=&#8221;3.0.47&#8243; parallax=&#8221;off&#8221; parallax_method=&#8221;on&#8221;][et_pb_text _builder_version=&#8221;3.5.1&#8243; background_layout=&#8221;dark&#8221;]<\/p>\n<h1 style=\"text-align: right;\">Partners and alliances<\/h1>\n<p>[\/et_pb_text][et_pb_text _builder_version=&#8221;3.5.1&#8243; background_layout=&#8221;dark&#8221; max_width=&#8221;65%&#8221; module_alignment=&#8221;left&#8221;]<\/p>\n<p>The high level of competitiveness in the market to which we cater requests that we form alliances with strategic partners who allow us to combine competitive advantages and be more productive, agile, and efficient in our solutions.<\/p>\n<p>&nbsp;<\/p>\n<p>[\/et_pb_text][\/et_pb_column][\/et_pb_row][\/et_pb_section][et_pb_section fb_built=&#8221;1&#8243; _builder_version=&#8221;3.5.1&#8243; background_color=&#8221;#ededed&#8221;][et_pb_row _builder_version=&#8221;3.0.47&#8243; background_size=&#8221;initial&#8221; background_position=&#8221;top_left&#8221; background_repeat=&#8221;repeat&#8221;][et_pb_column type=&#8221;4_4&#8243; _builder_version=&#8221;3.0.47&#8243; parallax=&#8221;off&#8221; parallax_method=&#8221;on&#8221;][et_pb_text _builder_version=&#8221;3.5.1&#8243; header_line_height=&#8221;3em&#8221; max_width=&#8221;80%&#8221; module_alignment=&#8221;center&#8221;]<\/p>\n<h3 style=\"font-weight: 400; line-height: 1.4em; text-align: center;\">At <span style=\"color: #f4510e;\"><strong>Rhino Systems<\/strong><\/span> we know that <strong>alliances strengthen us<\/strong> which is why we always look to <span style=\"color: #f4510e;\"><strong>work with the best<\/strong><\/span>.<\/h3>\n<p>[\/et_pb_text][\/et_pb_column][\/et_pb_row][\/et_pb_section][et_pb_section fb_built=&#8221;1&#8243; _builder_version=&#8221;3.0.47&#8243;][et_pb_row _builder_version=&#8221;3.0.47&#8243; background_size=&#8221;initial&#8221; background_position=&#8221;top_left&#8221; background_repeat=&#8221;repeat&#8221;][et_pb_column type=&#8221;4_4&#8243; _builder_version=&#8221;3.0.47&#8243; parallax=&#8221;off&#8221; parallax_method=&#8221;on&#8221;][et_pb_portfolio fullwidth=&#8221;off&#8221; include_categories=&#8221;21&#8243; show_title=&#8221;off&#8221; show_categories=&#8221;off&#8221; show_pagination=&#8221;off&#8221; hover_icon=&#8221;%%24%%&#8221; _builder_version=&#8221;3.5.1&#8243;][\/et_pb_portfolio][\/et_pb_column][\/et_pb_row][\/et_pb_section][et_pb_section fb_built=&#8221;1&#8243; _builder_version=&#8221;3.5.1&#8243; background_color=&#8221;#f4510e&#8221; global_module=&#8221;1818&#8243;][et_pb_row custom_padding=&#8221;0px||0px|&#8221; custom_margin=&#8221;0px||0px|&#8221; _builder_version=&#8221;3.5.1&#8243;][et_pb_column type=&#8221;4_4&#8243; _builder_version=&#8221;3.0.47&#8243; parallax=&#8221;off&#8221; parallax_method=&#8221;on&#8221;][et_pb_cta button_url=&#8221;\/rhino\/contacto\/&#8221; button_text=&#8221;Cont\u00e1ctanos aqu\u00ed&#8221; _builder_version=&#8221;3.5.1&#8243; background_color=&#8221;#f4510e&#8221; custom_button=&#8221;on&#8221; button_text_size=&#8221;16&#8243; button_text_color=&#8221;#ffffff&#8221; button_bg_color=&#8221;#000000&#8243; button_border_color=&#8221;#000000&#8243; button_border_radius=&#8221;8&#8243; button_icon=&#8221;%%24%%&#8221; button_on_hover=&#8221;off&#8221; button_bg_color_hover=&#8221;#494949&#8243; button_alignment=&#8221;center&#8221; custom_margin=&#8221;6px||6px|&#8221;]<\/p>\n<h3 style=\"text-align: center; font-weight: 400;\">If you are interested in making an <strong>alliance with us <\/strong><\/h3>\n<p>[\/et_pb_cta][\/et_pb_column][\/et_pb_row][\/et_pb_section]<\/p>","protected":false},"excerpt":{"rendered":"<p>Partners y alianzas El alto nivel de competitividad en el mercado al que atendemos requiere que hagamos alianzas con partners estrat\u00e9gicos que nos permitan combinar ventajas competitivas siendo m\u00e1s productivos, \u00e1giles y eficientes en las soluciones que ofrecemos. &nbsp;En Rhino Systems sabemos que las alianzas nos fortalecen por lo que siempre buscamos trabajar con los [&hellip;]<\/p>","protected":false},"author":1,"featured_media":0,"parent":0,"menu_order":5,"comment_status":"closed","ping_status":"closed","template":"","meta":{"_et_pb_use_builder":"on","_et_pb_old_content":"","_et_gb_content_width":"","footnotes":""},"class_list":["post-52","page","type-page","status-publish","hentry"],"_links":{"self":[{"href":"https:\/\/rhino.systems\/en\/wp-json\/wp\/v2\/pages\/52"}],"collection":[{"href":"https:\/\/rhino.systems\/en\/wp-json\/wp\/v2\/pages"}],"about":[{"href":"https:\/\/rhino.systems\/en\/wp-json\/wp\/v2\/types\/page"}],"author":[{"embeddable":true,"href":"https:\/\/rhino.systems\/en\/wp-json\/wp\/v2\/users\/1"}],"replies":[{"embeddable":true,"href":"https:\/\/rhino.systems\/en\/wp-json\/wp\/v2\/comments?post=52"}],"version-history":[{"count":0,"href":"https:\/\/rhino.systems\/en\/wp-json\/wp\/v2\/pages\/52\/revisions"}],"wp:attachment":[{"href":"https:\/\/rhino.systems\/en\/wp-json\/wp\/v2\/media?parent=52"}],"curies":[{"name":"wp","href":"https:\/\/api.w.org\/{rel}","templated":true}]}}