{"id":376,"date":"2018-06-12T16:04:13","date_gmt":"2018-06-12T16:04:13","guid":{"rendered":"https:\/\/rhino.systems\/?page_id=376"},"modified":"2019-07-22T22:49:34","modified_gmt":"2019-07-22T22:49:34","slug":"metodologia-y-servicio-educational","status":"publish","type":"page","link":"https:\/\/rhino.systems\/en\/solutions\/rhino-educational-services-framework\/methodology-and-service\/","title":{"rendered":"Metodolog\u00eda y Servicio Educational"},"content":{"rendered":"<p>[et_pb_section bb_built=&#8221;1&#8243; fullwidth=&#8221;on&#8221; _builder_version=&#8221;3.0.47&#8243; next_background_color=&#8221;#000000&#8243;][et_pb_fullwidth_slider _builder_version=&#8221;3.5.1&#8243;][et_pb_slide image=&#8221;https:\/\/rhino.systems\/wp-content\/uploads\/2018\/06\/soluciones_edu.png&#8221; use_bg_overlay=&#8221;off&#8221; use_text_overlay=&#8221;off&#8221; _builder_version=&#8221;3.5.1&#8243; header_text_align=&#8221;center&#8221; header_font_size_last_edited=&#8221;on|desktop&#8221; body_text_align=&#8221;center&#8221; body_font_size=&#8221;34&#8243; body_font_size_tablet=&#8221;28&#8243; body_font_size_phone=&#8221;26&#8243; body_font_size_last_edited=&#8221;on|phone&#8221; background_color=&#8221;#abc94a&#8221; background_image=&#8221;https:\/\/rhino.systems\/wp-content\/uploads\/2018\/07\/img_acc_edu1.png&#8221; button_on_hover=&#8221;on&#8221; button_link=&#8221;#&#8221; use_background_color_gradient=&#8221;off&#8221; background_color_gradient_start=&#8221;#2b87da&#8221; background_color_gradient_end=&#8221;#29c4a9&#8243; background_color_gradient_type=&#8221;linear&#8221; background_color_gradient_direction=&#8221;180deg&#8221; background_color_gradient_direction_radial=&#8221;center&#8221; background_color_gradient_start_position=&#8221;0%&#8221; background_color_gradient_end_position=&#8221;100%&#8221; background_color_gradient_overlays_image=&#8221;off&#8221; parallax=&#8221;off&#8221; parallax_method=&#8221;on&#8221; background_size=&#8221;contain&#8221; background_position=&#8221;center&#8221; background_repeat=&#8221;no-repeat&#8221; background_blend=&#8221;normal&#8221; allow_player_pause=&#8221;off&#8221; background_video_pause_outside_viewport=&#8221;on&#8221; text_border_radius=&#8221;3&#8243; alignment=&#8221;center&#8221; child_filter_hue_rotate=&#8221;0deg&#8221; child_filter_saturate=&#8221;100%&#8221; child_filter_brightness=&#8221;100%&#8221; child_filter_contrast=&#8221;100%&#8221; child_filter_invert=&#8221;0%&#8221; child_filter_sepia=&#8221;0%&#8221; child_filter_opacity=&#8221;100%&#8221; child_filter_blur=&#8221;0px&#8221; child_mix_blend_mode=&#8221;normal&#8221; background_layout=&#8221;dark&#8221; text_shadow_style=&#8221;none&#8221; header_text_shadow_style=&#8221;none&#8221; body_text_shadow_style=&#8221;none&#8221; custom_button=&#8221;off&#8221; button_bg_use_color_gradient=&#8221;off&#8221; button_bg_color_gradient_overlays_image=&#8221;off&#8221; button_use_icon=&#8221;on&#8221; button_text_shadow_style=&#8221;none&#8221; box_shadow_style_button=&#8221;none&#8221; text_shadow_horizontal_length=&#8221;0em&#8221; text_shadow_vertical_length=&#8221;0em&#8221; text_shadow_blur_strength=&#8221;0em&#8221; header_text_shadow_horizontal_length=&#8221;0em&#8221; header_text_shadow_vertical_length=&#8221;0em&#8221; header_text_shadow_blur_strength=&#8221;0em&#8221; body_text_shadow_horizontal_length=&#8221;0em&#8221; body_text_shadow_vertical_length=&#8221;0em&#8221; body_text_shadow_blur_strength=&#8221;0em&#8221; button_text_shadow_horizontal_length=&#8221;0em&#8221; button_text_shadow_vertical_length=&#8221;0em&#8221; button_text_shadow_blur_strength=&#8221;0em&#8221;]<\/p>\n<p style=\"text-align: center;\">Methodology and Services<\/p>\n<p>[\/et_pb_slide][\/et_pb_fullwidth_slider][et_pb_fullwidth_menu menu_id=&#8221;11&#8243; submenu_direction=&#8221;downwards&#8221; fullwidth_menu=&#8221;off&#8221; _builder_version=&#8221;3.5.1&#8243; menu_font=&#8221;|600|||||||&#8221; background_color=&#8221;#3b491f&#8221; text_orientation=&#8221;center&#8221; background_layout=&#8221;dark&#8221; \/][\/et_pb_section][et_pb_section bb_built=&#8221;1&#8243; _builder_version=&#8221;3.5.1&#8243; prev_background_color=&#8221;#000000&#8243; next_background_color=&#8221;#ededed&#8221; global_module=&#8221;1339&#8243;][et_pb_row global_parent=&#8221;1339&#8243; _builder_version=&#8221;3.0.47&#8243; background_size=&#8221;initial&#8221; background_position=&#8221;top_left&#8221; background_repeat=&#8221;repeat&#8221;][et_pb_column type=&#8221;1_2&#8243;][et_pb_text admin_label=&#8221;Metodog\u00eda&#8221; global_parent=&#8221;1339&#8243; _builder_version=&#8221;3.5.1&#8243;]<\/p>\n<h3><strong>Methodology<\/strong><\/h3>\n<p>&nbsp;<\/p>\n<p class=\"translation-block\">We have incorporated <strong>Scrum<\/strong> to the development and implementation of our solutions. This <strong>agile methodology<\/strong> based on a group of best practices for teamwork with highly productive results.<\/p>\n<p class=\"translation-block\"><strong>Scrum<\/strong> enables us to get fast results with partial and regular deliveries of the final solution. It\u2019s a methodology which allows us to adapt to complex environments that require flexibility, innovation, competitiveness, and productivity.<\/p>\n<p>[\/et_pb_text][\/et_pb_column][et_pb_column type=&#8221;1_2&#8243;][et_pb_text global_parent=&#8221;1339&#8243; _builder_version=&#8221;3.5.1&#8243;]<\/p>\n<p>&nbsp;<\/p>\n<p>&nbsp;<\/p>\n<p>This agile methodology allows us to:<\/p>\n<ul>\n<li>Focus on customer satisfaction and interaction.<\/li>\n<li>Respond to change through adaptation.<\/li>\n<li>Progressive development (Rolling Wave Planning)<\/li>\n<li>Control by self-disciplined and self-organized groups<\/li>\n<li>Measurement management based on values<\/li>\n<\/ul>\n<p>&nbsp;<\/p>\n<p>[\/et_pb_text][\/et_pb_column][\/et_pb_row][\/et_pb_section][et_pb_section bb_built=&#8221;1&#8243; _builder_version=&#8221;3.5.1&#8243; background_color=&#8221;#ededed&#8221; prev_background_color=&#8221;#ffffff&#8221; next_background_color=&#8221;#f4510e&#8221; global_module=&#8221;1340&#8243;][et_pb_row global_parent=&#8221;1340&#8243; padding_top_1=&#8221;12px&#8221; padding_top_2=&#8221;12px&#8221; padding_top_3=&#8221;12px&#8221; padding_right_1=&#8221;12px&#8221; padding_right_2=&#8221;12px&#8221; padding_right_3=&#8221;12px&#8221; padding_bottom_1=&#8221;12px&#8221; padding_bottom_2=&#8221;12px&#8221; padding_bottom_3=&#8221;12px&#8221; padding_left_1=&#8221;12px&#8221; padding_left_2=&#8221;12px&#8221; padding_left_3=&#8221;12px&#8221; _builder_version=&#8221;3.5.1&#8243;][et_pb_column type=&#8221;1_2&#8243;][et_pb_image global_parent=&#8221;1340&#8243; src=&#8221;https:\/\/rhino.systems\/wp-content\/uploads\/2018\/07\/foto_soporte.png&#8221; _builder_version=&#8221;3.5.1&#8243; custom_margin=&#8221;0px|0px|0px|0px&#8221; custom_padding=&#8221;0px|0px|0px|0px&#8221;]<\/p>\n<p>&nbsp;<\/p>\n<p>[\/et_pb_image][\/et_pb_column][et_pb_column type=&#8221;1_2&#8243;][et_pb_text admin_label=&#8221;Soporte&#8221; global_parent=&#8221;1340&#8243; _builder_version=&#8221;3.5.1&#8243;]<\/p>\n<h3><strong>Support<\/strong><\/h3>\n<p>&nbsp;<\/p>\n<p>Rhino Systems gives you ongoing support for the developments and implementations that it carries out. Every reported incident in evaluated by our team to give you the best solution.<\/p>\n<p>Our team of experts will support you through the Helpdesk, which has service priority levels for each event, depending on its nature.<\/p>\n<p>We have knowledge of all the tools we implement, as well as support and constant communication with the Microsoft team and all our allies to give referrals and follow up any problem in their platforms.<\/p>\n<p>&nbsp;<\/p>\n<p>[\/et_pb_text][\/et_pb_column][\/et_pb_row][\/et_pb_section][et_pb_section bb_built=&#8221;1&#8243; specialty=&#8221;off&#8221; _builder_version=&#8221;3.5.1&#8243; background_color=&#8221;#f4510e&#8221; custom_margin=&#8221;0px||0px|&#8221; custom_padding=&#8221;30px||30px|&#8221; next_background_color=&#8221;#f7f7f7&#8243; prev_background_color=&#8221;#ededed&#8221;][et_pb_row _builder_version=&#8221;3.5.1&#8243; custom_margin=&#8221;0px||0px|&#8221; custom_padding=&#8221;0px||0px|&#8221;][et_pb_column type=&#8221;4_4&#8243;][et_pb_text admin_label=&#8221;Frase Naranja&#8221; _builder_version=&#8221;3.5.1&#8243; header_text_color=&#8221;#ffffff&#8221; background_layout=&#8221;dark&#8221; text_font_size=&#8221;22px&#8221;]<\/p>\n<p style=\"text-align: center;\" class=\"translation-block\">We boost your business with<strong> client oriented solutions<\/strong><\/p>\n<p>[\/et_pb_text][\/et_pb_column][\/et_pb_row][\/et_pb_section][et_pb_section bb_built=&#8221;1&#8243; _builder_version=&#8221;3.5.1&#8243; background_color=&#8221;#f7f7f7&#8243; prev_background_color=&#8221;#f4510e&#8221; next_background_color=&#8221;#ffffff&#8221; global_module=&#8221;1341&#8243;][et_pb_row global_parent=&#8221;1341&#8243; padding_top_1=&#8221;12px&#8221; padding_top_2=&#8221;12px&#8221; padding_top_3=&#8221;12px&#8221; padding_right_1=&#8221;12px&#8221; padding_right_2=&#8221;12px&#8221; padding_right_3=&#8221;12px&#8221; padding_bottom_1=&#8221;12px&#8221; padding_bottom_2=&#8221;12px&#8221; padding_bottom_3=&#8221;12px&#8221; padding_left_1=&#8221;12px&#8221; padding_left_2=&#8221;12px&#8221; padding_left_3=&#8221;12px&#8221; _builder_version=&#8221;3.5.1&#8243;][et_pb_column type=&#8221;1_2&#8243;][et_pb_text admin_label=&#8221;Seguridad&#8221; global_parent=&#8221;1341&#8243; _builder_version=&#8221;3.5.1&#8243;]<\/p>\n<h3><strong>Security<\/strong><\/h3>\n<p>&nbsp;<\/p>\n<p>At Rhino Systems we value the security of cloud-based solutions, which is why our service goes hand in hand with the infrastructure that Microsoft provides.<\/p>\n<p>Microsoft Dynamics 365 has 24x7x365 supervision which allows the monitoring and detection of vulnerabilities in the system in a continuous way.<\/p>\n<p>[\/et_pb_text][\/et_pb_column][et_pb_column type=&#8221;1_2&#8243;][et_pb_text global_parent=&#8221;1341&#8243; _builder_version=&#8221;3.5.1&#8243;]<\/p>\n<p>&nbsp;<\/p>\n<p>This monitoring is is carried out in different tiers at the level of infrastructure\/platform and transaction monitoring to simulate critical scenarios of clients.<\/p>\n<p>We also rely on Microsoft tools such as Cloud App Security, monitoring of Mobile Devices Policies with MAM, Communication Channel Security and Client Endpoint, for fraud control and information leakage.<\/p>\n<p>[\/et_pb_text][\/et_pb_column][\/et_pb_row][\/et_pb_section][et_pb_section bb_built=&#8221;1&#8243; _builder_version=&#8221;3.5.1&#8243; prev_background_color=&#8221;#f7f7f7&#8243; next_background_color=&#8221;#f4510e&#8221; global_module=&#8221;1342&#8243;][et_pb_row global_parent=&#8221;1342&#8243; _builder_version=&#8221;3.0.47&#8243; background_size=&#8221;initial&#8221; background_position=&#8221;top_left&#8221; background_repeat=&#8221;repeat&#8221;][et_pb_column type=&#8221;1_2&#8243;][et_pb_text admin_label=&#8221;Consultor\u00eda&#8221; global_parent=&#8221;1342&#8243; _builder_version=&#8221;3.5.1&#8243;]<\/p>\n<h3><strong>Consulting<\/strong><\/h3>\n<p>&nbsp;<\/p>\n<p>We have the best consulting experts per area and per solution.<\/p>\n<p>Our consultants take an active part in every one of the solutions that we develop and implement. As a client of Rhino you are in the best hands to take your project where you want it to be.<\/p>\n<p>The consulting service we offer can even be on-site.<\/p>\n<p>[\/et_pb_text][\/et_pb_column][et_pb_column type=&#8221;1_2&#8243;][et_pb_image global_parent=&#8221;1342&#8243; src=&#8221;https:\/\/rhino.systems\/wp-content\/uploads\/2018\/07\/foto_soporte2.png&#8221; _builder_version=&#8221;3.5.1&#8243; custom_margin=&#8221;0px|0px|0px|0px&#8221; custom_padding=&#8221;0px|0px|0px|0px&#8221;]<\/p>\n<p>&nbsp;<\/p>\n<p>[\/et_pb_image][\/et_pb_column][\/et_pb_row][\/et_pb_section][et_pb_section bb_built=&#8221;1&#8243; specialty=&#8221;off&#8221; _builder_version=&#8221;3.5.1&#8243; background_color=&#8221;#f4510e&#8221; custom_margin=&#8221;0px||0px|&#8221; custom_padding=&#8221;30px||30px|&#8221; next_background_color=&#8221;#ffffff&#8221; prev_background_color=&#8221;#ffffff&#8221;][et_pb_row _builder_version=&#8221;3.5.1&#8243; custom_margin=&#8221;0px||0px|&#8221; custom_padding=&#8221;0px||0px|&#8221;][et_pb_column type=&#8221;4_4&#8243;][et_pb_text admin_label=&#8221;Frase Naranja&#8221; _builder_version=&#8221;3.5.1&#8243; header_text_color=&#8221;#ffffff&#8221; background_layout=&#8221;dark&#8221; text_font_size=&#8221;22px&#8221;]<\/p>\n<p style=\"text-align: center;\" class=\"translation-block\">Our alliance with <strong> Microsoft<\/strong> has driven us to go further<\/p>\n<p>[\/et_pb_text][\/et_pb_column][\/et_pb_row][\/et_pb_section][et_pb_section bb_built=&#8221;1&#8243; admin_label=&#8221;Sectio&#8221; _builder_version=&#8221;3.5.1&#8243; prev_background_color=&#8221;#f4510e&#8221; next_background_color=&#8221;#abc94c&#8221; global_module=&#8221;1343&#8243;][et_pb_row global_parent=&#8221;1343&#8243; _builder_version=&#8221;3.5.1&#8243; background_size=&#8221;initial&#8221; background_position=&#8221;top_left&#8221; background_repeat=&#8221;repeat&#8221;][et_pb_column type=&#8221;4_4&#8243;][et_pb_text admin_label=&#8221;Reconocimientos&#8221; global_parent=&#8221;1343&#8243; _builder_version=&#8221;3.5.1&#8243;]<\/p>\n<p>From the start we have worked hand in hand with Microsoft. Our commitment to deliver successful implementation in several sectors has earned us Microsoft\u2019s recognition year after year:<\/p>\n<p>[\/et_pb_text][\/et_pb_column][\/et_pb_row][et_pb_row global_parent=&#8221;1343&#8243; _builder_version=&#8221;3.0.47&#8243; background_size=&#8221;initial&#8221; background_position=&#8221;top_left&#8221; background_repeat=&#8221;repeat&#8221;][et_pb_column type=&#8221;1_3&#8243;][et_pb_image global_parent=&#8221;1343&#8243; src=&#8221;https:\/\/rhino.systems\/wp-content\/uploads\/2018\/08\/reconocimiento_2018PartnerOf.png&#8221; _builder_version=&#8221;3.5.1&#8243; \/][\/et_pb_column][et_pb_column type=&#8221;1_3&#8243;][et_pb_image global_parent=&#8221;1343&#8243; src=&#8221;https:\/\/rhino.systems\/wp-content\/uploads\/2018\/08\/reconocimiento_2017PartnerOf.png&#8221; _builder_version=&#8221;3.5.1&#8243; \/][\/et_pb_column][et_pb_column type=&#8221;1_3&#8243;][et_pb_image global_parent=&#8221;1343&#8243; src=&#8221;https:\/\/rhino.systems\/wp-content\/uploads\/2018\/08\/reconocimiento_2017-18InnerCircle.png&#8221; _builder_version=&#8221;3.5.1&#8243; \/][\/et_pb_column][\/et_pb_row][et_pb_row global_parent=&#8221;1343&#8243; _builder_version=&#8221;3.0.47&#8243; background_size=&#8221;initial&#8221; background_position=&#8221;top_left&#8221; background_repeat=&#8221;repeat&#8221;][et_pb_column type=&#8221;4_4&#8243;][et_pb_button global_parent=&#8221;1343&#8243; button_url=&#8221;\/project\/microsoft\/&#8221; button_text=&#8221;Ver m\u00e1s&#8221; button_alignment=&#8221;center&#8221; _builder_version=&#8221;3.5.1&#8243; custom_button=&#8221;on&#8221; button_text_color=&#8221;#ffffff&#8221; button_bg_color=&#8221;#f4510e&#8221; \/][\/et_pb_column][\/et_pb_row][\/et_pb_section][et_pb_section bb_built=&#8221;1&#8243; _builder_version=&#8221;3.5.1&#8243; background_color=&#8221;#abc94c&#8221; custom_margin=&#8221;0px||0px|&#8221; prev_background_color=&#8221;#ffffff&#8221; global_module=&#8221;2474&#8243;][et_pb_row global_parent=&#8221;2474&#8243; custom_margin=&#8221;0px||0px|&#8221; _builder_version=&#8221;3.5.1&#8243; background_position=&#8221;top_left&#8221; background_repeat=&#8221;repeat&#8221; background_size=&#8221;initial&#8221;][et_pb_column type=&#8221;4_4&#8243;][et_pb_cta global_parent=&#8221;2474&#8243; button_url=&#8221;\/rhino\/contacto\/&#8221; button_text=&#8221;Cont\u00e1ctanos ahora&#8221; _builder_version=&#8221;3.5.1&#8243; header_level=&#8221;h3&#8243; header_font=&#8221;|300|||||||&#8221; header_font_size=&#8221;22&#8243; body_font=&#8221;|300|||||||&#8221; background_color=&#8221;#abc94c&#8221; custom_margin=&#8221;0px||0px|&#8221; custom_padding=&#8221;0px||0px|&#8221; custom_button=&#8221;on&#8221; button_bg_color=&#8221;#f4510e&#8221;]<\/p>\n<h3 style=\"text-align: center; font-weight: 300; line-height: 1.4em;\" class=\"translation-block\">Would you like to know more about <strong>Rhino Educational Services Framework<\/strong>?<\/h3>\n<p>[\/et_pb_cta][\/et_pb_column][\/et_pb_row][\/et_pb_section]<\/p>","protected":false},"excerpt":{"rendered":"<p>Metodolog\u00eda y Servicios Metodog\u00eda &nbsp; Para el desarrollo e implementaci\u00f3n de todas nuestras soluciones, hemos incorporado Scrum la cual es una metodolog\u00eda \u00e1gil basada en un conjunto de buenas pr\u00e1cticas para trabajo en equipo y con resultados altamente productivos. Scrum nos permite obtener resultados r\u00e1pidos con entregas parciales y regulares de la soluci\u00f3n final. Es [&hellip;]<\/p>","protected":false},"author":1,"featured_media":0,"parent":135,"menu_order":3,"comment_status":"closed","ping_status":"closed","template":"","meta":{"_et_pb_use_builder":"on","_et_pb_old_content":"","_et_gb_content_width":"","footnotes":""},"class_list":["post-376","page","type-page","status-publish","hentry"],"_links":{"self":[{"href":"https:\/\/rhino.systems\/en\/wp-json\/wp\/v2\/pages\/376"}],"collection":[{"href":"https:\/\/rhino.systems\/en\/wp-json\/wp\/v2\/pages"}],"about":[{"href":"https:\/\/rhino.systems\/en\/wp-json\/wp\/v2\/types\/page"}],"author":[{"embeddable":true,"href":"https:\/\/rhino.systems\/en\/wp-json\/wp\/v2\/users\/1"}],"replies":[{"embeddable":true,"href":"https:\/\/rhino.systems\/en\/wp-json\/wp\/v2\/comments?post=376"}],"version-history":[{"count":0,"href":"https:\/\/rhino.systems\/en\/wp-json\/wp\/v2\/pages\/376\/revisions"}],"up":[{"embeddable":true,"href":"https:\/\/rhino.systems\/en\/wp-json\/wp\/v2\/pages\/135"}],"wp:attachment":[{"href":"https:\/\/rhino.systems\/en\/wp-json\/wp\/v2\/media?parent=376"}],"curies":[{"name":"wp","href":"https:\/\/api.w.org\/{rel}","templated":true}]}}