{"id":300,"date":"2018-06-12T00:35:17","date_gmt":"2018-06-12T00:35:17","guid":{"rendered":"https:\/\/rhino.systems\/?page_id=300"},"modified":"2019-07-22T19:55:04","modified_gmt":"2019-07-22T19:55:04","slug":"como-funciona-marketing","status":"publish","type":"page","link":"https:\/\/rhino.systems\/en\/solutions\/rhino-marketing-data\/how-it-works-marketing\/","title":{"rendered":"C\u00f3mo funciona Marketing"},"content":{"rendered":"<p>[et_pb_section fb_built=&#8221;1&#8243; fullwidth=&#8221;on&#8221; disabled_on=&#8221;off||&#8221; _builder_version=&#8221;3.5.1&#8243;][et_pb_fullwidth_slider _builder_version=&#8221;3.5.1&#8243;][et_pb_slide image=&#8221;https:\/\/rhino.systems\/wp-content\/uploads\/2018\/06\/soluciones_mkt.png&#8221; use_bg_overlay=&#8221;off&#8221; use_text_overlay=&#8221;off&#8221; _builder_version=&#8221;3.5.1&#8243; body_font_size=&#8221;32&#8243; body_font_size_tablet=&#8221;28&#8243; body_font_size_phone=&#8221;26&#8243; body_font_size_last_edited=&#8221;on|desktop&#8221; background_color=&#8221;#f6b20b&#8221; background_image=&#8221;https:\/\/rhino.systems\/wp-content\/uploads\/2018\/08\/header_marketing5-1.png&#8221; button_on_hover=&#8221;on&#8221;]<\/p>\n<p style=\"text-align: center;\">How it works<\/p>\n<p>[\/et_pb_slide][\/et_pb_fullwidth_slider][et_pb_fullwidth_menu menu_id=&#8221;9&#8243; submenu_direction=&#8221;downwards&#8221; fullwidth_menu=&#8221;on&#8221; active_link_color=&#8221;#ffffff&#8221; disabled_on=&#8221;off||&#8221; _builder_version=&#8221;3.5.1&#8243; menu_font=&#8221;|600|||||||&#8221; menu_text_color=&#8221;#ffffff&#8221; background_color=&#8221;#7b5800&#8243; text_orientation=&#8221;center&#8221; background_layout=&#8221;dark&#8221;][\/et_pb_fullwidth_menu][\/et_pb_section][et_pb_section fb_built=&#8221;1&#8243; _builder_version=&#8221;3.5.1&#8243; background_color=&#8221;#ededed&#8221;][et_pb_row _builder_version=&#8221;3.0.47&#8243; background_size=&#8221;initial&#8221; background_position=&#8221;top_left&#8221; background_repeat=&#8221;repeat&#8221;][et_pb_column type=&#8221;4_4&#8243; _builder_version=&#8221;3.0.47&#8243; parallax=&#8221;off&#8221; parallax_method=&#8221;on&#8221;][et_pb_text admin_label=&#8221;Titulo&#8221; _builder_version=&#8221;3.5.1&#8243; header_line_height=&#8221;2em&#8221; max_width=&#8221;80%&#8221; module_alignment=&#8221;center&#8221; saved_tabs=&#8221;all&#8221;]<\/p>\n<h2 style=\"text-align: center; line-height: 1.4em;\"><span style=\"color: #f95d11;\"><strong>Marketing &amp; Data<\/strong><\/span> Services<\/h2>\n<p>[\/et_pb_text][\/et_pb_column][\/et_pb_row][\/et_pb_section][et_pb_section fb_built=&#8221;1&#8243; _builder_version=&#8221;3.0.47&#8243;][et_pb_row _builder_version=&#8221;3.0.47&#8243; background_size=&#8221;initial&#8221; background_position=&#8221;top_left&#8221; background_repeat=&#8221;repeat&#8221;][et_pb_column type=&#8221;4_4&#8243; _builder_version=&#8221;3.0.47&#8243; parallax=&#8221;off&#8221; parallax_method=&#8221;on&#8221;][et_pb_code _builder_version=&#8221;3.5.1&#8243; text_orientation=&#8221;center&#8221; module_alignment=&#8221;center&#8221;]&lt;!&#8211; [et_pb_line_break_holder] &#8211;&gt;[\/et_pb_code][\/et_pb_column][\/et_pb_row][et_pb_row _builder_version=&#8221;3.0.47&#8243; background_size=&#8221;initial&#8221; background_position=&#8221;top_left&#8221; background_repeat=&#8221;repeat&#8221;][et_pb_column type=&#8221;1_2&#8243; _builder_version=&#8221;3.0.47&#8243; parallax=&#8221;off&#8221; parallax_method=&#8221;on&#8221;][et_pb_text _builder_version=&#8221;3.5.1&#8243;]En <strong>Rhino Marketing &amp; Data<\/strong> we bring together the technological solutions that, along with the knowledge of our experts, will bring you the benefit of the tools to get the right information to make decisions in the development of digital strategies.<br \/>\n[\/et_pb_text][\/et_pb_column][et_pb_column type=&#8221;1_2&#8243; _builder_version=&#8221;3.0.47&#8243; parallax=&#8221;off&#8221; parallax_method=&#8221;on&#8221;][et_pb_text _builder_version=&#8221;3.5.1&#8243;]Y si necesitas que nuestro equipo de expertos en marketing digital trabaje para tu proyecto de forma remota o en sitio Rhino Marketing &amp; Data tiene experiencia, metodolog\u00eda y especialistas para generar an\u00e1lisis y reportes que te permitir\u00e1n cumplir tus metas.<br \/>\n[\/et_pb_text][\/et_pb_column][\/et_pb_row][\/et_pb_section][et_pb_section fb_built=&#8221;1&#8243; _builder_version=&#8221;3.5.1&#8243; custom_margin=&#8221;0px||0px|&#8221; custom_padding=&#8221;0px||0px|&#8221;][et_pb_row custom_padding=&#8221;30px||30px|&#8221; custom_margin=&#8221;0px||0px|&#8221; _builder_version=&#8221;3.5.1&#8243; background_color=&#8221;#a77700&#8243;][et_pb_column type=&#8221;4_4&#8243; _builder_version=&#8221;3.0.47&#8243; parallax=&#8221;off&#8221; parallax_method=&#8221;on&#8221;][et_pb_text admin_label=&#8221;Frase &#8221; _builder_version=&#8221;3.5.1&#8243; text_font_size=&#8221;22px&#8221; header_text_color=&#8221;#ffffff&#8221; background_layout=&#8221;dark&#8221;]<\/p>\n<p style=\"text-align: center;\">Focus <strong> Content<\/strong><\/p>\n<p>[\/et_pb_text][\/et_pb_column][\/et_pb_row][\/et_pb_section][et_pb_section fb_built=&#8221;1&#8243; _builder_version=&#8221;3.0.47&#8243;][et_pb_row _builder_version=&#8221;3.0.47&#8243; background_size=&#8221;initial&#8221; background_position=&#8221;top_left&#8221; background_repeat=&#8221;repeat&#8221;][et_pb_column type=&#8221;1_2&#8243; _builder_version=&#8221;3.0.47&#8243; parallax=&#8221;off&#8221; parallax_method=&#8221;on&#8221;][et_pb_text _builder_version=&#8221;3.5.1&#8243;]<\/p>\n<p style=\"text-align: left;\"><img loading=\"lazy\" decoding=\"async\" class=\"alignleft wp-image-1024\" src=\"https:\/\/rhino.systems\/wp-content\/uploads\/2018\/06\/icono_circulo_fcontent.png\" alt=\"\" width=\"200\" height=\"181\" \/>Categorizes the performance of the brand's postings in social networks to communicate, enabling you to establish which are the relevant and prominent publications, from a general point of view and from patterned organic segments in different analysis periods.<\/p>\n<p>[\/et_pb_text][\/et_pb_column][et_pb_column type=&#8221;1_2&#8243; _builder_version=&#8221;3.0.47&#8243; parallax=&#8221;off&#8221; parallax_method=&#8221;on&#8221;][et_pb_text _builder_version=&#8221;3.5.1&#8243; background_color=&#8221;#ededed&#8221; custom_padding=&#8221;30px|30px|30px|30px&#8221;]<\/p>\n<ul>\n<li style=\"text-align: justify;\"><strong>Identifies communication objectives<\/strong> offering a work structure.<\/li>\n<li style=\"text-align: justify;\"><strong>Identifies outstanding postings<\/strong>: general, organic, standardized, communication objective to boost results.<\/li>\n<li style=\"text-align: justify;\"><strong>Identifies strengths and weaknesses<\/strong> in communication.<\/li>\n<li style=\"text-align: justify;\"><strong>identifies executable opportunity areas<\/strong> in communication from strategy and tactics.<\/li>\n<\/ul>\n<p>[\/et_pb_text][\/et_pb_column][\/et_pb_row][\/et_pb_section][et_pb_section fb_built=&#8221;1&#8243; _builder_version=&#8221;3.5.1&#8243; custom_margin=&#8221;0px||0px|&#8221;][et_pb_row custom_padding=&#8221;30px||30px|&#8221; custom_margin=&#8221;0px||0px|&#8221; _builder_version=&#8221;3.5.1&#8243; background_color=&#8221;#d79900&#8243;][et_pb_column type=&#8221;4_4&#8243; _builder_version=&#8221;3.0.47&#8243; parallax=&#8221;off&#8221; parallax_method=&#8221;on&#8221;][et_pb_text admin_label=&#8221;Frase &#8221; _builder_version=&#8221;3.5.1&#8243; text_font_size=&#8221;22px&#8221; header_text_color=&#8221;#ffffff&#8221; background_layout=&#8221;dark&#8221;]<\/p>\n<p style=\"text-align: center;\">Focus <strong>Campaigns<\/strong><\/p>\n<p>[\/et_pb_text][\/et_pb_column][\/et_pb_row][\/et_pb_section][et_pb_section fb_built=&#8221;1&#8243; _builder_version=&#8221;3.5.1&#8243;][et_pb_row _builder_version=&#8221;3.5.1&#8243;][et_pb_column type=&#8221;1_2&#8243; _builder_version=&#8221;3.0.47&#8243; parallax=&#8221;off&#8221; parallax_method=&#8221;on&#8221;][et_pb_text _builder_version=&#8221;3.5.1&#8243;]<\/p>\n<p><img loading=\"lazy\" decoding=\"async\" class=\"alignleft wp-image-1022\" src=\"https:\/\/rhino.systems\/wp-content\/uploads\/2018\/06\/icono_circulo_fcamapign.png\" alt=\"\" width=\"200\" height=\"181\" \/>Analyzed the efficiency of a communication campaign in digital social media in a given period from several perspectives.<\/p>\n<p>[\/et_pb_text][\/et_pb_column][et_pb_column type=&#8221;1_2&#8243; _builder_version=&#8221;3.0.47&#8243; parallax=&#8221;off&#8221; parallax_method=&#8221;on&#8221;][et_pb_text _builder_version=&#8221;3.5.1&#8243; background_color=&#8221;#f4f4f4&#8243; custom_padding=&#8221;30px|30px|30px|30px&#8221;]<\/p>\n<ul>\n<li><strong>Summarizes the company's postings<\/strong> in key performance indicators.<\/li>\n<li><strong>Identifies successful postings and lower performance ones<\/strong> in terms of key indicators and sentiment.<\/li>\n<li><strong>Identifies which communication platform was most efficient<\/strong> for the campaign.<\/li>\n<li><strong>Identifies the sentiment and the conversation<\/strong> about the campaign to determine if the communication goal was reached.<\/li>\n<\/ul>\n<p>[\/et_pb_text][\/et_pb_column][\/et_pb_row][\/et_pb_section][et_pb_section fb_built=&#8221;1&#8243; _builder_version=&#8221;3.5.1&#8243; custom_margin=&#8221;0px||0px|&#8221; custom_padding=&#8221;30px||30px|&#8221;][et_pb_row custom_padding=&#8221;30px||30px|&#8221; custom_margin=&#8221;0px||0px|&#8221; _builder_version=&#8221;3.5.1&#8243; background_color=&#8221;#f6b20b&#8221;][et_pb_column type=&#8221;4_4&#8243; _builder_version=&#8221;3.0.47&#8243; parallax=&#8221;off&#8221; parallax_method=&#8221;on&#8221;][et_pb_text admin_label=&#8221;Frase &#8221; _builder_version=&#8221;3.5.1&#8243; text_font_size=&#8221;22px&#8221; header_text_color=&#8221;#ffffff&#8221; background_layout=&#8221;dark&#8221;]<\/p>\n<p style=\"text-align: center;\">Focus <strong>Listening <\/strong><\/p>\n<p>[\/et_pb_text][\/et_pb_column][\/et_pb_row][\/et_pb_section][et_pb_section fb_built=&#8221;1&#8243; _builder_version=&#8221;3.5.1&#8243;][et_pb_row _builder_version=&#8221;3.5.1&#8243;][et_pb_column type=&#8221;1_2&#8243; _builder_version=&#8221;3.0.47&#8243; parallax=&#8221;off&#8221; parallax_method=&#8221;on&#8221;][et_pb_text _builder_version=&#8221;3.5.1&#8243;]<img loading=\"lazy\" decoding=\"async\" class=\"wp-image-1020 alignleft\" src=\"https:\/\/rhino.systems\/wp-content\/uploads\/2018\/06\/icono_circulo_listening.png\" alt=\"\" width=\"200\" height=\"181\">Our listening factory precisely categorizes every comment made in a posting during a period to establish, beyond sentiment, the reasons and causes for complaints, likes and questions.<br \/>\n[\/et_pb_text][\/et_pb_column][et_pb_column type=&#8221;1_2&#8243; _builder_version=&#8221;3.0.47&#8243; parallax=&#8221;off&#8221; parallax_method=&#8221;on&#8221;][et_pb_text _builder_version=&#8221;3.5.1&#8243; background_color=&#8221;#f4f4f4&#8243; custom_padding=&#8221;30px|30px|30px|30px&#8221;]<\/p>\n<ul>\n<li><strong>Determines the objective causes<\/strong> for which a user makes a comment: service, product, customer service, communication, brand.<\/li>\n<li><strong>Identifies what motivates the feelings<\/strong> that are expressed, allowing them to be moderated with practical measures such as solving problems or situations which could be unknown.<\/li>\n<li><strong>Identifies defenders<\/strong> of the brand, clarifiers, haters, spammers.<\/li>\n<li><strong>Identify the level and quality of the answers<\/strong> the brand gives to interactions.<\/li>\n<li><strong>Allows the introduction of communication objectives into the communication strategy<\/strong> focused to solve doubts or provide service.<\/li>\n<\/ul>\n<p>[\/et_pb_text][\/et_pb_column][\/et_pb_row][\/et_pb_section][et_pb_section fb_built=&#8221;1&#8243; _builder_version=&#8221;3.5.1&#8243; custom_margin=&#8221;0px||0px|&#8221; custom_padding=&#8221;30px||30px|&#8221;][et_pb_row custom_padding=&#8221;30px||30px|&#8221; custom_margin=&#8221;0px||0px|&#8221; _builder_version=&#8221;3.5.1&#8243; background_color=&#8221;#fec63b&#8221;][et_pb_column type=&#8221;4_4&#8243; _builder_version=&#8221;3.0.47&#8243; parallax=&#8221;off&#8221; parallax_method=&#8221;on&#8221;][et_pb_text admin_label=&#8221;Frase &#8221; _builder_version=&#8221;3.5.1&#8243; text_font_size=&#8221;22px&#8221; header_text_color=&#8221;#ffffff&#8221; background_layout=&#8221;dark&#8221;]<\/p>\n<p style=\"text-align: center;\"><strong>Competition <\/strong>focus<\/p>\n<p>[\/et_pb_text][\/et_pb_column][\/et_pb_row][\/et_pb_section][et_pb_section fb_built=&#8221;1&#8243; _builder_version=&#8221;3.5.1&#8243;][et_pb_row _builder_version=&#8221;3.5.1&#8243;][et_pb_column type=&#8221;1_2&#8243; _builder_version=&#8221;3.0.47&#8243; parallax=&#8221;off&#8221; parallax_method=&#8221;on&#8221;][et_pb_text _builder_version=&#8221;3.5.1&#8243;]<\/p>\n<p><img loading=\"lazy\" decoding=\"async\" class=\"alignleft wp-image-1023\" src=\"https:\/\/rhino.systems\/wp-content\/uploads\/2018\/06\/icono_circulo_fcompetition.png\" alt=\"\" width=\"200\" height=\"181\" \/>It is aimed at competition analysis, contextualizing quantitative and qualitative data of the perception of the brands involved in digital media, such as social networks, blogs, forums, and web news.<\/p>\n<p>[\/et_pb_text][\/et_pb_column][et_pb_column type=&#8221;1_2&#8243; _builder_version=&#8221;3.0.47&#8243; parallax=&#8221;off&#8221; parallax_method=&#8221;on&#8221;][et_pb_text _builder_version=&#8221;3.5.1&#8243; background_color=&#8221;#f4f4f4&#8243; custom_padding=&#8221;30px|30px|30px|30px&#8221;]<\/p>\n<ul>\n<li><strong>Establishes the mention volume of each brand<\/strong>, its position in regards to other brands, a record and evolution over time.<\/li>\n<li><strong>Identifies the predominant feeling <\/strong>for each brand: positive, negative, neutral, a record and evolution through time.<\/li>\n<li><strong>Identifies the milestones<\/strong> for each brand, a record, and evolution over time.<\/li>\n<li><strong>Identifies the actions<\/strong> that are more relevant to each brand in their social networks.<\/li>\n<li><strong>Identifies best practices<\/strong>, hits, mistakes, and opportunity areas.<\/li>\n<\/ul>\n<p>[\/et_pb_text][\/et_pb_column][\/et_pb_row][\/et_pb_section][et_pb_section fb_built=&#8221;1&#8243; _builder_version=&#8221;3.5.1&#8243; custom_margin=&#8221;0px||0px|&#8221; custom_padding=&#8221;30px||30px|&#8221;][et_pb_row custom_padding=&#8221;30px||30px|&#8221; custom_margin=&#8221;0px||0px|&#8221; _builder_version=&#8221;3.5.1&#8243; background_color=&#8221;#ffce54&#8243;][et_pb_column type=&#8221;4_4&#8243; _builder_version=&#8221;3.0.47&#8243; parallax=&#8221;off&#8221; parallax_method=&#8221;on&#8221;][et_pb_text admin_label=&#8221;Frase &#8221; _builder_version=&#8221;3.5.1&#8243; text_font_size=&#8221;22px&#8221; header_text_color=&#8221;#ffffff&#8221; background_layout=&#8221;dark&#8221;]<\/p>\n<p style=\"text-align: center;\">Measurement and execution of <strong>Email and SMS<br \/>\n<\/strong><\/p>\n<p>[\/et_pb_text][\/et_pb_column][\/et_pb_row][\/et_pb_section][et_pb_section fb_built=&#8221;1&#8243; _builder_version=&#8221;3.0.47&#8243;][et_pb_row _builder_version=&#8221;3.0.47&#8243; background_size=&#8221;initial&#8221; background_position=&#8221;top_left&#8221; background_repeat=&#8221;repeat&#8221;][et_pb_column type=&#8221;1_3&#8243; _builder_version=&#8221;3.0.47&#8243; parallax=&#8221;off&#8221; parallax_method=&#8221;on&#8221;][et_pb_text _builder_version=&#8221;3.5.1&#8243;]<\/p>\n<h4 style=\"text-align: center;\"><img loading=\"lazy\" decoding=\"async\" class=\"alignnone wp-image-1562\" src=\"https:\/\/rhino.systems\/wp-content\/uploads\/2018\/07\/icono_circulo_email.png\" alt=\"\" width=\"200\" height=\"181\"><\/h4>\n<p style=\"text-align: center;\"><strong>Email Marketing<br \/>\n<\/strong><\/p>\n<p>&nbsp;<\/p>\n<ul>\n<li>Mail delivered \/ opened \/ rejected (due to a full or non-existent inbox).<\/li>\n<li>Clicks in the body of the email.<\/li>\n<li>Recount of the times the email was opened.<\/li>\n<li>Whether the email was forwarded to someone else.<\/li>\n<li>Effectiveness of the campaign through a dashboard with a control group.<\/li>\n<li>Data segmentation for the campaigns.<\/li>\n<li>Campaign database control (Access and Excel).<\/li>\n<\/ul>\n<p>[\/et_pb_text][\/et_pb_column][et_pb_column type=&#8221;1_3&#8243; _builder_version=&#8221;3.0.47&#8243; parallax=&#8221;off&#8221; parallax_method=&#8221;on&#8221;][et_pb_text _builder_version=&#8221;3.5.1&#8243;]<\/p>\n<h4 style=\"text-align: center;\"><img loading=\"lazy\" decoding=\"async\" class=\"alignnone wp-image-1563\" src=\"https:\/\/rhino.systems\/wp-content\/uploads\/2018\/07\/icono_circulo_emailtrans.png\" alt=\"\" width=\"200\" height=\"181\"><\/h4>\n<p style=\"text-align: center;\"><strong>Transactional email<br \/>\n<\/strong><\/p>\n<p>&nbsp;<\/p>\n<ul>\n<li>Mail delivered \/ opened \/ rejected (due to a full or non-existent inbox).<\/li>\n<li>Clicks in the body of the email.<\/li>\n<li>Recount of the times the email was opened.<\/li>\n<li>Whether the email was forwarded to someone else.<\/li>\n<\/ul>\n<p>[\/et_pb_text][\/et_pb_column][et_pb_column type=&#8221;1_3&#8243; _builder_version=&#8221;3.0.47&#8243; parallax=&#8221;off&#8221; parallax_method=&#8221;on&#8221;][et_pb_text _builder_version=&#8221;3.5.1&#8243;]<\/p>\n<h4 style=\"text-align: center;\"><img loading=\"lazy\" decoding=\"async\" class=\"alignnone wp-image-1564\" src=\"https:\/\/rhino.systems\/wp-content\/uploads\/2018\/07\/icono_circulo_SMS.png\" alt=\"\" width=\"200\" height=\"181\"><\/h4>\n<p style=\"text-align: center;\"><strong>SMS Marketing <\/strong><\/p>\n<p>&nbsp;<\/p>\n<ul>\n<li>Whether it was delivered or rejected (if it is a mistake of the carrier or not).<\/li>\n<li>Effectiveness of the campaign through a dashboard with a control group.<\/li>\n<li>Data segmentation for the campaigns.<\/li>\n<li>Campaign database control (Access and Excel).<\/li>\n<\/ul>\n<p>[\/et_pb_text][\/et_pb_column][\/et_pb_row][\/et_pb_section][et_pb_section fb_built=&#8221;1&#8243; _builder_version=&#8221;3.5.1&#8243; custom_margin=&#8221;0px||0px|&#8221; custom_padding=&#8221;30px||30px|&#8221;][et_pb_row custom_padding=&#8221;30px||30px|&#8221; custom_margin=&#8221;0px||0px|&#8221; _builder_version=&#8221;3.5.1&#8243; background_color=&#8221;#775421&#8243;][et_pb_column type=&#8221;4_4&#8243; _builder_version=&#8221;3.0.47&#8243; parallax=&#8221;off&#8221; parallax_method=&#8221;on&#8221;][et_pb_text admin_label=&#8221;Frase &#8221; _builder_version=&#8221;3.5.1&#8243; text_font_size=&#8221;22px&#8221; header_text_color=&#8221;#ffffff&#8221; background_layout=&#8221;dark&#8221;]<\/p>\n<p style=\"text-align: center;\" class=\"translation-block\"><strong>360\u00ba<\/strong> Vision<\/p>\n<p>[\/et_pb_text][\/et_pb_column][\/et_pb_row][\/et_pb_section][et_pb_section fb_built=&#8221;1&#8243; _builder_version=&#8221;3.0.47&#8243;][et_pb_row _builder_version=&#8221;3.0.47&#8243; background_size=&#8221;initial&#8221; background_position=&#8221;top_left&#8221; background_repeat=&#8221;repeat&#8221;][et_pb_column type=&#8221;4_4&#8243; _builder_version=&#8221;3.0.47&#8243; parallax=&#8221;off&#8221; parallax_method=&#8221;on&#8221;][et_pb_text _builder_version=&#8221;3.5.1&#8243; max_width=&#8221;85%&#8221; module_alignment=&#8221;center&#8221;]<\/p>\n<p style=\"text-align: center;\">With <strong>Rhino Marketing &amp; Data<\/strong> you'll have a <strong>360\u00ba<\/strong> <strong>view <\/strong>of every one of your <strong>digital marketing efforts<\/strong> and your <strong>competition<\/strong> obtaining key information that enables you to <strong>develop strategies<\/strong> which will help you to take each of your campaigns and customer interactions where you want them to be.<\/p>\n<p>[\/et_pb_text][et_pb_image src=&#8221;https:\/\/rhino.systems\/wp-content\/uploads\/2018\/06\/icono_circulo_mkt.png&#8221; align=&#8221;center&#8221; _builder_version=&#8221;3.5.1&#8243; max_width=&#8221;35%&#8221; module_alignment=&#8221;center&#8221; animation_style=&#8221;fade&#8221;][\/et_pb_image][\/et_pb_column][\/et_pb_row][\/et_pb_section][et_pb_section fb_built=&#8221;1&#8243; _builder_version=&#8221;3.5.1&#8243; background_color=&#8221;#d79900&#8243; custom_margin=&#8221;0px||0px|&#8221; global_module=&#8221;1172&#8243;][et_pb_row custom_margin=&#8221;0px||0px|&#8221; _builder_version=&#8221;3.5.1&#8243; background_size=&#8221;initial&#8221; background_position=&#8221;top_left&#8221; background_repeat=&#8221;repeat&#8221;][et_pb_column type=&#8221;4_4&#8243; _builder_version=&#8221;3.0.47&#8243; parallax=&#8221;off&#8221; parallax_method=&#8221;on&#8221;][et_pb_cta button_url=&#8221;\/rhino\/contacto\/&#8221; button_text=&#8221;Cont\u00e1ctanos ahora&#8221; _builder_version=&#8221;3.5.1&#8243; header_level=&#8221;h3&#8243; header_font=&#8221;|300|||||||&#8221; header_font_size=&#8221;22&#8243; body_font=&#8221;|300|||||||&#8221; background_color=&#8221;#d79900&#8243; custom_button=&#8221;on&#8221; button_text_color=&#8221;#ffffff&#8221; button_bg_color=&#8221;#f4510e&#8221; custom_margin=&#8221;0px||0px|&#8221; custom_padding=&#8221;0px||0px|&#8221;]<\/p>\n<h3 style=\"text-align: center; font-weight: 100; line-height: 1.4em;\" class=\"translation-block\">Would you like to know more about<strong> Rhino Marketing &amp; Data<\/strong>?<\/h3>\n<p>[\/et_pb_cta][\/et_pb_column][\/et_pb_row][\/et_pb_section]<\/p>","protected":false},"excerpt":{"rendered":"<p>C\u00f3mo Funciona Servicios Marketing &amp; Data &lt;!&#8211; [et_pb_line_break_holder] &#8211;&gt;En Rhino Marketing &amp; Data reunimos las mejores soluciones tecnol\u00f3gicas que junto con el conocimiento de nuestros expertos de mercadotecnia podr\u00e1s sacar provecho completo de las herramientas para obtener [&hellip;]<\/p>","protected":false},"author":1,"featured_media":0,"parent":137,"menu_order":0,"comment_status":"closed","ping_status":"closed","template":"","meta":{"_et_pb_use_builder":"on","_et_pb_old_content":"","_et_gb_content_width":"","footnotes":""},"class_list":["post-300","page","type-page","status-publish","hentry"],"_links":{"self":[{"href":"https:\/\/rhino.systems\/en\/wp-json\/wp\/v2\/pages\/300"}],"collection":[{"href":"https:\/\/rhino.systems\/en\/wp-json\/wp\/v2\/pages"}],"about":[{"href":"https:\/\/rhino.systems\/en\/wp-json\/wp\/v2\/types\/page"}],"author":[{"embeddable":true,"href":"https:\/\/rhino.systems\/en\/wp-json\/wp\/v2\/users\/1"}],"replies":[{"embeddable":true,"href":"https:\/\/rhino.systems\/en\/wp-json\/wp\/v2\/comments?post=300"}],"version-history":[{"count":0,"href":"https:\/\/rhino.systems\/en\/wp-json\/wp\/v2\/pages\/300\/revisions"}],"up":[{"embeddable":true,"href":"https:\/\/rhino.systems\/en\/wp-json\/wp\/v2\/pages\/137"}],"wp:attachment":[{"href":"https:\/\/rhino.systems\/en\/wp-json\/wp\/v2\/media?parent=300"}],"curies":[{"name":"wp","href":"https:\/\/api.w.org\/{rel}","templated":true}]}}