{"id":1599,"date":"2018-07-11T16:41:41","date_gmt":"2018-07-11T16:41:41","guid":{"rendered":"https:\/\/rhino.systems\/?page_id=1599"},"modified":"2019-07-22T19:54:44","modified_gmt":"2019-07-22T19:54:44","slug":"como-funciona-fabrica","status":"publish","type":"page","link":"https:\/\/rhino.systems\/en\/solutions\/rhino-software-factory\/how-it-works-factory\/","title":{"rendered":"C\u00f3mo funciona Fabrica"},"content":{"rendered":"<p>[et_pb_section fb_built=&#8221;1&#8243; fullwidth=&#8221;on&#8221; _builder_version=&#8221;3.5.1&#8243;][et_pb_fullwidth_slider _builder_version=&#8221;3.5.1&#8243;][et_pb_slide image=&#8221;https:\/\/rhino.systems\/wp-content\/uploads\/2018\/06\/soluciones_fabrica.png&#8221; use_bg_overlay=&#8221;off&#8221; use_text_overlay=&#8221;off&#8221; _builder_version=&#8221;3.5.1&#8243; body_text_align=&#8221;center&#8221; body_font_size=&#8221;32&#8243; body_font_size_tablet=&#8221;28&#8243; body_font_size_phone=&#8221;26&#8243; body_font_size_last_edited=&#8221;on|phone&#8221; background_color=&#8221;#dd1f1f&#8221; background_image=&#8221;https:\/\/rhino.systems\/wp-content\/uploads\/2018\/07\/header_softw3.png&#8221; background_size=&#8221;contain&#8221; button_on_hover=&#8221;on&#8221;]<\/p>\n<p style=\"text-align: center;\">How it Works<\/p>\n<p>[\/et_pb_slide][\/et_pb_fullwidth_slider][et_pb_fullwidth_menu menu_id=&#8221;20&#8243; submenu_direction=&#8221;downwards&#8221; fullwidth_menu=&#8221;off&#8221; _builder_version=&#8221;3.5.1&#8243; menu_font=&#8221;|600|||||||&#8221; background_color=&#8221;#990002&#8243; text_orientation=&#8221;center&#8221; background_layout=&#8221;dark&#8221;][\/et_pb_fullwidth_menu][\/et_pb_section][et_pb_section fb_built=&#8221;1&#8243; _builder_version=&#8221;3.5.1&#8243; background_color=&#8221;#ededed&#8221;][et_pb_row _builder_version=&#8221;3.0.47&#8243; background_size=&#8221;initial&#8221; background_position=&#8221;top_left&#8221; background_repeat=&#8221;repeat&#8221;][et_pb_column type=&#8221;4_4&#8243; _builder_version=&#8221;3.0.47&#8243; parallax=&#8221;off&#8221; parallax_method=&#8221;on&#8221;][et_pb_text admin_label=&#8221;Titulo&#8221; _builder_version=&#8221;3.5.1&#8243; header_line_height=&#8221;2em&#8221; max_width=&#8221;80%&#8221; module_alignment=&#8221;center&#8221; saved_tabs=&#8221;all&#8221;]<\/p>\n<h2 style=\"text-align: center; line-height: 1.4em;\"><strong>Software Factory<\/strong> Operating Model<\/h2>\n<p>[\/et_pb_text][\/et_pb_column][\/et_pb_row][\/et_pb_section][et_pb_section fb_built=&#8221;1&#8243; _builder_version=&#8221;3.0.47&#8243;][et_pb_row _builder_version=&#8221;3.0.47&#8243; background_size=&#8221;initial&#8221; background_position=&#8221;top_left&#8221; background_repeat=&#8221;repeat&#8221;][et_pb_column type=&#8221;4_4&#8243; _builder_version=&#8221;3.0.47&#8243; parallax=&#8221;off&#8221; parallax_method=&#8221;on&#8221;][et_pb_code _builder_version=&#8221;3.5.1&#8243; text_orientation=&#8221;center&#8221; saved_tabs=&#8221;all&#8221;]&lt;!&#8211; [et_pb_line_break_holder] &#8211;&gt;[\/et_pb_code][\/et_pb_column][\/et_pb_row][\/et_pb_section][et_pb_section fb_built=&#8221;1&#8243; _builder_version=&#8221;3.5.1&#8243; custom_margin=&#8221;0px||0px|&#8221; custom_padding=&#8221;0px||0px|&#8221;][et_pb_row custom_padding=&#8221;30px||30px|&#8221; custom_margin=&#8221;0px||0px|&#8221; _builder_version=&#8221;3.5.1&#8243; background_color=&#8221;#6e0004&#8243;][et_pb_column type=&#8221;4_4&#8243; _builder_version=&#8221;3.0.47&#8243; parallax=&#8221;off&#8221; parallax_method=&#8221;on&#8221;][et_pb_text admin_label=&#8221;Frase &#8221; _builder_version=&#8221;3.5.1&#8243; text_font_size=&#8221;22px&#8221; header_text_color=&#8221;#ffffff&#8221; background_layout=&#8221;dark&#8221;]<\/p>\n<p style=\"text-align: center;\">Methodology <strong>Software Factory<\/strong><\/p>\n<p>[\/et_pb_text][\/et_pb_column][\/et_pb_row][\/et_pb_section][et_pb_section fb_built=&#8221;1&#8243; _builder_version=&#8221;3.0.47&#8243;][et_pb_row custom_padding=&#8221;27px|0px|26px|0px|false|false&#8221; _builder_version=&#8221;3.0.47&#8243; background_size=&#8221;initial&#8221; background_position=&#8221;top_left&#8221; background_repeat=&#8221;repeat&#8221;][et_pb_column type=&#8221;1_3&#8243; _builder_version=&#8221;3.0.47&#8243; parallax=&#8221;off&#8221; parallax_method=&#8221;on&#8221;][et_pb_image src=&#8221;https:\/\/rhino.systems\/wp-content\/uploads\/2018\/07\/icono_circulo_equipoproy.png&#8221; align=&#8221;center&#8221; _builder_version=&#8221;3.5.1&#8243; max_width=&#8221;70%&#8221; module_alignment=&#8221;center&#8221; animation_style=&#8221;fade&#8221;][\/et_pb_image][et_pb_text _builder_version=&#8221;3.5.1&#8243;]<\/p>\n<h4 style=\"line-height: 1.4em; text-align: center;\"><strong>Project Team<br \/> <\/strong><\/h4>\n<p style=\"text-align: justify;\">The project team is made up of personnel from the enterprise or institution in charge of communicating its needs as well as supervising de developments and deliveries.<\/p>\n<p>[\/et_pb_text][\/et_pb_column][et_pb_column type=&#8221;1_3&#8243; _builder_version=&#8221;3.0.47&#8243; parallax=&#8221;off&#8221; parallax_method=&#8221;on&#8221;][et_pb_image src=&#8221;https:\/\/rhino.systems\/wp-content\/uploads\/2018\/07\/icono_circulo_scrummaster.png&#8221; align=&#8221;center&#8221; _builder_version=&#8221;3.5.1&#8243; max_width=&#8221;70%&#8221; module_alignment=&#8221;center&#8221; animation_style=&#8221;fade&#8221;][\/et_pb_image][et_pb_text _builder_version=&#8221;3.5.1&#8243;]<\/p>\n<h4 style=\"line-height: 1.4em; text-align: center;\"><strong>Scrum Master<br \/> <\/strong><\/h4>\n<p><span class=\"ILfuVd yZ8quc\">The Scrum Master's goal is to be an enabler in projects and lead the rapid process teams. It is in charge of getting to the final sprint using the practices and values of the Scrum model.<\/span><\/p>\n<p>[\/et_pb_text][\/et_pb_column][et_pb_column type=&#8221;1_3&#8243; _builder_version=&#8221;3.0.47&#8243; parallax=&#8221;off&#8221; parallax_method=&#8221;on&#8221;][et_pb_image src=&#8221;https:\/\/rhino.systems\/wp-content\/uploads\/2018\/07\/icono_circulo_arquitectos.png&#8221; align=&#8221;center&#8221; _builder_version=&#8221;3.5.1&#8243; max_width=&#8221;70%&#8221; module_alignment=&#8221;center&#8221; animation_style=&#8221;fade&#8221;][\/et_pb_image][et_pb_text _builder_version=&#8221;3.5.1&#8243; text_orientation=&#8221;justified&#8221;]<\/p>\n<h4 style=\"line-height: 1.4em; text-align: center;\"><strong>Functional Architects<br \/> <\/strong><\/h4>\n<p>Functional architects are responsible for the management of non-functional requirements and the definition of software architecture. They are facilitators in charge of selecting the technology and improving the architecture of the system.<\/p>\n<p>[\/et_pb_text][\/et_pb_column][\/et_pb_row][\/et_pb_section][et_pb_section fb_built=&#8221;1&#8243; _builder_version=&#8221;3.5.1&#8243;][et_pb_row _builder_version=&#8221;3.0.47&#8243; background_size=&#8221;initial&#8221; background_position=&#8221;top_left&#8221; background_repeat=&#8221;repeat&#8221;][et_pb_column type=&#8221;1_3&#8243; _builder_version=&#8221;3.0.47&#8243; parallax=&#8221;off&#8221; parallax_method=&#8221;on&#8221;][et_pb_image src=&#8221;https:\/\/rhino.systems\/wp-content\/uploads\/2018\/07\/icono_circulo_desarrollo.png&#8221; align=&#8221;center&#8221; _builder_version=&#8221;3.5.1&#8243; max_width=&#8221;70%&#8221; module_alignment=&#8221;center&#8221; animation_style=&#8221;fade&#8221;][\/et_pb_image][\/et_pb_column][et_pb_column type=&#8221;2_3&#8243; _builder_version=&#8221;3.0.47&#8243; parallax=&#8221;off&#8221; parallax_method=&#8221;on&#8221;][et_pb_text _builder_version=&#8221;3.5.1&#8243; background_color=&#8221;#f4f4f4&#8243; custom_padding=&#8221;30px|30px|30px|30px&#8221;]<\/p>\n<h3 style=\"text-align: left;\"><strong>Development<\/strong><\/h3>\n<p>Software developers are programmers in charge of writing, maintaining, and cleansing the code of all our developments.<br \/>\n[\/et_pb_text][\/et_pb_column][\/et_pb_row][et_pb_row _builder_version=&#8221;3.0.47&#8243; background_size=&#8221;initial&#8221; background_position=&#8221;top_left&#8221; background_repeat=&#8221;repeat&#8221;][et_pb_column type=&#8221;1_3&#8243; _builder_version=&#8221;3.0.47&#8243; parallax=&#8221;off&#8221; parallax_method=&#8221;on&#8221;][et_pb_image src=&#8221;https:\/\/rhino.systems\/wp-content\/uploads\/2018\/07\/icono_circulo_qa.png&#8221; align=&#8221;center&#8221; _builder_version=&#8221;3.5.1&#8243; max_width=&#8221;70%&#8221; module_alignment=&#8221;center&#8221; animation_style=&#8221;fade&#8221;][\/et_pb_image][\/et_pb_column][et_pb_column type=&#8221;2_3&#8243; _builder_version=&#8221;3.0.47&#8243; parallax=&#8221;off&#8221; parallax_method=&#8221;on&#8221;][et_pb_text _builder_version=&#8221;3.5.1&#8243; background_color=&#8221;#f4f4f4&#8243; custom_padding=&#8221;30px|30px|30px|30px&#8221;]<\/p>\n<h3 style=\"text-align: left;\"><strong>QA<\/strong><\/h3>\n<p>QA or Quality Assurance relies on the quality assurance of the software through various evaluation activities during the different stages of development.<\/p>\n<p>[\/et_pb_text][\/et_pb_column][\/et_pb_row][et_pb_row _builder_version=&#8221;3.0.47&#8243; background_size=&#8221;initial&#8221; background_position=&#8221;top_left&#8221; background_repeat=&#8221;repeat&#8221;][et_pb_column type=&#8221;1_3&#8243; _builder_version=&#8221;3.0.47&#8243; parallax=&#8221;off&#8221; parallax_method=&#8221;on&#8221;][et_pb_image src=&#8221;https:\/\/rhino.systems\/wp-content\/uploads\/2018\/07\/icono_circulo_release.png&#8221; align=&#8221;center&#8221; _builder_version=&#8221;3.5.1&#8243; max_width=&#8221;70%&#8221; module_alignment=&#8221;center&#8221; animation_style=&#8221;fade&#8221;][\/et_pb_image][\/et_pb_column][et_pb_column type=&#8221;2_3&#8243; _builder_version=&#8221;3.0.47&#8243; parallax=&#8221;off&#8221; parallax_method=&#8221;on&#8221;][et_pb_text _builder_version=&#8221;3.5.1&#8243; background_color=&#8221;#f4f4f4&#8243; custom_padding=&#8221;30px|30px|30px|30px&#8221;]<\/p>\n<h3 style=\"text-align: left;\"><strong>Release<\/strong><\/h3>\n<p>Throughout the project various partial deliveries are made, speeding up the development and allowing the team to continue working to attack the particular needs of the project.<\/p>\n<p>[\/et_pb_text][\/et_pb_column][\/et_pb_row][et_pb_row _builder_version=&#8221;3.0.47&#8243; background_size=&#8221;initial&#8221; background_position=&#8221;top_left&#8221; background_repeat=&#8221;repeat&#8221;][et_pb_column type=&#8221;4_4&#8243; _builder_version=&#8221;3.0.47&#8243; parallax=&#8221;off&#8221; parallax_method=&#8221;on&#8221;][et_pb_text _builder_version=&#8221;3.5.1&#8243; background_color=&#8221;#f4f4f4&#8243; custom_padding=&#8221;30px|30px|30px|30px&#8221;]<\/p>\n<h3 style=\"text-align: center;\"><strong>Iterative process<br \/> <\/strong><\/h3>\n<p class=\"translation-block\">Once delivered a release of the application the process becomes iterative with the<em> project team<\/em>, the <em>functional architects<\/em> and the <em>Scrum Master<\/em>.<\/p>\n<p>[\/et_pb_text][\/et_pb_column][\/et_pb_row][\/et_pb_section][et_pb_section fb_built=&#8221;1&#8243; _builder_version=&#8221;3.5.1&#8243; custom_margin=&#8221;0px||0px|&#8221;][et_pb_row custom_padding=&#8221;30px||30px|&#8221; custom_margin=&#8221;0px||0px|&#8221; _builder_version=&#8221;3.5.1&#8243; background_color=&#8221;#ca080f&#8221;][et_pb_column type=&#8221;4_4&#8243; _builder_version=&#8221;3.0.47&#8243; parallax=&#8221;off&#8221; parallax_method=&#8221;on&#8221;][et_pb_text admin_label=&#8221;Frase &#8221; _builder_version=&#8221;3.5.1&#8243; text_font_size=&#8221;22px&#8221; header_text_color=&#8221;#ffffff&#8221; background_layout=&#8221;dark&#8221;]<\/p>\n<p style=\"text-align: center;\" class=\"translation-block\"><strong>Nearshore<\/strong> services<\/p>\n<p>[\/et_pb_text][\/et_pb_column][\/et_pb_row][et_pb_row _builder_version=&#8221;3.0.47&#8243; background_size=&#8221;initial&#8221; background_position=&#8221;top_left&#8221; background_repeat=&#8221;repeat&#8221;][et_pb_column type=&#8221;4_4&#8243; _builder_version=&#8221;3.0.47&#8243; parallax=&#8221;off&#8221; parallax_method=&#8221;on&#8221;][et_pb_text _builder_version=&#8221;3.5.1&#8243;]&nbsp;<\/p>\n<p style=\"text-align: center;\" class=\"translation-block\">Our <strong>Software Factory<\/strong> provides service to our sales offices and customers in <strong>Nearshore model<\/strong>.<\/p>\n<p>[\/et_pb_text][\/et_pb_column][\/et_pb_row][et_pb_row _builder_version=&#8221;3.0.47&#8243; background_size=&#8221;initial&#8221; background_position=&#8221;top_left&#8221; background_repeat=&#8221;repeat&#8221;][et_pb_column type=&#8221;1_4&#8243; _builder_version=&#8221;3.0.47&#8243; parallax=&#8221;off&#8221; parallax_method=&#8221;on&#8221;][et_pb_image src=&#8221;https:\/\/rhino.systems\/wp-content\/uploads\/2018\/08\/netshore_monterrey.png&#8221; _builder_version=&#8221;3.5.1&#8243;][\/et_pb_image][\/et_pb_column][et_pb_column type=&#8221;1_4&#8243; _builder_version=&#8221;3.0.47&#8243; parallax=&#8221;off&#8221; parallax_method=&#8221;on&#8221;][et_pb_image src=&#8221;https:\/\/rhino.systems\/wp-content\/uploads\/2018\/08\/netshore_peru.png&#8221; _builder_version=&#8221;3.5.1&#8243;][\/et_pb_image][\/et_pb_column][et_pb_column type=&#8221;1_4&#8243; _builder_version=&#8221;3.0.47&#8243; parallax=&#8221;off&#8221; parallax_method=&#8221;on&#8221;][et_pb_image src=&#8221;https:\/\/rhino.systems\/wp-content\/uploads\/2018\/08\/netshore_bogota.png&#8221; _builder_version=&#8221;3.5.1&#8243;][\/et_pb_image][\/et_pb_column][et_pb_column type=&#8221;1_4&#8243; _builder_version=&#8221;3.0.47&#8243; parallax=&#8221;off&#8221; parallax_method=&#8221;on&#8221;][et_pb_image src=&#8221;https:\/\/rhino.systems\/wp-content\/uploads\/2018\/08\/netshore_ciudadmex.png&#8221; _builder_version=&#8221;3.5.1&#8243;][\/et_pb_image][\/et_pb_column][\/et_pb_row][\/et_pb_section][et_pb_section fb_built=&#8221;1&#8243; _builder_version=&#8221;3.5.1&#8243; background_color=&#8221;#e91c24&#8243; custom_margin=&#8221;0px||0px|&#8221; global_module=&#8221;2490&#8243;][et_pb_row custom_margin=&#8221;0px||0px|&#8221; _builder_version=&#8221;3.5.1&#8243;][et_pb_column type=&#8221;4_4&#8243; _builder_version=&#8221;3.0.47&#8243; parallax=&#8221;off&#8221; parallax_method=&#8221;on&#8221;][et_pb_cta button_url=&#8221;\/rhino\/contacto\/&#8221; button_text=&#8221;Cont\u00e1ctanos ahora&#8221; _builder_version=&#8221;3.5.1&#8243; header_level=&#8221;h3&#8243; header_font=&#8221;|300|||||||&#8221; header_font_size=&#8221;22&#8243; body_font=&#8221;|300|||||||&#8221; background_color=&#8221;#e91c24&#8243; custom_button=&#8221;on&#8221; button_bg_color=&#8221;#f4510e&#8221; custom_margin=&#8221;0px||0px|&#8221; custom_padding=&#8221;0px||0px|&#8221;]<\/p>\n<h3 style=\"text-align: center; font-weight: 300; line-height: 1.4em;\">Would you like to know more about our<strong> Software Factory<\/strong>?<\/h3>\n<p>[\/et_pb_cta][\/et_pb_column][\/et_pb_row][\/et_pb_section]<\/p>","protected":false},"excerpt":{"rendered":"<p>C\u00f3mo funciona Modelo de operaci\u00f3n Software Factory &lt;!&#8211; [et_pb_line_break_holder] &#8211;&gt;Metodolog\u00eda F\u00e1brica de Software Equipo del Proyecto El equipo del proyecto est\u00e1 conformado por personal de la empresa o instituci\u00f3n encargada de transmitir las necesidades del mismo as\u00ed [&hellip;]<\/p>","protected":false},"author":1,"featured_media":0,"parent":142,"menu_order":0,"comment_status":"closed","ping_status":"closed","template":"","meta":{"_et_pb_use_builder":"on","_et_pb_old_content":"","_et_gb_content_width":"","footnotes":""},"class_list":["post-1599","page","type-page","status-publish","hentry"],"_links":{"self":[{"href":"https:\/\/rhino.systems\/en\/wp-json\/wp\/v2\/pages\/1599"}],"collection":[{"href":"https:\/\/rhino.systems\/en\/wp-json\/wp\/v2\/pages"}],"about":[{"href":"https:\/\/rhino.systems\/en\/wp-json\/wp\/v2\/types\/page"}],"author":[{"embeddable":true,"href":"https:\/\/rhino.systems\/en\/wp-json\/wp\/v2\/users\/1"}],"replies":[{"embeddable":true,"href":"https:\/\/rhino.systems\/en\/wp-json\/wp\/v2\/comments?post=1599"}],"version-history":[{"count":0,"href":"https:\/\/rhino.systems\/en\/wp-json\/wp\/v2\/pages\/1599\/revisions"}],"up":[{"embeddable":true,"href":"https:\/\/rhino.systems\/en\/wp-json\/wp\/v2\/pages\/142"}],"wp:attachment":[{"href":"https:\/\/rhino.systems\/en\/wp-json\/wp\/v2\/media?parent=1599"}],"curies":[{"name":"wp","href":"https:\/\/api.w.org\/{rel}","templated":true}]}}