{"id":147,"date":"2018-06-08T15:40:09","date_gmt":"2018-06-08T15:40:09","guid":{"rendered":"https:\/\/rhino.systems\/?page_id=147"},"modified":"2019-05-08T18:09:43","modified_gmt":"2019-05-08T18:09:43","slug":"la-banca-digital","status":"publish","type":"page","link":"https:\/\/rhino.systems\/en\/solutions\/financial-services-framework\/digital-banking\/","title":{"rendered":"Digital Banking"},"content":{"rendered":"<p>[et_pb_section fb_built=&#8221;1&#8243; fullwidth=&#8221;on&#8221; disabled_on=&#8221;off||&#8221; _builder_version=&#8221;3.5.1&#8243;][et_pb_fullwidth_slider _builder_version=&#8221;3.5.1&#8243;][et_pb_slide image=&#8221;https:\/\/rhino.systems\/wp-content\/uploads\/2018\/06\/soluciones_financial.png&#8221; use_bg_overlay=&#8221;off&#8221; use_text_overlay=&#8221;off&#8221; _builder_version=&#8221;3.5.1&#8243; body_font_size=&#8221;34&#8243; body_font_size_tablet=&#8221;32&#8243; body_font_size_phone=&#8221;32&#8243; body_font_size_last_edited=&#8221;on|desktop&#8221; background_color=&#8221;#2dafc1&#8243; background_image=&#8221;https:\/\/rhino.systems\/wp-content\/uploads\/2018\/08\/header_financiero3.png&#8221; button_on_hover=&#8221;on&#8221;]<\/p>\n<p style=\"text-align: center;\">Digital Banking<\/p>\n<p>[\/et_pb_slide][\/et_pb_fullwidth_slider][et_pb_fullwidth_menu menu_id=&#8221;3&#8243; submenu_direction=&#8221;downwards&#8221; fullwidth_menu=&#8221;on&#8221; active_link_color=&#8221;#ffffff&#8221; disabled_on=&#8221;off||&#8221; _builder_version=&#8221;3.5.1&#8243; menu_font=&#8221;|600|||||||&#8221; menu_text_color=&#8221;#ffffff&#8221; background_color=&#8221;#0086ac&#8221; text_orientation=&#8221;center&#8221; background_layout=&#8221;dark&#8221;][\/et_pb_fullwidth_menu][\/et_pb_section][et_pb_section fb_built=&#8221;1&#8243; _builder_version=&#8221;3.5.1&#8243; background_color=&#8221;#ededed&#8221;][et_pb_row _builder_version=&#8221;3.0.47&#8243; background_size=&#8221;initial&#8221; background_position=&#8221;top_left&#8221; background_repeat=&#8221;repeat&#8221;][et_pb_column type=&#8221;4_4&#8243; _builder_version=&#8221;3.0.47&#8243; parallax=&#8221;off&#8221; parallax_method=&#8221;on&#8221;][et_pb_text _builder_version=&#8221;3.5.1&#8243; header_line_height=&#8221;2em&#8221; max_width=&#8221;80%&#8221; module_alignment=&#8221;center&#8221;]<\/p>\n<h3 style=\"text-align: center; line-height: 1.4em; font-weight: 400;\" class=\"translation-block\">At<span style=\"color: #f95d11\"><strong> Rhino Systems<\/strong><\/span><strong> we know the changes your financial institution needs<\/strong>  to implement in order to cater to the needs of demanding <strong> clients who are accustomed to dynamic and ever more personalized services<\/strong>.<\/h3>\n<p>[\/et_pb_text][\/et_pb_column][\/et_pb_row][\/et_pb_section][et_pb_section fb_built=&#8221;1&#8243; _builder_version=&#8221;3.5.1&#8243;][et_pb_row _builder_version=&#8221;3.0.47&#8243; background_size=&#8221;initial&#8221; background_position=&#8221;top_left&#8221; background_repeat=&#8221;repeat&#8221;][et_pb_column type=&#8221;4_4&#8243; _builder_version=&#8221;3.0.47&#8243; parallax=&#8221;off&#8221; parallax_method=&#8221;on&#8221;][et_pb_text admin_label=&#8221;Titulo&#8221; _builder_version=&#8221;3.5.1&#8243; header_line_height=&#8221;2em&#8221; max_width=&#8221;80%&#8221; module_alignment=&#8221;center&#8221; saved_tabs=&#8221;all&#8221;]<\/p>\n<h2 style=\"text-align: center; line-height: 1.4em; font-weight: 400;\" class=\"translation-block\"><span style=\"color: #f95d11\"><strong>Trends <\/strong><\/span>in Banking<\/h2>\n<p>[\/et_pb_text][\/et_pb_column][\/et_pb_row][et_pb_row _builder_version=&#8221;3.0.47&#8243; background_size=&#8221;initial&#8221; background_position=&#8221;top_left&#8221; background_repeat=&#8221;repeat&#8221;][et_pb_column type=&#8221;4_4&#8243; _builder_version=&#8221;3.0.47&#8243; parallax=&#8221;off&#8221; parallax_method=&#8221;on&#8221;][et_pb_blurb title=&#8221;Una generaci\u00f3n m\u00e1s demandante&#8221; use_icon=&#8221;on&#8221; font_icon=&#8221;%%45%%&#8221; icon_color=&#8221;#ffffff&#8221; use_circle=&#8221;on&#8221; circle_color=&#8221;#ef6700&#8243; icon_placement=&#8221;left&#8221; _builder_version=&#8221;3.5.1&#8243; animation_style=&#8221;slide&#8221; animation_direction=&#8221;left&#8221;]<\/p>\n<p>Millenials and Generation Z spend a great amount of time connected on their mobile devices, they know technology, like to have control of their finances, are open to a self-service banking model, and their questioning of the \u201cstatus quo\u201d makes them more prone to put their own solutions together with different service providers.<\/p>\n<p>[\/et_pb_blurb][et_pb_blurb title=&#8221;Experiencias simples e intuitivas&#8221; use_icon=&#8221;on&#8221; font_icon=&#8221;%%45%%&#8221; icon_color=&#8221;#ffffff&#8221; use_circle=&#8221;on&#8221; circle_color=&#8221;#ef6700&#8243; icon_placement=&#8221;left&#8221; _builder_version=&#8221;3.5.1&#8243; animation_style=&#8221;slide&#8221; animation_direction=&#8221;left&#8221; animation_delay=&#8221;200ms&#8221;]Cada d\u00eda los clientes demandan simplicidad de uso y son menos complacientes cuando tienen que enfrentar con ineficiencias de un servicio bancario y financiero. Esperan experiencias consistentes, intuitivas y relevantes.<br \/>\n[\/et_pb_blurb][et_pb_blurb title=&#8221;Nuevos jugadores en la industria&#8221; use_icon=&#8221;on&#8221; font_icon=&#8221;%%45%%&#8221; icon_color=&#8221;#ffffff&#8221; use_circle=&#8221;on&#8221; circle_color=&#8221;#ef6700&#8243; icon_placement=&#8221;left&#8221; _builder_version=&#8221;3.5.1&#8243; animation_style=&#8221;slide&#8221; animation_direction=&#8221;left&#8221; animation_delay=&#8221;400ms&#8221;]La competencia por los mismos clientes es una realidad entre nuevos jugadores de compa\u00f1\u00edas tecnol\u00f3gicas que ofrecen servicios que antes s\u00f3lo las ofrec\u00edan instituciones financieras, posicion\u00e1ndose cada d\u00eda como una competencia real.<br \/>\n[\/et_pb_blurb][et_pb_blurb title=&#8221;Necesidad de establecer un \u201cDigital workplace\u201d&#8221; use_icon=&#8221;on&#8221; font_icon=&#8221;%%45%%&#8221; icon_color=&#8221;#ffffff&#8221; use_circle=&#8221;on&#8221; circle_color=&#8221;#ef6700&#8243; icon_placement=&#8221;left&#8221; _builder_version=&#8221;3.5.1&#8243; animation_style=&#8221;slide&#8221; animation_direction=&#8221;left&#8221; animation_delay=&#8221;250ms&#8221;]<\/p>\n<p>Digital transformation demands an internal reassessment of work models, new process definitions, and technologies which establish the tools that allow the Bank to stay connected with the digital customer.<\/p>\n<p>[\/et_pb_blurb][\/et_pb_column][\/et_pb_row][\/et_pb_section][et_pb_section fb_built=&#8221;1&#8243; _builder_version=&#8221;3.5.1&#8243; background_color=&#8221;#0f3750&#8243; custom_margin=&#8221;0px||0px|&#8221; custom_padding=&#8221;30px||30px|&#8221;][et_pb_row custom_padding=&#8221;0px||0px|&#8221; custom_margin=&#8221;0px||0px|&#8221; _builder_version=&#8221;3.5.1&#8243;][et_pb_column type=&#8221;4_4&#8243; _builder_version=&#8221;3.0.47&#8243; parallax=&#8221;off&#8221; parallax_method=&#8221;on&#8221;][et_pb_text admin_label=&#8221;Frase &#8221; _builder_version=&#8221;3.5.1&#8243; text_font_size=&#8221;22px&#8221; header_text_color=&#8221;#ffffff&#8221; background_layout=&#8221;dark&#8221;]<\/p>\n<p style=\"text-align: center;\"><strong>Improving the service of the Bank<\/strong><\/p>\n<p>[\/et_pb_text][\/et_pb_column][\/et_pb_row][\/et_pb_section][et_pb_section fb_built=&#8221;1&#8243; _builder_version=&#8221;3.5.1&#8243; background_color=&#8221;#f7f7f7&#8243;][et_pb_row padding_top_1=&#8221;12px&#8221; padding_top_2=&#8221;12px&#8221; padding_top_3=&#8221;12px&#8221; padding_right_1=&#8221;12px&#8221; padding_right_2=&#8221;12px&#8221; padding_right_3=&#8221;12px&#8221; padding_bottom_1=&#8221;12px&#8221; padding_bottom_2=&#8221;12px&#8221; padding_bottom_3=&#8221;12px&#8221; padding_left_1=&#8221;12px&#8221; padding_left_2=&#8221;12px&#8221; padding_left_3=&#8221;12px&#8221; _builder_version=&#8221;3.5.1&#8243;][et_pb_column type=&#8221;1_3&#8243; _builder_version=&#8221;3.0.47&#8243; padding_bottom=&#8221;12px&#8221; padding_left=&#8221;12px&#8221; padding_right=&#8221;12px&#8221; padding_top=&#8221;12px&#8221; parallax=&#8221;off&#8221; parallax_method=&#8221;on&#8221;][et_pb_image src=&#8221;https:\/\/rhino.systems\/wp-content\/uploads\/2018\/08\/icono_circulo_BancaDigi2.png&#8221; _builder_version=&#8221;3.5.1&#8243; max_width=&#8221;80%&#8221; module_alignment=&#8221;right&#8221;][\/et_pb_image][\/et_pb_column][et_pb_column type=&#8221;2_3&#8243; _builder_version=&#8221;3.0.47&#8243; padding_bottom=&#8221;12px&#8221; padding_left=&#8221;12px&#8221; padding_right=&#8221;12px&#8221; padding_top=&#8221;12px&#8221; parallax=&#8221;off&#8221; parallax_method=&#8221;on&#8221;][et_pb_text _builder_version=&#8221;3.5.1&#8243;]<\/p>\n<h3 style=\"line-height: 1.4em; text-align: left;\">Understanding the digital client<\/h3>\n<p><em>Knowing your clients is vital in providing the service they require<\/em><\/p>\n<p>Clients are currently searching for a unified experience in all the channels of self-service and assisted service they come in contact with. They look for personalized options with swift and consistent answers, services that allow for self-self-learning and advanced analyses relayed by banking executives.<\/p>\n<p>[\/et_pb_text][\/et_pb_column][\/et_pb_row][et_pb_row padding_top_1=&#8221;12px&#8221; padding_top_2=&#8221;12px&#8221; padding_top_3=&#8221;12px&#8221; padding_right_1=&#8221;12px&#8221; padding_right_2=&#8221;12px&#8221; padding_right_3=&#8221;12px&#8221; padding_bottom_1=&#8221;12px&#8221; padding_bottom_2=&#8221;12px&#8221; padding_bottom_3=&#8221;12px&#8221; padding_left_1=&#8221;12px&#8221; padding_left_2=&#8221;12px&#8221; padding_left_3=&#8221;12px&#8221; _builder_version=&#8221;3.5.1&#8243;][et_pb_column type=&#8221;1_3&#8243; _builder_version=&#8221;3.0.47&#8243; padding_bottom=&#8221;12px&#8221; padding_left=&#8221;12px&#8221; padding_right=&#8221;12px&#8221; padding_top=&#8221;12px&#8221; parallax=&#8221;off&#8221; parallax_method=&#8221;on&#8221;][et_pb_image src=&#8221;https:\/\/rhino.systems\/wp-content\/uploads\/2018\/08\/icono_circulo_BancaDigi1.png&#8221; _builder_version=&#8221;3.5.1&#8243; max_width=&#8221;80%&#8221; module_alignment=&#8221;right&#8221;][\/et_pb_image][\/et_pb_column][et_pb_column type=&#8221;2_3&#8243; _builder_version=&#8221;3.0.47&#8243; padding_bottom=&#8221;12px&#8221; padding_left=&#8221;12px&#8221; padding_right=&#8221;12px&#8221; padding_top=&#8221;12px&#8221; parallax=&#8221;off&#8221; parallax_method=&#8221;on&#8221;][et_pb_text _builder_version=&#8221;3.5.1&#8243;]<\/p>\n<h3 style=\"line-height: 1.4em; text-align: left;\">Increasing the Banking Executives\u2019 assertiveness<\/h3>\n<p><em>Simplify their tasks and create measurable goals<\/em><\/p>\n<p>Your banking executives in customer service are faced with internal tasks and redundant processes which create an obstacle for them to focus on sales. Having complete, centralized, and automated solutions and clear and measurable sales targets provide the executives with all the tools they need to focus on improving their relationships with clients, which translates in sales and growth for your institution.<\/p>\n<p>[\/et_pb_text][\/et_pb_column][\/et_pb_row][\/et_pb_section][et_pb_section fb_built=&#8221;1&#8243; _builder_version=&#8221;3.5.1&#8243; background_color=&#8221;#0f3750&#8243; custom_margin=&#8221;0px||0px|&#8221; custom_padding=&#8221;30px||30px|&#8221;][et_pb_row custom_padding=&#8221;0px||0px|&#8221; custom_margin=&#8221;0px||0px|&#8221; _builder_version=&#8221;3.5.1&#8243;][et_pb_column type=&#8221;4_4&#8243; _builder_version=&#8221;3.0.47&#8243; parallax=&#8221;off&#8221; parallax_method=&#8221;on&#8221;][et_pb_text admin_label=&#8221;Frase &#8221; _builder_version=&#8221;3.5.1&#8243; text_font_size=&#8221;22px&#8221; header_text_color=&#8221;#ffffff&#8221; background_layout=&#8221;dark&#8221;]<\/p>\n<p style=\"text-align: center;\" class=\"translation-block\">Some <strong>achievements<\/strong> attained by <strong>improving customer service<\/strong><\/p>\n<p>[\/et_pb_text][\/et_pb_column][\/et_pb_row][\/et_pb_section][et_pb_section fb_built=&#8221;1&#8243; _builder_version=&#8221;3.0.47&#8243;][et_pb_row _builder_version=&#8221;3.0.47&#8243; background_size=&#8221;initial&#8221; background_position=&#8221;top_left&#8221; background_repeat=&#8221;repeat&#8221;][et_pb_column type=&#8221;1_4&#8243; _builder_version=&#8221;3.0.47&#8243; parallax=&#8221;off&#8221; parallax_method=&#8221;on&#8221;][et_pb_circle_counter title=&#8221;Incremento en productividad&#8221; number=&#8221;30&#8243; bar_bg_color=&#8221;#f4510e&#8221; _builder_version=&#8221;3.5.1&#8243; title_line_height=&#8221;1.4em&#8221; number_text_color=&#8221;#227db1&#8243; max_width=&#8221;190px&#8221;][\/et_pb_circle_counter][\/et_pb_column][et_pb_column type=&#8221;1_4&#8243; _builder_version=&#8221;3.0.47&#8243; parallax=&#8221;off&#8221; parallax_method=&#8221;on&#8221;][et_pb_circle_counter title=&#8221;De mejora en tiempos durante la atenci\u00f3n al cliente&#8221; number=&#8221;22&#8243; bar_bg_color=&#8221;#f4510e&#8221; _builder_version=&#8221;3.5.1&#8243; title_line_height=&#8221;1.4em&#8221; number_text_color=&#8221;#1e71a8&#8243; max_width=&#8221;190px&#8221;][\/et_pb_circle_counter][\/et_pb_column][et_pb_column type=&#8221;1_4&#8243; _builder_version=&#8221;3.0.47&#8243; parallax=&#8221;off&#8221; parallax_method=&#8221;on&#8221;][et_pb_circle_counter title=&#8221;De reducci\u00f3n en escaladas&#8221; number=&#8221;80&#8243; bar_bg_color=&#8221;#f4510e&#8221; _builder_version=&#8221;3.5.1&#8243; title_line_height=&#8221;1.4em&#8221; number_text_color=&#8221;#227db1&#8243; max_width=&#8221;190px&#8221;][\/et_pb_circle_counter][\/et_pb_column][et_pb_column type=&#8221;1_4&#8243; _builder_version=&#8221;3.0.47&#8243; parallax=&#8221;off&#8221; parallax_method=&#8221;on&#8221;][et_pb_circle_counter title=&#8221;Venta cruzada mejorada&#8221; number=&#8221;20&#8243; bar_bg_color=&#8221;#f4510e&#8221; _builder_version=&#8221;3.5.1&#8243; title_line_height=&#8221;1.4em&#8221; number_text_color=&#8221;#227db1&#8243; max_width=&#8221;190px&#8221;][\/et_pb_circle_counter][\/et_pb_column][\/et_pb_row][\/et_pb_section][et_pb_section fb_built=&#8221;1&#8243; fullwidth=&#8221;on&#8221; _builder_version=&#8221;3.5.1&#8243;][et_pb_fullwidth_slider _builder_version=&#8221;3.5.1&#8243;][et_pb_slide use_bg_overlay=&#8221;off&#8221; use_text_overlay=&#8221;off&#8221; _builder_version=&#8221;3.5.1&#8243; background_color=&#8221;#e0e0e0&#8243; background_image=&#8221;https:\/\/rhino.systems\/wp-content\/uploads\/2018\/08\/fondo_team_1.png&#8221; parallax=&#8221;on&#8221; button_on_hover=&#8221;on&#8221;]<\/p>\n<h2 style=\"text-align: center; font-weight: 100; line-height: 1.4em;\"><strong>Rhino Financial Services Framework<\/strong><br \/>\nDeveloped by banking experts<\/h2>\n<p>[\/et_pb_slide][\/et_pb_fullwidth_slider][\/et_pb_section][et_pb_section fb_built=&#8221;1&#8243; _builder_version=&#8221;3.0.47&#8243;][et_pb_row _builder_version=&#8221;3.0.47&#8243; background_size=&#8221;initial&#8221; background_position=&#8221;top_left&#8221; background_repeat=&#8221;repeat&#8221;][et_pb_column type=&#8221;2_3&#8243; _builder_version=&#8221;3.0.47&#8243; parallax=&#8221;off&#8221; parallax_method=&#8221;on&#8221;][et_pb_text _builder_version=&#8221;3.5.1&#8243;]<\/p>\n<h2>Our team<\/h2>\n<p>&nbsp;<\/p>\n<p style=\"font-weight: 400;\" class=\"translation-block\">From its beginning, <strong> Rhino Systems<\/strong>  was created with the perspective of catering to the customer service needs of the financial sector. Our team is made up of experts in banking technology who know exactly what the current processes and needs are. Our goal is to always be one step ahead in the future of banking so as to develop cutting-edge solutions for our customers.<\/p>\n<p>[\/et_pb_text][\/et_pb_column][et_pb_column type=&#8221;1_3&#8243; _builder_version=&#8221;3.0.47&#8243; parallax=&#8221;off&#8221; parallax_method=&#8221;on&#8221;][et_pb_button button_url=&#8221;\/rhino\/acerca-de-rhino\/&#8221; button_text=&#8221;M\u00e1s acerca de Rhino&#8221; button_alignment=&#8221;center&#8221; _builder_version=&#8221;3.5.1&#8243; custom_button=&#8221;on&#8221; button_text_size=&#8221;18&#8243; button_text_color=&#8221;#ffffff&#8221; button_bg_color=&#8221;#f4510e&#8221; button_border_radius=&#8221;8&#8243; button_icon=&#8221;%%24%%&#8221; button_on_hover=&#8221;off&#8221; button_bg_color_hover=&#8221;#f2652b&#8221; custom_margin=&#8221;60px||6px|&#8221; animation_style=&#8221;fade&#8221;][\/et_pb_button][\/et_pb_column][\/et_pb_row][\/et_pb_section][et_pb_section fb_built=&#8221;1&#8243; _builder_version=&#8221;3.5.1&#8243; background_color=&#8221;#51c3ca&#8221; custom_margin=&#8221;0px||0px|&#8221; global_module=&#8221;2366&#8243;][et_pb_row custom_margin=&#8221;0px||0px|&#8221; _builder_version=&#8221;3.5.1&#8243; background_size=&#8221;initial&#8221; background_position=&#8221;top_left&#8221; background_repeat=&#8221;repeat&#8221;][et_pb_column type=&#8221;4_4&#8243; _builder_version=&#8221;3.0.47&#8243; parallax=&#8221;off&#8221; parallax_method=&#8221;on&#8221;][et_pb_cta button_url=&#8221;\/rhino\/contacto\/&#8221; button_text=&#8221;Cont\u00e1ctanos ahora&#8221; _builder_version=&#8221;3.5.1&#8243; header_level=&#8221;h3&#8243; header_font=&#8221;|300|||||||&#8221; header_font_size=&#8221;22&#8243; body_font=&#8221;|300|||||||&#8221; background_color=&#8221;#51c3ca&#8221; custom_button=&#8221;on&#8221; button_bg_color=&#8221;#176490&#8243; custom_margin=&#8221;0px||0px|&#8221; custom_padding=&#8221;0px||0px|&#8221;]<\/p>\n<h3 style=\"text-align: center; font-weight: 300; line-height: 1.4em;\" class=\"translation-block\">Would you like to know more about <strong>Rhino Financial Services Framework<\/strong>?<\/h3>\n<p>[\/et_pb_cta][\/et_pb_column][\/et_pb_row][\/et_pb_section]<\/p>","protected":false},"excerpt":{"rendered":"<p>La Banca Digital En Rhino Systems conocemos los cambios que requiere tu instituci\u00f3n financiera para atender las necesidades de clientes exigentes, acostumbrados a tener servicios din\u00e1micos cada vez m\u00e1s personalizados.Tendencias de la Banca Los Millennials y la Generaci\u00f3n Z son generaciones que est\u00e1n conectadas desde dispositivos m\u00f3viles una gran parte del tiempo, conocen mucho de [&hellip;]<\/p>","protected":false},"author":1,"featured_media":0,"parent":133,"menu_order":1,"comment_status":"closed","ping_status":"closed","template":"","meta":{"_et_pb_use_builder":"on","_et_pb_old_content":"","_et_gb_content_width":"","footnotes":""},"class_list":["post-147","page","type-page","status-publish","hentry"],"_links":{"self":[{"href":"https:\/\/rhino.systems\/en\/wp-json\/wp\/v2\/pages\/147"}],"collection":[{"href":"https:\/\/rhino.systems\/en\/wp-json\/wp\/v2\/pages"}],"about":[{"href":"https:\/\/rhino.systems\/en\/wp-json\/wp\/v2\/types\/page"}],"author":[{"embeddable":true,"href":"https:\/\/rhino.systems\/en\/wp-json\/wp\/v2\/users\/1"}],"replies":[{"embeddable":true,"href":"https:\/\/rhino.systems\/en\/wp-json\/wp\/v2\/comments?post=147"}],"version-history":[{"count":0,"href":"https:\/\/rhino.systems\/en\/wp-json\/wp\/v2\/pages\/147\/revisions"}],"up":[{"embeddable":true,"href":"https:\/\/rhino.systems\/en\/wp-json\/wp\/v2\/pages\/133"}],"wp:attachment":[{"href":"https:\/\/rhino.systems\/en\/wp-json\/wp\/v2\/media?parent=147"}],"curies":[{"name":"wp","href":"https:\/\/api.w.org\/{rel}","templated":true}]}}