{"id":142,"date":"2018-06-08T15:38:12","date_gmt":"2018-06-08T15:38:12","guid":{"rendered":"https:\/\/rhino.systems\/?page_id=142"},"modified":"2019-07-22T22:51:54","modified_gmt":"2019-07-22T22:51:54","slug":"rhino-fabrica-de-software","status":"publish","type":"page","link":"https:\/\/rhino.systems\/en\/solutions\/rhino-software-factory\/","title":{"rendered":"Rhino Software Factory"},"content":{"rendered":"<p>[et_pb_section fb_built=&#8221;1&#8243; fullwidth=&#8221;on&#8221; _builder_version=&#8221;3.0.47&#8243;][et_pb_fullwidth_slider _builder_version=&#8221;3.5.1&#8243;][et_pb_slide image=&#8221;https:\/\/rhino.systems\/wp-content\/uploads\/2018\/06\/soluciones_fabrica.png&#8221; use_bg_overlay=&#8221;off&#8221; use_text_overlay=&#8221;off&#8221; _builder_version=&#8221;3.5.1&#8243; body_text_align=&#8221;center&#8221; body_font_size=&#8221;32&#8243; body_font_size_tablet=&#8221;28&#8243; body_font_size_phone=&#8221;26&#8243; body_font_size_last_edited=&#8221;on|phone&#8221; background_color=&#8221;#dd1f1f&#8221; background_image=&#8221;https:\/\/rhino.systems\/wp-content\/uploads\/2018\/07\/header_softw1.png&#8221; background_size=&#8221;contain&#8221; button_on_hover=&#8221;on&#8221;]<\/p>\n<p style=\"text-align: center;\">Summary<\/p>\n<p>[\/et_pb_slide][\/et_pb_fullwidth_slider][et_pb_fullwidth_menu menu_id=&#8221;20&#8243; submenu_direction=&#8221;downwards&#8221; fullwidth_menu=&#8221;off&#8221; _builder_version=&#8221;3.5.1&#8243; menu_font=&#8221;|600|||||||&#8221; background_color=&#8221;#990002&#8243; text_orientation=&#8221;center&#8221; background_layout=&#8221;dark&#8221;]&nbsp;<br \/>\n[\/et_pb_fullwidth_menu][\/et_pb_section][et_pb_section fb_built=&#8221;1&#8243; _builder_version=&#8221;3.5.1&#8243; background_color=&#8221;#ededed&#8221;][et_pb_row _builder_version=&#8221;3.5.1&#8243; background_size=&#8221;initial&#8221; background_position=&#8221;top_left&#8221; background_repeat=&#8221;repeat&#8221;][et_pb_column type=&#8221;4_4&#8243; _builder_version=&#8221;3.0.47&#8243; parallax=&#8221;off&#8221; parallax_method=&#8221;on&#8221;][et_pb_text _builder_version=&#8221;3.5.1&#8243; header_line_height=&#8221;2em&#8221; max_width=&#8221;80%&#8221; module_alignment=&#8221;center&#8221;]<\/p>\n<h3 style=\"text-align: center; font-weight: 400; line-height: 1.4em;\" class=\"translation-block\">With <span style=\"color: #f95d11\"><strong>Rhino Software Factory<\/strong><\/span> we make sure that all our of our developments and implementations keep to the <strong>same quality standards<\/strong> as well as <strong>cutting down time <\/strong>and <strong>increasing productivity<\/strong>.<\/h3>\n<p>[\/et_pb_text][\/et_pb_column][\/et_pb_row][\/et_pb_section][et_pb_section fb_built=&#8221;1&#8243; _builder_version=&#8221;3.0.47&#8243;][et_pb_row _builder_version=&#8221;3.0.47&#8243; background_size=&#8221;initial&#8221; background_position=&#8221;top_left&#8221; background_repeat=&#8221;repeat&#8221;][et_pb_column type=&#8221;1_2&#8243; _builder_version=&#8221;3.0.47&#8243; parallax=&#8221;off&#8221; parallax_method=&#8221;on&#8221;][et_pb_text _builder_version=&#8221;3.5.1&#8243; background_size=&#8221;initial&#8221; background_position=&#8221;top_left&#8221; background_repeat=&#8221;repeat&#8221; custom_padding=&#8221;60px|||&#8221;]<\/p>\n<p style=\"text-align: left;\"><strong>At rhino Software Factory all our operation is centered in keeping to processes that make us faster, more productive and efficient during the production of the software.<\/strong><\/p>\n<p style=\"text-align: left;\">The model we developed for the operation of Rhino Software Factory has been a key element for Rhino Systems growth.<\/p>\n<p>[\/et_pb_text][\/et_pb_column][et_pb_column type=&#8221;1_2&#8243; _builder_version=&#8221;3.0.47&#8243; parallax=&#8221;off&#8221; parallax_method=&#8221;on&#8221;][et_pb_image src=&#8221;https:\/\/rhino.systems\/wp-content\/uploads\/2018\/08\/rhino_fabrica2.png&#8221; align=&#8221;right&#8221; _builder_version=&#8221;3.5.1&#8243; max_width=&#8221;85%&#8221; module_alignment=&#8221;right&#8221;][\/et_pb_image][\/et_pb_column][\/et_pb_row][\/et_pb_section][et_pb_section fb_built=&#8221;1&#8243; _builder_version=&#8221;3.5.1&#8243; background_color=&#8221;#f7f7f7&#8243;][et_pb_row _builder_version=&#8221;3.0.47&#8243; background_size=&#8221;initial&#8221; background_position=&#8221;top_left&#8221; background_repeat=&#8221;repeat&#8221;][et_pb_column type=&#8221;4_4&#8243; _builder_version=&#8221;3.0.47&#8243; parallax=&#8221;off&#8221; parallax_method=&#8221;on&#8221;][et_pb_text _builder_version=&#8221;3.5.1&#8243; background_size=&#8221;initial&#8221; background_position=&#8221;top_left&#8221; background_repeat=&#8221;repeat&#8221;]<\/p>\n<h2 style=\"text-align: center;\">Benefits of having a <span style=\"color: #f4510e;\"><strong>Software Factory<\/strong><\/span><\/h2>\n<p>[\/et_pb_text][\/et_pb_column][\/et_pb_row][et_pb_row _builder_version=&#8221;3.0.47&#8243; background_size=&#8221;initial&#8221; background_position=&#8221;top_left&#8221; background_repeat=&#8221;repeat&#8221;][et_pb_column type=&#8221;4_4&#8243; _builder_version=&#8221;3.0.47&#8243; parallax=&#8221;off&#8221; parallax_method=&#8221;on&#8221;][et_pb_text admin_label=&#8221;T\u00edtulo&#8221; _builder_version=&#8221;3.5.1&#8243;]<\/p>\n<p>Developing and maintaining several applications is a challenge for any work team. Achieving it is the result of using the best development practices in our Software Factory. Some of the benefits listed  by Microsoft are:<\/p>\n<p>[\/et_pb_text][\/et_pb_column][\/et_pb_row][et_pb_row _builder_version=&#8221;3.0.47&#8243; background_size=&#8221;initial&#8221; background_position=&#8221;top_left&#8221; background_repeat=&#8221;repeat&#8221;][et_pb_column type=&#8221;1_3&#8243; _builder_version=&#8221;3.0.47&#8243; parallax=&#8221;off&#8221; parallax_method=&#8221;on&#8221;][et_pb_image src=&#8221;https:\/\/rhino.systems\/wp-content\/uploads\/2018\/08\/icono_fabrica_consistencia.png&#8221; align=&#8221;center&#8221; _builder_version=&#8221;3.5.1&#8243; max_width=&#8221;60%&#8221; module_alignment=&#8221;center&#8221;][\/et_pb_image][et_pb_text admin_label=&#8221;T\u00edtulo&#8221; _builder_version=&#8221;3.5.1&#8243;]<\/p>\n<h4 style=\"text-align: center;\">Consistency<\/h4>\n<p><span id=\"result_box\" class=\"\" lang=\"es\"><span title=\"however, using these approaches to consistently apply the valuable knowledge previously gained during development of multiple applications can be an inefficient and error-prone process. \"><span title=\"Using a software factory to build multiple instances of a software product line (a set of applications that share features and architecture) makes it easier to achieve consistency.\">The use of a software factory to create multiple instances of a software product line (a group of applications which share characteristics and architecture) provides coherence. <\/span><span title=\"This simplifies governance and lowers maintenance and training costs. \u00a0\u00a0\u00a0\u00a0\">This simplifies governance and reduces maintenance and training costs.<\/span><\/span><\/span><br \/>\n[\/et_pb_text][\/et_pb_column][et_pb_column type=&#8221;1_3&#8243; _builder_version=&#8221;3.0.47&#8243; parallax=&#8221;off&#8221; parallax_method=&#8221;on&#8221;][et_pb_image src=&#8221;https:\/\/rhino.systems\/wp-content\/uploads\/2018\/08\/icono_fabrica_calidad.png&#8221; align=&#8221;center&#8221; _builder_version=&#8221;3.5.1&#8243; max_width=&#8221;60%&#8221; module_alignment=&#8221;center&#8221;][\/et_pb_image][et_pb_text admin_label=&#8221;T\u00edtulo&#8221; _builder_version=&#8221;3.5.1&#8243;]<\/p>\n<h4 style=\"line-height: 1.4em; text-align: center;\">Quality<\/h4>\n<p><span id=\"result_box\" class=\"\" lang=\"es\"><span title=\"Using a software factory makes it easier for developers to learn and implement proven practices.\">The use of a software factory makes it easier for developers to learn and implement proven practices. <\/span><span title=\"Developers spend less time writing boilerplate code and spend more time creating features that are unique to each application.\">Developers spend less time writing repetitive code and spend more time creating unique features for each application. <\/span><span title=\"This reduces the likelihood of the application having design flaws or code defects.\">This decreases the risk of the application having design flaws or mistakes in the code. <\/span><span title=\"Applications developed by using a software factory can also be verified before deployment.\">Applications designed with the use of a software factory can also be verified before they are released. <\/span><span title=\"This ensures that factory-specific best practices were followed during development. \u00a0\u00a0\u00a0\u00a0\">This guarantees that best practices specific to the factory were followed during development.<\/span><\/span><br \/>\n[\/et_pb_text][\/et_pb_column][et_pb_column type=&#8221;1_3&#8243; _builder_version=&#8221;3.0.47&#8243; parallax=&#8221;off&#8221; parallax_method=&#8221;on&#8221;][et_pb_image src=&#8221;https:\/\/rhino.systems\/wp-content\/uploads\/2018\/08\/icono_fabrica_automatizacion.png&#8221; align=&#8221;center&#8221; _builder_version=&#8221;3.5.1&#8243; max_width=&#8221;60%&#8221; module_alignment=&#8221;center&#8221;][\/et_pb_image][et_pb_text admin_label=&#8221;T\u00edtulo&#8221; _builder_version=&#8221;3.5.1&#8243;]<\/p>\n<h4 style=\"line-height: 1.4em; text-align: center;\">Automation<\/h4>\n<p><span id=\"result_box\" class=\"\" lang=\"es\"><span title=\"Using a software factory streamlines and automates the prescribed application development activities in the following ways: \u00a0\u00a0\u00a0\u00a0\u00a0\u00a0\u00a0\u00a0\">The use of a software factory speeds and automates the prescribed application development in the following ways:<\/span><\/span><\/p>\n<p>&nbsp;<\/p>\n<ul>\n<li><span id=\"result_box\" class=\"\" lang=\"es\"><span title=\"It reuses software assets, particularly extensible architecture baselines, application frameworks, and application blocks. \u00a0\u00a0\u00a0\u00a0\u00a0\u00a0\u00a0\u00a0\">Reuse software assets, particularly baselines of existing architecture, application frames and blocks.<\/span><\/span><\/li>\n<li><span id=\"result_box\" class=\"\" lang=\"es\"><span title=\"It provides contextualized and automated guidance. \u00a0\u00a0\u00a0\u00a0\u00a0\u00a0\u00a0\u00a0\">Gives contextualized and automated guidance.<\/span><\/span><\/li>\n<li><span id=\"result_box\" class=\"\" lang=\"es\"><span title=\"It generates code from models that represent abstractions of the application elements and mechanisms. \">Generates code from models which represent abstractions of the elements and mechanisms of the application.<\/span><\/span><\/li>\n<\/ul>\n<p>[\/et_pb_text][\/et_pb_column][\/et_pb_row][et_pb_row _builder_version=&#8221;3.0.47&#8243; background_size=&#8221;initial&#8221; background_position=&#8221;top_left&#8221; background_repeat=&#8221;repeat&#8221;][et_pb_column type=&#8221;4_4&#8243; _builder_version=&#8221;3.0.47&#8243; parallax=&#8221;off&#8221; parallax_method=&#8221;on&#8221;][et_pb_button button_url=&#8221;\/rhino\/como-funciona-fabrica\/&#8221; button_text=&#8221;C\u00f3mo funciona&#8221; button_alignment=&#8221;center&#8221; _builder_version=&#8221;3.5.1&#8243; custom_button=&#8221;on&#8221; button_text_size=&#8221;18&#8243; button_text_color=&#8221;#ffffff&#8221; button_bg_color=&#8221;#f4510e&#8221; button_border_radius=&#8221;8&#8243; button_icon=&#8221;%%24%%&#8221; button_on_hover=&#8221;off&#8221; button_bg_color_hover=&#8221;#f2652b&#8221; custom_margin=&#8221;6px||6px|&#8221; animation_style=&#8221;fade&#8221;]&nbsp;<br \/>\n[\/et_pb_button][\/et_pb_column][\/et_pb_row][\/et_pb_section][et_pb_section fb_built=&#8221;1&#8243; _builder_version=&#8221;3.5.1&#8243; background_color=&#8221;#e91c24&#8243; custom_margin=&#8221;0px||0px|&#8221; global_module=&#8221;2490&#8243;][et_pb_row custom_margin=&#8221;0px||0px|&#8221; _builder_version=&#8221;3.5.1&#8243;][et_pb_column type=&#8221;4_4&#8243; _builder_version=&#8221;3.0.47&#8243; parallax=&#8221;off&#8221; parallax_method=&#8221;on&#8221;][et_pb_cta button_url=&#8221;\/rhino\/contacto\/&#8221; button_text=&#8221;Cont\u00e1ctanos ahora&#8221; _builder_version=&#8221;3.5.1&#8243; header_level=&#8221;h3&#8243; header_font=&#8221;|300|||||||&#8221; header_font_size=&#8221;22&#8243; body_font=&#8221;|300|||||||&#8221; background_color=&#8221;#e91c24&#8243; custom_button=&#8221;on&#8221; button_bg_color=&#8221;#f4510e&#8221; custom_margin=&#8221;0px||0px|&#8221; custom_padding=&#8221;0px||0px|&#8221;]<\/p>\n<h3 style=\"text-align: center; font-weight: 300; line-height: 1.4em;\">Would you like to know more about our<strong> Software Factory<\/strong>?<\/h3>\n<p>[\/et_pb_cta][\/et_pb_column][\/et_pb_row][\/et_pb_section]<\/p>","protected":false},"excerpt":{"rendered":"<p>Resumen &nbsp; Con Rhino Software Factory nos aseguramos de que todos nuestros desarrollos e implementaciones mantengan los mismos est\u00e1ndares de calidad, adem\u00e1s de agilizar tiempos e incrementar la productividad. En Rhino Software Factory toda nuestra operaci\u00f3n est\u00e1 centrada en\u00a0 mantener procesos que nos permiten ser m\u00e1s r\u00e1pidos, productivos y eficientes durante la elaboraci\u00f3n del software. [&hellip;]<\/p>","protected":false},"author":1,"featured_media":0,"parent":8,"menu_order":4,"comment_status":"closed","ping_status":"closed","template":"","meta":{"_et_pb_use_builder":"on","_et_pb_old_content":"","_et_gb_content_width":"","footnotes":""},"class_list":["post-142","page","type-page","status-publish","hentry"],"_links":{"self":[{"href":"https:\/\/rhino.systems\/en\/wp-json\/wp\/v2\/pages\/142"}],"collection":[{"href":"https:\/\/rhino.systems\/en\/wp-json\/wp\/v2\/pages"}],"about":[{"href":"https:\/\/rhino.systems\/en\/wp-json\/wp\/v2\/types\/page"}],"author":[{"embeddable":true,"href":"https:\/\/rhino.systems\/en\/wp-json\/wp\/v2\/users\/1"}],"replies":[{"embeddable":true,"href":"https:\/\/rhino.systems\/en\/wp-json\/wp\/v2\/comments?post=142"}],"version-history":[{"count":0,"href":"https:\/\/rhino.systems\/en\/wp-json\/wp\/v2\/pages\/142\/revisions"}],"up":[{"embeddable":true,"href":"https:\/\/rhino.systems\/en\/wp-json\/wp\/v2\/pages\/8"}],"wp:attachment":[{"href":"https:\/\/rhino.systems\/en\/wp-json\/wp\/v2\/media?parent=142"}],"curies":[{"name":"wp","href":"https:\/\/api.w.org\/{rel}","templated":true}]}}