{"id":137,"date":"2018-06-08T15:35:01","date_gmt":"2018-06-08T15:35:01","guid":{"rendered":"https:\/\/rhino.systems\/?page_id=137"},"modified":"2019-07-22T22:51:45","modified_gmt":"2019-07-22T22:51:45","slug":"rhino-marketing-data","status":"publish","type":"page","link":"https:\/\/rhino.systems\/en\/solutions\/rhino-marketing-data\/","title":{"rendered":"Rhino Marketing &amp; Data"},"content":{"rendered":"<p>[et_pb_section fb_built=&#8221;1&#8243; fullwidth=&#8221;on&#8221; _builder_version=&#8221;3.0.47&#8243;][et_pb_fullwidth_slider _builder_version=&#8221;3.5.1&#8243;][et_pb_slide image=&#8221;https:\/\/rhino.systems\/wp-content\/uploads\/2018\/06\/soluciones_mkt.png&#8221; use_bg_overlay=&#8221;off&#8221; use_text_overlay=&#8221;off&#8221; _builder_version=&#8221;3.5.1&#8243; header_text_align=&#8221;center&#8221; header_font_size_last_edited=&#8221;on|desktop&#8221; body_text_align=&#8221;center&#8221; body_font_size=&#8221;34&#8243; body_font_size_tablet=&#8221;28&#8243; body_font_size_phone=&#8221;26&#8243; body_font_size_last_edited=&#8221;on|phone&#8221; background_color=&#8221;#fbbe2a&#8221; background_image=&#8221;https:\/\/rhino.systems\/wp-content\/uploads\/2018\/08\/header_marketing1.png&#8221; button_on_hover=&#8221;on&#8221;]<\/p>\n<p style=\"text-align: center;\">Summary<\/p>\n<p>[\/et_pb_slide][\/et_pb_fullwidth_slider][et_pb_fullwidth_menu menu_id=&#8221;9&#8243; submenu_direction=&#8221;downwards&#8221; fullwidth_menu=&#8221;off&#8221; _builder_version=&#8221;3.5.1&#8243; menu_font=&#8221;|600|||||||&#8221; background_color=&#8221;#7b5800&#8243; text_orientation=&#8221;center&#8221; background_layout=&#8221;dark&#8221;]&nbsp;<br \/>\n[\/et_pb_fullwidth_menu][\/et_pb_section][et_pb_section fb_built=&#8221;1&#8243; _builder_version=&#8221;3.5.1&#8243; background_color=&#8221;#ededed&#8221;][et_pb_row _builder_version=&#8221;3.5.1&#8243;][et_pb_column type=&#8221;4_4&#8243; _builder_version=&#8221;3.0.47&#8243; parallax=&#8221;off&#8221; parallax_method=&#8221;on&#8221;][et_pb_text _builder_version=&#8221;3.5.1&#8243; header_line_height=&#8221;2em&#8221; max_width=&#8221;80%&#8221; module_alignment=&#8221;center&#8221;]<\/p>\n<h3 style=\"text-align: center; font-weight: 400; line-height: 1.4em;\"><span style=\"color: #f95d11;\"><strong>At Rhino Marketing &amp; Data<\/strong><\/span> we specialize in getting to know our clients and offering them the best technological solutions, with which our experts can give them the best integration, analysis, report generation and services for your company.<\/h3>\n<p>[\/et_pb_text][\/et_pb_column][\/et_pb_row][\/et_pb_section][et_pb_section fb_built=&#8221;1&#8243; _builder_version=&#8221;3.0.47&#8243;][et_pb_row _builder_version=&#8221;3.0.47&#8243; background_size=&#8221;initial&#8221; background_position=&#8221;top_left&#8221; background_repeat=&#8221;repeat&#8221;][et_pb_column type=&#8221;1_2&#8243; _builder_version=&#8221;3.0.47&#8243; parallax=&#8221;off&#8221; parallax_method=&#8221;on&#8221;][et_pb_text _builder_version=&#8221;3.5.1&#8243;]<\/p>\n<p style=\"text-align: left; font-weight: 400;\">Currently our customers, their behaviors and needs are in the core of our product and service development. With Rhino marketing &amp; Data you will have a solution for listening to, analyzing, measuring and monitoring your clients and their relationship with your Brand, identify opportunities and observe your competition.<\/p>\n<p style=\"text-align: left;\">We rely on Microsoft Dynamics marketing as the key system which allows us to configure and work in an intelligent way to obtain data mining with which we get the reports and analyses your Company needs.<\/p>\n<p>[\/et_pb_text][\/et_pb_column][et_pb_column type=&#8221;1_2&#8243; _builder_version=&#8221;3.0.47&#8243; parallax=&#8221;off&#8221; parallax_method=&#8221;on&#8221;][et_pb_image src=&#8221;https:\/\/rhino.systems\/wp-content\/uploads\/2018\/08\/rhino_marketing.png&#8221; align=&#8221;right&#8221; _builder_version=&#8221;3.5.1&#8243; max_width=&#8221;90%&#8221; module_alignment=&#8221;right&#8221;][\/et_pb_image][\/et_pb_column][\/et_pb_row][\/et_pb_section][et_pb_section fb_built=&#8221;1&#8243; _builder_version=&#8221;3.5.1&#8243; background_color=&#8221;#f7f7f7&#8243;][et_pb_row _builder_version=&#8221;3.0.47&#8243; background_size=&#8221;initial&#8221; background_position=&#8221;top_left&#8221; background_repeat=&#8221;repeat&#8221;][et_pb_column type=&#8221;4_4&#8243; _builder_version=&#8221;3.0.47&#8243; parallax=&#8221;off&#8221; parallax_method=&#8221;on&#8221;][et_pb_text _builder_version=&#8221;3.5.1&#8243;]<\/p>\n<h2 style=\"text-align: center;\">\u00a0<span style=\"color: #f4510e;\"><strong>Rhino Marketing &amp; Data<\/strong><\/span><\/h2>\n<p>[\/et_pb_text][\/et_pb_column][\/et_pb_row][et_pb_row _builder_version=&#8221;3.0.47&#8243; background_size=&#8221;initial&#8221; background_position=&#8221;top_left&#8221; background_repeat=&#8221;repeat&#8221;][et_pb_column type=&#8221;1_2&#8243; _builder_version=&#8221;3.0.47&#8243; parallax=&#8221;off&#8221; parallax_method=&#8221;on&#8221;][et_pb_text admin_label=&#8221;T\u00edtulo&#8221; _builder_version=&#8221;3.5.1&#8243;]<\/p>\n<h4 style=\"text-align: center;\"><img loading=\"lazy\" decoding=\"async\" class=\"wp-image-956 aligncenter\" src=\"https:\/\/rhino.systems\/wp-content\/uploads\/2018\/06\/icono_mkt_adopcion.png\" alt=\"\" width=\"140\" height=\"117\" \/><\/h4>\n<h4><\/h4>\n<h4 style=\"line-height: 1.4em; text-align: left;\">Marketing Technology Adoption<\/h4>\n<p>We digitize the customer experience, integrating several types of platforms to digitize the contact points between the customer and your Company. Our experts will help you get the most out of each platform.<\/p>\n<p>[\/et_pb_text][\/et_pb_column][et_pb_column type=&#8221;1_2&#8243; _builder_version=&#8221;3.0.47&#8243; parallax=&#8221;off&#8221; parallax_method=&#8221;on&#8221;][et_pb_text admin_label=&#8221;T\u00edtulo&#8221; _builder_version=&#8221;3.5.1&#8243;]<\/p>\n<h4 style=\"text-align: center;\"><img loading=\"lazy\" decoding=\"async\" class=\"alignnone wp-image-953\" src=\"https:\/\/rhino.systems\/wp-content\/uploads\/2018\/06\/icono_mkt_automatizacion.png\" alt=\"\" width=\"140\" height=\"117\" \/><\/h4>\n<h4 style=\"line-height: 1.4em; text-align: left;\">Marketing Automation for demand generation<\/h4>\n<p>The Marketing automation gives us the opportunity to optimize campaigns in real time, attract new customers, cross-sell through every contact cannel the customer has with your corporation.<\/p>\n<p>[\/et_pb_text][\/et_pb_column][\/et_pb_row][et_pb_row _builder_version=&#8221;3.0.47&#8243; background_size=&#8221;initial&#8221; background_position=&#8221;top_left&#8221; background_repeat=&#8221;repeat&#8221;][et_pb_column type=&#8221;1_2&#8243; _builder_version=&#8221;3.0.47&#8243; parallax=&#8221;off&#8221; parallax_method=&#8221;on&#8221;][et_pb_text admin_label=&#8221;T\u00edtulo&#8221; _builder_version=&#8221;3.5.1&#8243;]<\/p>\n<h4 style=\"text-align: center;\"><img loading=\"lazy\" decoding=\"async\" class=\"alignnone wp-image-954\" src=\"https:\/\/rhino.systems\/wp-content\/uploads\/2018\/06\/icono_mkt_datos.png\" alt=\"\" width=\"140\" height=\"117\" \/><\/h4>\n<h4 style=\"text-align: center; line-height: 1.4em;\">Marketing Data and Analysis<\/h4>\n<p>You will know in detail the activity of each of your social networks, the activity of your competition, the effectiveness of your campaigns, through automated dashboard and obtain reports with the analysis and management of Big Data.<\/p>\n<p>[\/et_pb_text][\/et_pb_column][et_pb_column type=&#8221;1_2&#8243; _builder_version=&#8221;3.0.47&#8243; parallax=&#8221;off&#8221; parallax_method=&#8221;on&#8221;][et_pb_text admin_label=&#8221;T\u00edtulo&#8221; _builder_version=&#8221;3.5.1&#8243;]<\/p>\n<h4 style=\"text-align: center;\"><img loading=\"lazy\" decoding=\"async\" class=\"alignnone wp-image-955\" src=\"https:\/\/rhino.systems\/wp-content\/uploads\/2018\/06\/icono_mkt_estrategia.png\" alt=\"\" width=\"140\" height=\"117\" \/><\/h4>\n<h4 style=\"line-height: 1.4em; text-align: left;\">Digital Marketing strategy and operation<\/h4>\n<p>We develop strategies and we align with your digital marketing objectives. We have on-site consultants that will allow you to take full advantage of the technological tools.<\/p>\n<p>[\/et_pb_text][\/et_pb_column][\/et_pb_row][et_pb_row _builder_version=&#8221;3.0.47&#8243; background_size=&#8221;initial&#8221; background_position=&#8221;top_left&#8221; background_repeat=&#8221;repeat&#8221;][et_pb_column type=&#8221;4_4&#8243; _builder_version=&#8221;3.0.47&#8243; parallax=&#8221;off&#8221; parallax_method=&#8221;on&#8221;][et_pb_button button_url=&#8221;\/rhino\/como-funciona-marketing\/&#8221; button_text=&#8221;C\u00f3mo funciona&#8221; button_alignment=&#8221;center&#8221; _builder_version=&#8221;3.5.1&#8243; custom_button=&#8221;on&#8221; button_text_size=&#8221;18&#8243; button_text_color=&#8221;#ffffff&#8221; button_bg_color=&#8221;#f4510e&#8221; button_border_radius=&#8221;8&#8243; button_icon=&#8221;%%24%%&#8221; button_on_hover=&#8221;off&#8221; button_bg_color_hover=&#8221;#f2652b&#8221; custom_margin=&#8221;6px||6px|&#8221; animation_style=&#8221;fade&#8221;]&nbsp;<br \/>\n[\/et_pb_button][\/et_pb_column][\/et_pb_row][\/et_pb_section][et_pb_section fb_built=&#8221;1&#8243; _builder_version=&#8221;3.5.1&#8243; background_color=&#8221;#e1a000&#8243; custom_margin=&#8221;0px||0px|&#8221; custom_padding=&#8221;30px||30px|&#8221;][et_pb_row custom_padding=&#8221;0px||0px|&#8221; custom_margin=&#8221;0px||0px|&#8221; _builder_version=&#8221;3.5.1&#8243;][et_pb_column type=&#8221;4_4&#8243; _builder_version=&#8221;3.0.47&#8243; parallax=&#8221;off&#8221; parallax_method=&#8221;on&#8221;][et_pb_text admin_label=&#8221;Frase Naranja&#8221; _builder_version=&#8221;3.5.1&#8243; text_font_size=&#8221;22px&#8221; header_text_color=&#8221;#ffffff&#8221; background_layout=&#8221;dark&#8221;]<\/p>\n<p style=\"text-align: center;\">Marketing &amp; Data trends<strong> Services<\/strong><\/p>\n<p>[\/et_pb_text][\/et_pb_column][\/et_pb_row][\/et_pb_section][et_pb_section fb_built=&#8221;1&#8243; _builder_version=&#8221;3.0.47&#8243;][et_pb_row _builder_version=&#8221;3.0.47&#8243; background_size=&#8221;initial&#8221; background_position=&#8221;top_left&#8221; background_repeat=&#8221;repeat&#8221;][et_pb_column type=&#8221;4_4&#8243; _builder_version=&#8221;3.0.47&#8243; parallax=&#8221;off&#8221; parallax_method=&#8221;on&#8221;][et_pb_text _builder_version=&#8221;3.5.1&#8243; header_line_height=&#8221;2em&#8221; max_width=&#8221;80%&#8221; module_alignment=&#8221;center&#8221;]<\/p>\n<h3 style=\"text-align: center; font-weight: 400; line-height: 1.4em;\">At <span style=\"color: #f95d11;\"><strong>Rhino Marketing &amp; Data<\/strong><\/span> our main goal is to stay on top of everything that goes on in digital media and analyze the trends so we can anticipate the present and future needs of our customers.<\/h3>\n<p>[\/et_pb_text][\/et_pb_column][\/et_pb_row][et_pb_row _builder_version=&#8221;3.0.47&#8243; background_size=&#8221;initial&#8221; background_position=&#8221;top_left&#8221; background_repeat=&#8221;repeat&#8221;][et_pb_column type=&#8221;4_4&#8243; _builder_version=&#8221;3.0.47&#8243; parallax=&#8221;off&#8221; parallax_method=&#8221;on&#8221;][et_pb_toggle title=&#8221;Los que tienen acceso directo a los datos de los clientes en sus empresas son 1,6 veces m\u00e1s productivos.&#8221; open=&#8221;on&#8221; _builder_version=&#8221;3.5.1&#8243; title_line_height=&#8221;1.4em&#8221;]El 35% utilizan el 50% o m\u00e1s de los datos disponibles en sus empresas para campa\u00f1as. El acceso es a menudo manual, controlado por TI y limitado por el tiempo disponible de los analistas del sistema y los equipos de TI para atender sus solicitudes. Permitir que los especialistas en marketing tengan acceso avanzado sienta las bases para crear m\u00e1s campa\u00f1as y lograr resultados de ingresos.<br \/>\n[\/et_pb_toggle][et_pb_toggle title=&#8221;El 43% utilizan la Inteligencia Artificial, incluido el aprendizaje autom\u00e1tico (machine learning), para expandir sus audiencias. &#8221; _builder_version=&#8221;3.5.1&#8243; title_line_height=&#8221;1.4em&#8221;]Adem\u00e1s, algo m\u00e1s de un tercio (39%) usa AI &amp; ML para la orientaci\u00f3n de la audiencia. El 28% usa estas tecnolog\u00edas para recomendaciones de productos. Solo el 26% usa AI &amp; ML para la optimizaci\u00f3n de campa\u00f1as. Hoy en d\u00eda, una de las \u00e1reas fascinantes de innovaci\u00f3n que se produce en la tecnolog\u00eda de marketing (martech) es la optimizaci\u00f3n en tiempo real de las campa\u00f1as para atraer nuevos clientes potenciales, vender de forma cruzada y vender nuevos prospectos, y aumentar el valor del cliente de por vida.<br \/>\n[\/et_pb_toggle][et_pb_toggle title=&#8221;Solo el 6% de los especialistas en marketing est\u00e1n haciendo uso de capacidades avanzadas de IA, incluida la personalizaci\u00f3n de campa\u00f1as con filtros colaborativos y modelos predictivos.&#8221; _builder_version=&#8221;3.5.1&#8243; title_line_height=&#8221;1.4em&#8221;]Existe un importante potencial de crecimiento para que los especialistas en marketing obtengan m\u00e1s valor de las capacidades avanzadas de Inteligencia Artificial y Aprendizaje Autom\u00e1tico que ofrecen sus aplicaciones y plataformas. La adopci\u00f3n de capacidades avanzadas de inteligencia artificial por parte de las empresas se ve limitada por la escasez continua de talentos, la necesidad de mayor integraci\u00f3n en tiempo real y acceso a datos, y enfoques m\u00e1s efectivos para estandarizar y agilizar el an\u00e1lisis de datos en sus empresas.<br \/>\n[\/et_pb_toggle][et_pb_toggle title=&#8221;Los que tienen acceso en tiempo real a los datos y los usan regularmente para segmentar clientes tienen 1.7 veces m\u00e1s probabilidades de superar los objetivos de ingresos.&#8221; _builder_version=&#8221;3.5.1&#8243; title_line_height=&#8221;1.4em&#8221;]<\/p>\n<p>When marketing specialists have 75% or less of customer data available in a company, 50% of them on average will achieve their revenue objectives. Providing real-time integration to increase the percentage of customer data available by more than 75% leads to an increase of 1.4X in specialists who achieve revenue objectives. When they have the information of the majority of the clients in real time and they use it to complete the strategies of analysis and optimization of segments, there is a 1.7X increase in the percentage that achieves its income objectives.<\/p>\n<p>[\/et_pb_toggle][\/et_pb_column][\/et_pb_row][et_pb_row _builder_version=&#8221;3.0.47&#8243; background_size=&#8221;initial&#8221; background_position=&#8221;top_left&#8221; background_repeat=&#8221;repeat&#8221;][et_pb_column type=&#8221;4_4&#8243; _builder_version=&#8221;3.0.47&#8243; parallax=&#8221;off&#8221; parallax_method=&#8221;on&#8221;][et_pb_text _builder_version=&#8221;3.5.1&#8243;]<\/p>\n<h6 style=\"text-align: center;\">Data based on the study\u00a0<em>Activating Customer Data for AI Powered Marketing<\/em> executed in February 2018 by Blueshift in collaboration with Techvalidate.<\/h6>\n<p>[\/et_pb_text][\/et_pb_column][\/et_pb_row][\/et_pb_section][et_pb_section fb_built=&#8221;1&#8243; _builder_version=&#8221;3.5.1&#8243; background_color=&#8221;#d79900&#8243; custom_margin=&#8221;0px||0px|&#8221; global_module=&#8221;1172&#8243;][et_pb_row custom_margin=&#8221;0px||0px|&#8221; _builder_version=&#8221;3.5.1&#8243; background_size=&#8221;initial&#8221; background_position=&#8221;top_left&#8221; background_repeat=&#8221;repeat&#8221;][et_pb_column type=&#8221;4_4&#8243; _builder_version=&#8221;3.0.47&#8243; parallax=&#8221;off&#8221; parallax_method=&#8221;on&#8221;][et_pb_cta button_url=&#8221;\/rhino\/contacto\/&#8221; button_text=&#8221;Cont\u00e1ctanos ahora&#8221; _builder_version=&#8221;3.5.1&#8243; header_level=&#8221;h3&#8243; header_font=&#8221;|300|||||||&#8221; header_font_size=&#8221;22&#8243; body_font=&#8221;|300|||||||&#8221; background_color=&#8221;#d79900&#8243; custom_button=&#8221;on&#8221; button_text_color=&#8221;#ffffff&#8221; button_bg_color=&#8221;#f4510e&#8221; custom_margin=&#8221;0px||0px|&#8221; custom_padding=&#8221;0px||0px|&#8221;]<\/p>\n<h3 style=\"text-align: center; font-weight: 100; line-height: 1.4em;\" class=\"translation-block\">Would you like to know more about<strong> Rhino Marketing &amp; Data<\/strong>?<\/h3>\n<p>[\/et_pb_cta][\/et_pb_column][\/et_pb_row][\/et_pb_section]<\/p>","protected":false},"excerpt":{"rendered":"<p>Resumen &nbsp; En Rhino Marketing &amp; Data nos especializamos en conocer y ofrecer las mejores soluciones tecnol\u00f3gicas, con las que nuestros expertos lideran la mejor integraci\u00f3n, an\u00e1lisis, generaci\u00f3n de reportes y realizaci\u00f3n de servicios para tu empresa. Actualmente el cliente, su comportamiento y necesidades est\u00e1 en el centro del desarrollo de tus productos y servicios, [&hellip;]<\/p>","protected":false},"author":1,"featured_media":0,"parent":8,"menu_order":3,"comment_status":"closed","ping_status":"closed","template":"","meta":{"_et_pb_use_builder":"on","_et_pb_old_content":"","_et_gb_content_width":"","footnotes":""},"class_list":["post-137","page","type-page","status-publish","hentry"],"_links":{"self":[{"href":"https:\/\/rhino.systems\/en\/wp-json\/wp\/v2\/pages\/137"}],"collection":[{"href":"https:\/\/rhino.systems\/en\/wp-json\/wp\/v2\/pages"}],"about":[{"href":"https:\/\/rhino.systems\/en\/wp-json\/wp\/v2\/types\/page"}],"author":[{"embeddable":true,"href":"https:\/\/rhino.systems\/en\/wp-json\/wp\/v2\/users\/1"}],"replies":[{"embeddable":true,"href":"https:\/\/rhino.systems\/en\/wp-json\/wp\/v2\/comments?post=137"}],"version-history":[{"count":0,"href":"https:\/\/rhino.systems\/en\/wp-json\/wp\/v2\/pages\/137\/revisions"}],"up":[{"embeddable":true,"href":"https:\/\/rhino.systems\/en\/wp-json\/wp\/v2\/pages\/8"}],"wp:attachment":[{"href":"https:\/\/rhino.systems\/en\/wp-json\/wp\/v2\/media?parent=137"}],"curies":[{"name":"wp","href":"https:\/\/api.w.org\/{rel}","templated":true}]}}