{"id":135,"date":"2018-06-08T15:34:35","date_gmt":"2018-06-08T15:34:35","guid":{"rendered":"https:\/\/rhino.systems\/?page_id=135"},"modified":"2019-07-22T22:48:59","modified_gmt":"2019-07-22T22:48:59","slug":"rhino-educational-services-framework","status":"publish","type":"page","link":"https:\/\/rhino.systems\/en\/solutions\/rhino-educational-services-framework\/","title":{"rendered":"Rhino Educational Services Framework"},"content":{"rendered":"<p>[et_pb_section fb_built=&#8221;1&#8243; fullwidth=&#8221;on&#8221; _builder_version=&#8221;3.0.47&#8243;][et_pb_fullwidth_slider _builder_version=&#8221;3.5.1&#8243;][et_pb_slide image=&#8221;https:\/\/rhino.systems\/wp-content\/uploads\/2018\/06\/soluciones_edu.png&#8221; use_bg_overlay=&#8221;off&#8221; use_text_overlay=&#8221;off&#8221; _builder_version=&#8221;3.5.1&#8243; header_text_align=&#8221;center&#8221; header_font_size_last_edited=&#8221;on|desktop&#8221; body_text_align=&#8221;center&#8221; body_font_size=&#8221;34&#8243; body_font_size_tablet=&#8221;28&#8243; body_font_size_phone=&#8221;26&#8243; body_font_size_last_edited=&#8221;on|phone&#8221; background_color=&#8221;#abc94a&#8221; background_image=&#8221;https:\/\/rhino.systems\/wp-content\/uploads\/2018\/07\/img_acc_edu2.png&#8221; button_on_hover=&#8221;on&#8221;]<\/p>\n<p style=\"text-align: center;\">Summary<\/p>\n<p>[\/et_pb_slide][\/et_pb_fullwidth_slider][et_pb_fullwidth_menu menu_id=&#8221;11&#8243; submenu_direction=&#8221;downwards&#8221; fullwidth_menu=&#8221;off&#8221; _builder_version=&#8221;3.5.1&#8243; menu_font=&#8221;|600|||||||&#8221; background_color=&#8221;#3b491f&#8221; text_orientation=&#8221;center&#8221; background_layout=&#8221;dark&#8221;][\/et_pb_fullwidth_menu][\/et_pb_section][et_pb_section fb_built=&#8221;1&#8243; _builder_version=&#8221;3.5.1&#8243; background_color=&#8221;#ededed&#8221;][et_pb_row _builder_version=&#8221;3.5.1&#8243; background_size=&#8221;initial&#8221; background_position=&#8221;top_left&#8221; background_repeat=&#8221;repeat&#8221;][et_pb_column type=&#8221;4_4&#8243; _builder_version=&#8221;3.0.47&#8243; parallax=&#8221;off&#8221; parallax_method=&#8221;on&#8221;][et_pb_text _builder_version=&#8221;3.5.1&#8243; header_line_height=&#8221;2em&#8221; max_width=&#8221;80%&#8221; module_alignment=&#8221;center&#8221;]<\/p>\n<h3 style=\"text-align: center; font-weight: 400; line-height: 1.4em;\" class=\"translation-block\">At <span style=\"color: #f95d11\"><strong>Rhino Educational Services Framework <\/strong><\/span>we know that the success of an institution depends on the success of its students. For this reason, we have developed a technological solution that allows you to take action to manage the academic life of your students and complete their school cycle.<\/h3>\n<p>[\/et_pb_text][\/et_pb_column][\/et_pb_row][\/et_pb_section][et_pb_section fb_built=&#8221;1&#8243; _builder_version=&#8221;3.0.47&#8243;][et_pb_row _builder_version=&#8221;3.0.47&#8243; background_size=&#8221;initial&#8221; background_position=&#8221;top_left&#8221; background_repeat=&#8221;repeat&#8221;][et_pb_column type=&#8221;1_2&#8243; _builder_version=&#8221;3.0.47&#8243; parallax=&#8221;off&#8221; parallax_method=&#8221;on&#8221;][et_pb_image src=&#8221;https:\/\/rhino.systems\/wp-content\/uploads\/2018\/08\/rhino_educa.png&#8221; _builder_version=&#8221;3.5.1&#8243;][\/et_pb_image][\/et_pb_column][et_pb_column type=&#8221;1_2&#8243; _builder_version=&#8221;3.0.47&#8243; parallax=&#8221;off&#8221; parallax_method=&#8221;on&#8221;][et_pb_text _builder_version=&#8221;3.5.1&#8243; background_size=&#8221;initial&#8221; background_position=&#8221;top_left&#8221; background_repeat=&#8221;repeat&#8221;]<\/p>\n<p style=\"text-align: left; font-weight: 400;\">With <strong>Rhino Educational Services Framework<\/strong> you will procure that the digitization of the students\u2019 experience inside your institution be focused in giving follow up to the personalized attention and direct communication that the current market requires for each student.<\/p>\n<p style=\"text-align: left;\">We have developed different modules, processes, and actions which will allow you to accompany every student from their first contact with the institution, through the recruitment and admission, and all throughout their period in the institution.<\/p>\n<p>[\/et_pb_text][\/et_pb_column][\/et_pb_row][\/et_pb_section][et_pb_section fb_built=&#8221;1&#8243; _builder_version=&#8221;3.5.1&#8243; background_color=&#8221;#f7f7f7&#8243;][et_pb_row _builder_version=&#8221;3.0.47&#8243; background_size=&#8221;initial&#8221; background_position=&#8221;top_left&#8221; background_repeat=&#8221;repeat&#8221;][et_pb_column type=&#8221;4_4&#8243; _builder_version=&#8221;3.0.47&#8243; parallax=&#8221;off&#8221; parallax_method=&#8221;on&#8221;][et_pb_text _builder_version=&#8221;3.5.1&#8243; background_size=&#8221;initial&#8221; background_position=&#8221;top_left&#8221; background_repeat=&#8221;repeat&#8221;]<\/p>\n<h2 style=\"text-align: center;\" class=\"translation-block\">With <span style=\"color: #f4510e\"><strong>Rhino Educational Services Framework<\/strong><\/span> you can<\/h2>\n<p>[\/et_pb_text][\/et_pb_column][\/et_pb_row][et_pb_row _builder_version=&#8221;3.0.47&#8243; background_size=&#8221;initial&#8221; background_position=&#8221;top_left&#8221; background_repeat=&#8221;repeat&#8221;][et_pb_column type=&#8221;1_2&#8243; _builder_version=&#8221;3.0.47&#8243; parallax=&#8221;off&#8221; parallax_method=&#8221;on&#8221;][et_pb_text admin_label=&#8221;T\u00edtulo&#8221; _builder_version=&#8221;3.5.1&#8243;]<\/p>\n<h4 style=\"line-height: 1.4em; text-align: center;\"><img loading=\"lazy\" decoding=\"async\" class=\"alignnone wp-image-2054\" src=\"https:\/\/rhino.systems\/wp-content\/uploads\/2018\/07\/icono_edu_chrono.png\" alt=\"\" width=\"200\" height=\"181\" \/><\/h4>\n<h4 style=\"line-height: 1.4em; text-align: center;\">Simplify your recruitment process<\/h4>\n<p>We know what your promoters need to give follow up during the\nrecruitment of a prospect until he becomes an incoming freshman\nin your academic institution.<\/p>\n<p>[\/et_pb_text][\/et_pb_column][et_pb_column type=&#8221;1_2&#8243; _builder_version=&#8221;3.0.47&#8243; parallax=&#8221;off&#8221; parallax_method=&#8221;on&#8221;][et_pb_text admin_label=&#8221;T\u00edtulo&#8221; _builder_version=&#8221;3.5.1&#8243;]<\/p>\n<h4 style=\"text-align: center;\"><img loading=\"lazy\" decoding=\"async\" class=\"alignnone wp-image-2063\" src=\"https:\/\/rhino.systems\/wp-content\/uploads\/2018\/07\/icono_edu_vision1.png\" alt=\"\" width=\"200\" height=\"181\" \/><\/h4>\n<h4 style=\"line-height: 1.4em; text-align: center;\">Get a complete view of each student<\/h4>\n<p>Rhino Educational Services\u2019 vision is to give you a 360 degree view of each student\u2019s status as well as the service he or she is being given by the promoters and academic staff.<\/p>\n<p>[\/et_pb_text][\/et_pb_column][\/et_pb_row][et_pb_row _builder_version=&#8221;3.0.47&#8243; background_size=&#8221;initial&#8221; background_position=&#8221;top_left&#8221; background_repeat=&#8221;repeat&#8221;][et_pb_column type=&#8221;1_2&#8243; _builder_version=&#8221;3.0.47&#8243; parallax=&#8221;off&#8221; parallax_method=&#8221;on&#8221;][et_pb_text admin_label=&#8221;T\u00edtulo&#8221; _builder_version=&#8221;3.5.1&#8243;]<\/p>\n<h4 style=\"text-align: center;\"><img loading=\"lazy\" decoding=\"async\" class=\"alignnone wp-image-2058\" src=\"https:\/\/rhino.systems\/wp-content\/uploads\/2018\/07\/icono_edu_portal.png\" alt=\"\" width=\"200\" height=\"181\"><\/h4>\n<h4 style=\"text-align: center; line-height: 1.4em;\">Improve relationships and communication<\/h4>\n<p>It optimizes processes, improves the communication and the relationship with prospects, alumni, and graduates by the use of personalized portals, processes and services.<br \/>\n[\/et_pb_text][\/et_pb_column][et_pb_column type=&#8221;1_2&#8243; _builder_version=&#8221;3.0.47&#8243; parallax=&#8221;off&#8221; parallax_method=&#8221;on&#8221;][et_pb_text admin_label=&#8221;T\u00edtulo&#8221; _builder_version=&#8221;3.5.1&#8243;]<\/p>\n<h4 style=\"text-align: center;\"><img loading=\"lazy\" decoding=\"async\" class=\"alignnone wp-image-2060\" src=\"https:\/\/rhino.systems\/wp-content\/uploads\/2018\/07\/icono_edu_estud.png\" alt=\"\" width=\"200\" height=\"181\" \/><\/h4>\n<h4 style=\"line-height: 1.4em; text-align: center;\">Achieve higher student retention<\/h4>\n<p>With a complete vision of every student, early warnings and a group of automated tools you will be able to keep your students by offering and following up on tutoring, scholarships, payment agreements and job pool.<\/p>\n<p>[\/et_pb_text][\/et_pb_column][\/et_pb_row][et_pb_row _builder_version=&#8221;3.0.47&#8243; background_size=&#8221;initial&#8221; background_position=&#8221;top_left&#8221; background_repeat=&#8221;repeat&#8221;][et_pb_column type=&#8221;4_4&#8243; _builder_version=&#8221;3.0.47&#8243; parallax=&#8221;off&#8221; parallax_method=&#8221;on&#8221;][et_pb_button button_url=&#8221;\/rhino\/como-funciona-educational\/&#8221; button_text=&#8221;C\u00f3mo funciona&#8221; button_alignment=&#8221;center&#8221; _builder_version=&#8221;3.5.1&#8243; custom_button=&#8221;on&#8221; button_text_size=&#8221;18&#8243; button_text_color=&#8221;#ffffff&#8221; button_bg_color=&#8221;#f4510e&#8221; button_border_radius=&#8221;8&#8243; button_icon=&#8221;%%24%%&#8221; button_on_hover=&#8221;off&#8221; button_bg_color_hover=&#8221;#f2652b&#8221; custom_margin=&#8221;6px||6px|&#8221; animation_style=&#8221;fade&#8221;][\/et_pb_button][\/et_pb_column][\/et_pb_row][\/et_pb_section][et_pb_section fb_built=&#8221;1&#8243; _builder_version=&#8221;3.5.1&#8243; background_color=&#8221;#abc94c&#8221; custom_margin=&#8221;0px||0px|&#8221; global_module=&#8221;2474&#8243;][et_pb_row custom_margin=&#8221;0px||0px|&#8221; _builder_version=&#8221;3.5.1&#8243; background_size=&#8221;initial&#8221; background_position=&#8221;top_left&#8221; background_repeat=&#8221;repeat&#8221;][et_pb_column type=&#8221;4_4&#8243; _builder_version=&#8221;3.0.47&#8243; parallax=&#8221;off&#8221; parallax_method=&#8221;on&#8221;][et_pb_cta button_url=&#8221;\/rhino\/contacto\/&#8221; button_text=&#8221;Cont\u00e1ctanos ahora&#8221; _builder_version=&#8221;3.5.1&#8243; header_level=&#8221;h3&#8243; header_font=&#8221;|300|||||||&#8221; header_font_size=&#8221;22&#8243; body_font=&#8221;|300|||||||&#8221; background_color=&#8221;#abc94c&#8221; custom_button=&#8221;on&#8221; button_bg_color=&#8221;#f4510e&#8221; custom_margin=&#8221;0px||0px|&#8221; custom_padding=&#8221;0px||0px|&#8221;]<\/p>\n<h3 style=\"text-align: center; font-weight: 300; line-height: 1.4em;\" class=\"translation-block\">Would you like to know more about <strong>Rhino Educational Services Framework<\/strong>?<\/h3>\n<p>[\/et_pb_cta][\/et_pb_column][\/et_pb_row][\/et_pb_section]<\/p>","protected":false},"excerpt":{"rendered":"<p>ResumenEn Rhino Educational Services Framework sabemos que el \u00e9xito de una instituci\u00f3n depende del \u00e9xito de sus estudiantes por lo que hemos desarrollado una soluci\u00f3n tecnol\u00f3gica que te permitir\u00e1 tomar acciones para llevar la vida acad\u00e9mica de los alumnos y completar su ciclo escolar.Con Rhino Educational Services Framework lograr\u00e1s que la digitalizaci\u00f3n de la experiencia [&hellip;]<\/p>","protected":false},"author":1,"featured_media":0,"parent":8,"menu_order":2,"comment_status":"closed","ping_status":"closed","template":"","meta":{"_et_pb_use_builder":"on","_et_pb_old_content":"","_et_gb_content_width":"","footnotes":""},"class_list":["post-135","page","type-page","status-publish","hentry"],"_links":{"self":[{"href":"https:\/\/rhino.systems\/en\/wp-json\/wp\/v2\/pages\/135"}],"collection":[{"href":"https:\/\/rhino.systems\/en\/wp-json\/wp\/v2\/pages"}],"about":[{"href":"https:\/\/rhino.systems\/en\/wp-json\/wp\/v2\/types\/page"}],"author":[{"embeddable":true,"href":"https:\/\/rhino.systems\/en\/wp-json\/wp\/v2\/users\/1"}],"replies":[{"embeddable":true,"href":"https:\/\/rhino.systems\/en\/wp-json\/wp\/v2\/comments?post=135"}],"version-history":[{"count":0,"href":"https:\/\/rhino.systems\/en\/wp-json\/wp\/v2\/pages\/135\/revisions"}],"up":[{"embeddable":true,"href":"https:\/\/rhino.systems\/en\/wp-json\/wp\/v2\/pages\/8"}],"wp:attachment":[{"href":"https:\/\/rhino.systems\/en\/wp-json\/wp\/v2\/media?parent=135"}],"curies":[{"name":"wp","href":"https:\/\/api.w.org\/{rel}","templated":true}]}}