{"id":1232,"date":"2018-07-02T13:22:23","date_gmt":"2018-07-02T13:22:23","guid":{"rendered":"https:\/\/rhino.systems\/?page_id=1232"},"modified":"2019-07-22T22:49:22","modified_gmt":"2019-07-22T22:49:22","slug":"digitalizacion-de-servicios","status":"publish","type":"page","link":"https:\/\/rhino.systems\/en\/solutions\/rhino-educational-services-framework\/digital-educational-services\/","title":{"rendered":"Digital Educational Services"},"content":{"rendered":"<p>[et_pb_section fb_built=&#8221;1&#8243; fullwidth=&#8221;on&#8221; _builder_version=&#8221;3.5.1&#8243;][et_pb_fullwidth_slider _builder_version=&#8221;3.5.1&#8243; background_size=&#8221;initial&#8221; background_position=&#8221;top_left&#8221; background_repeat=&#8221;repeat&#8221;][et_pb_slide image=&#8221;https:\/\/rhino.systems\/wp-content\/uploads\/2018\/06\/soluciones_edu.png&#8221; use_bg_overlay=&#8221;off&#8221; use_text_overlay=&#8221;off&#8221; _builder_version=&#8221;3.5.1&#8243; header_text_align=&#8221;center&#8221; header_font_size_last_edited=&#8221;on|desktop&#8221; body_text_align=&#8221;center&#8221; body_font_size=&#8221;32&#8243; body_font_size_tablet=&#8221;26&#8243; body_font_size_phone=&#8221;26&#8243; body_font_size_last_edited=&#8221;on|phone&#8221; background_color=&#8221;#abc94a&#8221; background_image=&#8221;https:\/\/rhino.systems\/wp-content\/uploads\/2018\/07\/img_acc_edu5.png&#8221; background_size=&#8221;contain&#8221; button_on_hover=&#8221;on&#8221;]<\/p>\n<p style=\"line-height: 1.2em; text-align: right;\">Digital Educational Services<\/p>\n<p>[\/et_pb_slide][\/et_pb_fullwidth_slider][et_pb_fullwidth_menu menu_id=&#8221;11&#8243; submenu_direction=&#8221;downwards&#8221; fullwidth_menu=&#8221;off&#8221; _builder_version=&#8221;3.5.1&#8243; menu_font=&#8221;|600|||||||&#8221; background_color=&#8221;#3b491f&#8221; text_orientation=&#8221;center&#8221; background_layout=&#8221;dark&#8221;]&nbsp;<br \/>\n[\/et_pb_fullwidth_menu][\/et_pb_section][et_pb_section fb_built=&#8221;1&#8243; _builder_version=&#8221;3.5.1&#8243; background_color=&#8221;#ededed&#8221;][et_pb_row _builder_version=&#8221;3.5.1&#8243; background_size=&#8221;initial&#8221; background_position=&#8221;top_left&#8221; background_repeat=&#8221;repeat&#8221;][et_pb_column type=&#8221;4_4&#8243; _builder_version=&#8221;3.0.47&#8243; parallax=&#8221;off&#8221; parallax_method=&#8221;on&#8221;][et_pb_text _builder_version=&#8221;3.5.1&#8243; header_line_height=&#8221;2em&#8221; max_width=&#8221;80%&#8221; module_alignment=&#8221;center&#8221;]<\/p>\n<h3 style=\"text-align: center; font-weight: 400; line-height: 1.4em;\" class=\"translation-block\"><span style=\"color: #f95d11\"><strong>Educational services are changing<\/strong><\/span> due to the <strong>demands of the market<\/strong> and <strong>the possibilities technology offers<\/strong> to improve processes.<\/h3>\n<p>[\/et_pb_text][\/et_pb_column][\/et_pb_row][\/et_pb_section][et_pb_section fb_built=&#8221;1&#8243; _builder_version=&#8221;3.5.1&#8243; background_color=&#8221;#6a8b00&#8243; custom_margin=&#8221;0px||0px|&#8221; custom_padding=&#8221;30px||30px|&#8221;][et_pb_row custom_padding=&#8221;0px||0px|&#8221; custom_margin=&#8221;0px||0px|&#8221; _builder_version=&#8221;3.5.1&#8243;][et_pb_column type=&#8221;4_4&#8243; _builder_version=&#8221;3.0.47&#8243; parallax=&#8221;off&#8221; parallax_method=&#8221;on&#8221;][et_pb_text admin_label=&#8221;Frase Naranja&#8221; _builder_version=&#8221;3.5.1&#8243; text_font_size=&#8221;22px&#8221; header_text_color=&#8221;#ffffff&#8221; background_layout=&#8221;dark&#8221;]<\/p>\n<p style=\"text-align: center;\" class=\"translation-block\"><strong>Educational Services <\/strong>Tendencies<\/p>\n<p>[\/et_pb_text][\/et_pb_column][\/et_pb_row][\/et_pb_section][et_pb_section fb_built=&#8221;1&#8243; _builder_version=&#8221;3.5.1&#8243;][et_pb_row _builder_version=&#8221;3.0.47&#8243; background_size=&#8221;initial&#8221; background_position=&#8221;top_left&#8221; background_repeat=&#8221;repeat&#8221;][et_pb_column type=&#8221;4_4&#8243; _builder_version=&#8221;3.0.47&#8243; parallax=&#8221;off&#8221; parallax_method=&#8221;on&#8221;][et_pb_blurb title=&#8221;Una generaci\u00f3n m\u00e1s demandante&#8221; use_icon=&#8221;on&#8221; font_icon=&#8221;%%45%%&#8221; icon_color=&#8221;#ffffff&#8221; use_circle=&#8221;on&#8221; circle_color=&#8221;#ef6700&#8243; icon_placement=&#8221;left&#8221; admin_label=&#8221;Blurb1&#8243; _builder_version=&#8221;3.5.1&#8243; animation_style=&#8221;slide&#8221; animation_direction=&#8221;left&#8221;]Los clientes de educaci\u00f3n superior demandan m\u00e1s atenci\u00f3n y servicio instant\u00e1neo, por lo que las universidades proactivas est\u00e1n recurriendo a la tecnolog\u00eda para satisfacer esta demanda de manera efectiva.<br \/>\n[\/et_pb_blurb][et_pb_blurb title=&#8221;Evoluci\u00f3n de las estructuras organizacionales como asesor\u00edas acad\u00e9micas&#8221; use_icon=&#8221;on&#8221; font_icon=&#8221;%%45%%&#8221; icon_color=&#8221;#ffffff&#8221; use_circle=&#8221;on&#8221; circle_color=&#8221;#ef6700&#8243; icon_placement=&#8221;left&#8221; admin_label=&#8221;Blurb2&#8243; _builder_version=&#8221;3.5.1&#8243; animation_style=&#8221;slide&#8221; animation_direction=&#8221;left&#8221; animation_delay=&#8221;200ms&#8221;]Las estructuras organizacionales continuar\u00e1n evolucionando para apoyar el \u00e9xito estudiantil. El asesoramiento acad\u00e9mico es una de las estructuras de la jerarqu\u00eda de educaci\u00f3n superior que se prev\u00e9 que contin\u00fae su evoluci\u00f3n. Por ejemplo, las escuelas aumentar\u00e1n las funciones de asesoramiento especializado y experimentar\u00e1n con nuevos modelos de asesoramiento para mejorar el \u00e9xito de los estudiantes.<br \/>\n[\/et_pb_blurb][et_pb_blurb title=&#8221;Mayores inversiones en tecnolog\u00eda&#8221; use_icon=&#8221;on&#8221; font_icon=&#8221;%%45%%&#8221; icon_color=&#8221;#ffffff&#8221; use_circle=&#8221;on&#8221; circle_color=&#8221;#ef6700&#8243; icon_placement=&#8221;left&#8221; admin_label=&#8221;Blurb3&#8243; _builder_version=&#8221;3.5.1&#8243; animation_style=&#8221;slide&#8221; animation_direction=&#8221;left&#8221; animation_delay=&#8221;400ms&#8221;]En 2018, veremos un aumento continuo en la inversi\u00f3n en tecnolog\u00eda para apoyar el \u00e9xito estudiantil. Un informe de 2016 de Tyton Partners (USA) revel\u00f3 que el 44% de m\u00e1s de 900 colegios encuestados hab\u00eda aumentado el gasto en software para asesor\u00eda acad\u00e9mica y planificaci\u00f3n en el transcurso de tres a\u00f1os.<br \/>\n[\/et_pb_blurb][et_pb_blurb title=&#8221;Enfoques integrados de sistemas&#8221; use_icon=&#8221;on&#8221; font_icon=&#8221;%%45%%&#8221; icon_color=&#8221;#ffffff&#8221; use_circle=&#8221;on&#8221; circle_color=&#8221;#ef6700&#8243; icon_placement=&#8221;left&#8221; admin_label=&#8221;Blurb4&#8243; _builder_version=&#8221;3.5.1&#8243; animation_style=&#8221;slide&#8221; animation_direction=&#8221;left&#8221; animation_delay=&#8221;250ms&#8221;]Apoyar a los estudiantes requiere cambios de enfoque. Muchas instituciones consideran que sus sistemas heredados de informaci\u00f3n estudiantil hacen que sea m\u00e1s dif\u00edcil adaptarse a los nuevos modelos. Las estrategias de crecimiento est\u00e1n incorporando un nuevo enfoque con sistemas integrados, en d\u00f3nde se considera todo el ciclo de vida del estudiante.<br \/>\n[\/et_pb_blurb][et_pb_blurb title=&#8221;Enfoque de automatizaci\u00f3n&#8221; use_icon=&#8221;on&#8221; font_icon=&#8221;%%45%%&#8221; icon_color=&#8221;#ffffff&#8221; use_circle=&#8221;on&#8221; circle_color=&#8221;#ef6700&#8243; icon_placement=&#8221;left&#8221; admin_label=&#8221;Blurb5&#8243; _builder_version=&#8221;3.5.1&#8243; animation_style=&#8221;slide&#8221; animation_direction=&#8221;left&#8221; animation_delay=&#8221;250ms&#8221;]<\/p>\n<p>Being capable of reducing repetitive tasks and keeping processes agile helps academic institutions to give better support to students. The academic advisors are using automated technology which\nimproves identification of \u201cat risk\u201d students quickly. This is helping with the measurement of patterns that might affect the student\u2019s\nperformance and provide a better action plan for students to succeed.<\/p>\n<p>[\/et_pb_blurb][et_pb_blurb title=&#8221;Experiencias de estudiantes m\u00f3viles y de autoservicio&#8221; use_icon=&#8221;on&#8221; font_icon=&#8221;%%45%%&#8221; icon_color=&#8221;#ffffff&#8221; use_circle=&#8221;on&#8221; circle_color=&#8221;#ef6700&#8243; icon_placement=&#8221;left&#8221; admin_label=&#8221;Blurb6&#8243; _builder_version=&#8221;3.5.1&#8243; animation_style=&#8221;slide&#8221; animation_direction=&#8221;left&#8221; animation_delay=&#8221;250ms&#8221;]Los tediosos procesos de inscripci\u00f3n y solicitud son un punto central que las instituciones acad\u00e9micas est\u00e1n enfocando sus esfuerzos en mejorar, ayudando a reducir tiempos, procesos y sobre todo mejorando servicios y creando opciones de autoservicios para los estudiantes. En 2018 esta tendencia seguir\u00e1 en crecimiento.<br \/>\n[\/et_pb_blurb][\/et_pb_column][\/et_pb_row][et_pb_row _builder_version=&#8221;3.0.47&#8243; background_size=&#8221;initial&#8221; background_position=&#8221;top_left&#8221; background_repeat=&#8221;repeat&#8221;][et_pb_column type=&#8221;4_4&#8243; _builder_version=&#8221;3.0.47&#8243; parallax=&#8221;off&#8221; parallax_method=&#8221;on&#8221;][et_pb_text _builder_version=&#8221;3.5.1&#8243; background_size=&#8221;initial&#8221; background_position=&#8221;top_left&#8221; background_repeat=&#8221;repeat&#8221;]<em>Sources:  The importance of CRM systems in Higher Education (www.studyportals.com)\n12 higher education trends to empower student success in 2018 (government.diginomica.com)<br \/>\n<\/em><br \/>\n[\/et_pb_text][\/et_pb_column][\/et_pb_row][\/et_pb_section][et_pb_section fb_built=&#8221;1&#8243; fullwidth=&#8221;on&#8221; _builder_version=&#8221;3.5.1&#8243;][et_pb_fullwidth_slider _builder_version=&#8221;3.5.1&#8243;][et_pb_slide use_bg_overlay=&#8221;off&#8221; use_text_overlay=&#8221;off&#8221; _builder_version=&#8221;3.5.1&#8243; background_color=&#8221;#e0e0e0&#8243; background_image=&#8221;https:\/\/rhino.systems\/wp-content\/uploads\/2018\/08\/fondo_team_1.png&#8221; parallax=&#8221;on&#8221; button_on_hover=&#8221;on&#8221;]<\/p>\n<h2 style=\"text-align: center; font-weight: 100; line-height: 1.4em;\"><strong>Rhino Educational Services Framework<\/strong><br \/>\ndeveloped by experts in Education Services<\/h2>\n<p>[\/et_pb_slide][\/et_pb_fullwidth_slider][\/et_pb_section][et_pb_section fb_built=&#8221;1&#8243; _builder_version=&#8221;3.5.1&#8243;][et_pb_row _builder_version=&#8221;3.0.47&#8243; background_size=&#8221;initial&#8221; background_position=&#8221;top_left&#8221; background_repeat=&#8221;repeat&#8221;][et_pb_column type=&#8221;2_3&#8243; _builder_version=&#8221;3.0.47&#8243; parallax=&#8221;off&#8221; parallax_method=&#8221;on&#8221;][et_pb_text _builder_version=&#8221;3.5.1&#8243;]<\/p>\n<h2>Our team<\/h2>\n<p>&nbsp;<\/p>\n<p style=\"font-weight: 400;\">We have put together a team made up of expert systems personnel in Education Services, which allows us to enrich our offer of solutions in the Educational framework.<\/p>\n<p style=\"font-weight: 400;\">Our continual research on market growth gives us the chance to achieve successful implementations, aimed at getting the best results for our clients in every stage of the students\u2019 life cycle inside the institutions.<\/p>\n<p>[\/et_pb_text][\/et_pb_column][et_pb_column type=&#8221;1_3&#8243; _builder_version=&#8221;3.0.47&#8243; parallax=&#8221;off&#8221; parallax_method=&#8221;on&#8221;][et_pb_button button_url=&#8221;\/rhino\/acerca-de-rhino\/&#8221; button_text=&#8221;M\u00e1s acerca de Rhino&#8221; button_alignment=&#8221;center&#8221; _builder_version=&#8221;3.5.1&#8243; custom_button=&#8221;on&#8221; button_text_size=&#8221;18&#8243; button_text_color=&#8221;#ffffff&#8221; button_bg_color=&#8221;#f4510e&#8221; button_border_radius=&#8221;8&#8243; button_icon=&#8221;%%24%%&#8221; button_on_hover=&#8221;off&#8221; button_bg_color_hover=&#8221;#f2652b&#8221; custom_margin=&#8221;70px||6px|&#8221; animation_style=&#8221;fade&#8221;]&nbsp;<br \/>\n[\/et_pb_button][\/et_pb_column][\/et_pb_row][\/et_pb_section][et_pb_section fb_built=&#8221;1&#8243; _builder_version=&#8221;3.5.1&#8243; background_color=&#8221;#abc94c&#8221; custom_margin=&#8221;0px||0px|&#8221; global_module=&#8221;2474&#8243;][et_pb_row custom_margin=&#8221;0px||0px|&#8221; _builder_version=&#8221;3.5.1&#8243; background_size=&#8221;initial&#8221; background_position=&#8221;top_left&#8221; background_repeat=&#8221;repeat&#8221;][et_pb_column type=&#8221;4_4&#8243; _builder_version=&#8221;3.0.47&#8243; parallax=&#8221;off&#8221; parallax_method=&#8221;on&#8221;][et_pb_cta button_url=&#8221;\/rhino\/contacto\/&#8221; button_text=&#8221;Cont\u00e1ctanos ahora&#8221; _builder_version=&#8221;3.5.1&#8243; header_level=&#8221;h3&#8243; header_font=&#8221;|300|||||||&#8221; header_font_size=&#8221;22&#8243; body_font=&#8221;|300|||||||&#8221; background_color=&#8221;#abc94c&#8221; custom_button=&#8221;on&#8221; button_bg_color=&#8221;#f4510e&#8221; custom_margin=&#8221;0px||0px|&#8221; custom_padding=&#8221;0px||0px|&#8221;]<\/p>\n<h3 style=\"text-align: center; font-weight: 300; line-height: 1.4em;\" class=\"translation-block\">Would you like to know more about <strong>Rhino Educational Services Framework<\/strong>?<\/h3>\n<p>[\/et_pb_cta][\/et_pb_column][\/et_pb_row][\/et_pb_section]<\/p>","protected":false},"excerpt":{"rendered":"<p>Servicios Educativos Digitales &nbsp; Los servicios educativos est\u00e1n cambiando por la demanda del mercado y las capacidades que ofrece la tecnolog\u00eda para mejorar procesos.Tendencias Servicios Educativos Los clientes de educaci\u00f3n superior demandan m\u00e1s atenci\u00f3n y servicio instant\u00e1neo, por lo que las universidades proactivas est\u00e1n recurriendo a la tecnolog\u00eda para satisfacer esta demanda de manera efectiva. [&hellip;]<\/p>","protected":false},"author":1,"featured_media":0,"parent":135,"menu_order":1,"comment_status":"closed","ping_status":"closed","template":"","meta":{"_et_pb_use_builder":"on","_et_pb_old_content":"","_et_gb_content_width":"","footnotes":""},"class_list":["post-1232","page","type-page","status-publish","hentry"],"_links":{"self":[{"href":"https:\/\/rhino.systems\/en\/wp-json\/wp\/v2\/pages\/1232"}],"collection":[{"href":"https:\/\/rhino.systems\/en\/wp-json\/wp\/v2\/pages"}],"about":[{"href":"https:\/\/rhino.systems\/en\/wp-json\/wp\/v2\/types\/page"}],"author":[{"embeddable":true,"href":"https:\/\/rhino.systems\/en\/wp-json\/wp\/v2\/users\/1"}],"replies":[{"embeddable":true,"href":"https:\/\/rhino.systems\/en\/wp-json\/wp\/v2\/comments?post=1232"}],"version-history":[{"count":0,"href":"https:\/\/rhino.systems\/en\/wp-json\/wp\/v2\/pages\/1232\/revisions"}],"up":[{"embeddable":true,"href":"https:\/\/rhino.systems\/en\/wp-json\/wp\/v2\/pages\/135"}],"wp:attachment":[{"href":"https:\/\/rhino.systems\/en\/wp-json\/wp\/v2\/media?parent=1232"}],"curies":[{"name":"wp","href":"https:\/\/api.w.org\/{rel}","templated":true}]}}