{"id":1074,"date":"2018-06-25T15:32:28","date_gmt":"2018-06-25T15:32:28","guid":{"rendered":"https:\/\/rhino.systems\/?page_id=1074"},"modified":"2019-05-15T00:36:33","modified_gmt":"2019-05-15T00:36:33","slug":"oficinas","status":"publish","type":"page","link":"https:\/\/rhino.systems\/en\/contact\/offices\/","title":{"rendered":"Offices"},"content":{"rendered":"<p>[et_pb_section bb_built=&#8221;1&#8243; _builder_version=&#8221;3.5.1&#8243; background_color=&#8221;#f4510e&#8221; custom_margin=&#8221;0px||0px|&#8221; custom_padding=&#8221;0px||0px|&#8221; next_background_color=&#8221;#000000&#8243;][et_pb_row _builder_version=&#8221;3.5.1&#8243; background_image=&#8221;https:\/\/rhino.systems\/wp-content\/uploads\/2018\/06\/fondo_soluciones.png&#8221; background_position=&#8221;top_left&#8221; background_repeat=&#8221;repeat&#8221;][et_pb_column type=&#8221;4_4&#8243;][et_pb_text _builder_version=&#8221;3.5.1&#8243; background_layout=&#8221;dark&#8221;]<\/p>\n<h1 style=\"text-align: right;\">Our offices<\/h1>\n<p>[\/et_pb_text][et_pb_text _builder_version=&#8221;3.5.1&#8243; background_layout=&#8221;dark&#8221; max_width=&#8221;65%&#8221; module_alignment=&#8221;left&#8221;]<\/p>\n<p>We have offices throughout Latin America which allows us to be close to our customers and give them the best service.<\/p>\n<p>[\/et_pb_text][\/et_pb_column][\/et_pb_row][\/et_pb_section][et_pb_section bb_built=&#8221;1&#8243; disabled_on=&#8221;|on|on&#8221; _builder_version=&#8221;3.5.1&#8243; background_color=&#8221;#000000&#8243; custom_padding=&#8221;0px||0px|&#8221; prev_background_color=&#8221;#f4510e&#8221; next_background_color=&#8221;#ffffff&#8221;][et_pb_row custom_padding=&#8221;20px||20px|&#8221; custom_margin=&#8221;0px||0px|&#8221; _builder_version=&#8221;3.5.1&#8243; background_color=&#8221;#000000&#8243; border_width_all=&#8221;1px&#8221; border_color_all=&#8221;#000000&#8243; module_alignment=&#8221;center&#8221;][et_pb_column type=&#8221;4_4&#8243;][et_pb_text admin_label=&#8221;Text &#8211; table pc&#8221; disabled_on=&#8221;off|off|off&#8221; _builder_version=&#8221;3.5.1&#8243; text_text_color=&#8221;#ffffff&#8221; text_font_size=&#8221;13px&#8221; header_text_align=&#8221;center&#8221; background_color=&#8221;#000000&#8243; border_radii=&#8221;on|1px|1px|1px|1px&#8221; border_color_all=&#8221;#000000&#8243; text_orientation=&#8221;center&#8221; background_layout=&#8221;dark&#8221;]<\/p>\n<div class=\"col-md-2, col-xs-6\"><a href=\"https:\/\/rhino.systems\/en\/contacto\/\"><strong><span style=\"color: #eeeeee;\">Contact form<\/span><\/strong><\/a><\/div>\n<div class=\"col-md-2 col-xs-6\"><a href=\"#Condesa\"><strong><span style=\"color: #eeeeee;\">Condesa<\/span><\/strong><\/a><\/div>\n<div class=\"col-md-2 col-xs-6\"><a href=\"#Reforma\"><strong><span style=\"color: #eeeeee;\">Reforma<\/span><\/strong><\/a><\/div>\n<div class=\"col-md-2 col-xs-6\"><a href=\"#Leon\"><strong><span style=\"color: #eeeeee;\">Le\u00f3n<\/span><\/strong><\/a><\/div>\n<div class=\"col-md-2 col-xs-6\"><a href=\"#Colombia\"><strong><span style=\"color: #eeeeee;\">Colombia<\/span><\/strong><\/a><\/div>\n<div class=\"col-md-2 col-xs-6\"><a href=\"#Peru\"><strong><span style=\"color: #eeeeee;\">Peru<\/span><\/strong><\/a><\/div>\n<p>[\/et_pb_text][\/et_pb_column][\/et_pb_row][\/et_pb_section][et_pb_section bb_built=&#8221;1&#8243; fullwidth=&#8221;on&#8221; disabled_on=&#8221;on||&#8221; _builder_version=&#8221;3.5.1&#8243; prev_background_color=&#8221;#000000&#8243; next_background_color=&#8221;#000000&#8243;][et_pb_fullwidth_menu menu_id=&#8221;13&#8243; submenu_direction=&#8221;downwards&#8221; fullwidth_menu=&#8221;off&#8221; _builder_version=&#8221;3.5.1&#8243; menu_font=&#8221;|600|||||||&#8221; background_color=&#8221;#252525&#8243; text_orientation=&#8221;center&#8221; background_layout=&#8221;dark&#8221;]<\/p>\n<p>&nbsp;<\/p>\n<p>[\/et_pb_fullwidth_menu][\/et_pb_section][et_pb_section bb_built=&#8221;1&#8243; _builder_version=&#8221;3.0.47&#8243; prev_background_color=&#8221;#000000&#8243; next_background_color=&#8221;#000000&#8243;][et_pb_row _builder_version=&#8221;3.5.1&#8243;][et_pb_column type=&#8221;1_2&#8243;][et_pb_text admin_label=&#8221;Condesa&#8221; _builder_version=&#8221;3.5.1&#8243;]<\/p>\n<p><a name=\"Condesa\"><\/a><\/p>\n<h2>Condesa<\/h2>\n<p>&nbsp;<\/p>\n<p><strong>Address:<\/strong><br \/>\nCiudad de M\u00e9xico, D.F. Aguascalientes 175 Piso 2 Oficina 202<br \/>\nCol. Hip\u00f3dromo Condesa M\u00e9xico, D.F. 06100<\/p>\n<p>[\/et_pb_text][et_pb_text _builder_version=&#8221;3.5.1&#8243;]<\/p>\n<p><strong>Phone number:<\/strong><br \/>\n+52 (55) 5264 4165\u00a0 y +52 (55) 4777 6300<\/p>\n<p><strong>Email:<\/strong><br \/>\n<a href=\"mailto:info@rhinosystems.mx\">info@rhinosystems.mx<\/a><\/p>\n<p>[\/et_pb_text][\/et_pb_column][et_pb_column type=&#8221;1_2&#8243;][et_pb_image src=&#8221;https:\/\/rhino.systems\/wp-content\/uploads\/2018\/11\/oficinasMexCondesa.png&#8221; _builder_version=&#8221;3.5.1&#8243;]<\/p>\n<p>&nbsp;<\/p>\n<p>[\/et_pb_image][\/et_pb_column][\/et_pb_row][et_pb_row _builder_version=&#8221;3.0.47&#8243; background_size=&#8221;initial&#8221; background_position=&#8221;top_left&#8221; background_repeat=&#8221;repeat&#8221;][et_pb_column type=&#8221;4_4&#8243;][et_pb_code _builder_version=&#8221;3.5.1&#8243;]&lt;iframe src=&#8221;https:\/\/www.google.com\/maps\/embed?pb=!1m18!1m12!1m3!1d3763.1077395999246!2d-99.17007409382607!3d19.40775033720155!2m3!1f0!2f0!3f0!3m2!1i1024!2i768!4f13.1!3m3!1m2!1s0x85d1ff6a826e9c31%3A0xbb44649c31f7fe12!2sAguascalientes+175%2C+Hip%C3%B3dromo%2C+06100+Ciudad+de+M%C3%A9xico%2C+CDMX!5e0!3m2!1sen!2smx!4v1542297375434&#8243; width=&#8221;1200&#8243; height=&#8221;450&#8243; frameborder=&#8221;0&#8243; style=&#8221;border:0&#8243; allowfullscreen&gt;&lt;\/iframe&gt;&lt;!&#8211; [et_pb_line_break_holder] &#8211;&gt;[\/et_pb_code][\/et_pb_column][\/et_pb_row][\/et_pb_section][et_pb_section bb_built=&#8221;1&#8243; _builder_version=&#8221;3.0.47&#8243; prev_background_color=&#8221;#000000&#8243; next_background_color=&#8221;#000000&#8243;][et_pb_row _builder_version=&#8221;3.0.47&#8243; background_size=&#8221;initial&#8221; background_position=&#8221;top_left&#8221; background_repeat=&#8221;repeat&#8221;][et_pb_column type=&#8221;1_2&#8243;][et_pb_text admin_label=&#8221;Reforma&#8221; _builder_version=&#8221;3.5.1&#8243;]<\/p>\n<p><a name=\"Reforma\"><\/a><\/p>\n<h2>Paseo de la Reforma<\/h2>\n<p>&nbsp;<\/p>\n<p><strong>Address:<\/strong><\/p>\n<p><span class=\"st\">Paseo de la Reforma 505, Piso 51,<br \/>\nDelegaci\u00f3n Cuauht\u00e9moc,<br \/>\nCP 06500 M\u00e9xico, D.F.<\/span><\/p>\n<p>[\/et_pb_text][et_pb_text _builder_version=&#8221;3.5.1&#8243;]<\/p>\n<p><strong>Phone number:<\/strong><br \/>\n+52 (55) 5264 4165\u00a0 y +52 (55) 4777 6300<\/p>\n<p><strong>Email:<\/strong><br \/>\n<a href=\"mailto:info@rhinosystems.mx\">info@rhinosystems.mx<\/a><\/p>\n<p>[\/et_pb_text][\/et_pb_column][et_pb_column type=&#8221;1_2&#8243;][et_pb_image src=&#8221;https:\/\/rhino.systems\/wp-content\/uploads\/2018\/11\/oficina_torremayor.png&#8221; _builder_version=&#8221;3.5.1&#8243; custom_margin=&#8221;30px|||&#8221;]<\/p>\n<p>&nbsp;<\/p>\n<p>[\/et_pb_image][\/et_pb_column][\/et_pb_row][et_pb_row _builder_version=&#8221;3.0.47&#8243; background_size=&#8221;initial&#8221; background_position=&#8221;top_left&#8221; background_repeat=&#8221;repeat&#8221;][et_pb_column type=&#8221;4_4&#8243;][et_pb_code _builder_version=&#8221;3.5.1&#8243;]&lt;iframe src=&#8221;https:\/\/www.google.com\/maps\/embed?pb=!1m18!1m12!1m3!1d3762.7258024392117!2d-99.17741048506441!3d19.42424974598093!2m3!1f0!2f0!3f0!3m2!1i1024!2i768!4f13.1!3m3!1m2!1s0x85d1fec9680ec61f%3A0xeb46405e21012819!2sTorre+Mayor!5e0!3m2!1sen!2smx!4v1542220137784&#8243; width=&#8221;1200&#8243; height=&#8221;450&#8243; frameborder=&#8221;0&#8243; style=&#8221;border:0&#8243; allowfullscreen&gt;&lt;\/iframe&gt;&lt;!&#8211; [et_pb_line_break_holder] &#8211;&gt;[\/et_pb_code][\/et_pb_column][\/et_pb_row][\/et_pb_section][et_pb_section bb_built=&#8221;1&#8243; _builder_version=&#8221;3.5.1&#8243; prev_background_color=&#8221;#000000&#8243; next_background_color=&#8221;#000000&#8243;][et_pb_row _builder_version=&#8221;3.0.47&#8243; background_size=&#8221;initial&#8221; background_position=&#8221;top_left&#8221; background_repeat=&#8221;repeat&#8221;][et_pb_column type=&#8221;4_4&#8243;][et_pb_text admin_label=&#8221;Leon&#8221; _builder_version=&#8221;3.5.1&#8243;]<\/p>\n<p><a name=\"Leon\"><\/a><\/p>\n<h2>Le\u00f3n<\/h2>\n<p>[\/et_pb_text][\/et_pb_column][\/et_pb_row][et_pb_row _builder_version=&#8221;3.0.47&#8243; background_size=&#8221;initial&#8221; background_position=&#8221;top_left&#8221; background_repeat=&#8221;repeat&#8221;][et_pb_column type=&#8221;1_2&#8243;][et_pb_text _builder_version=&#8221;3.5.1&#8243;]<\/p>\n<p><strong>Address:<\/strong><br \/>\nPlan de San Luis 101, Piso 2 Torre 1<br \/>\nCoecillo, Le\u00f3n Guanajuato<br \/>\nC.P. 37260<\/p>\n<p><strong>Email:<\/strong><br \/>\n<a href=\"mailto:info@rhinosystems.mx\">info@rhinosystems.mx<\/a><\/p>\n<p>[\/et_pb_text][\/et_pb_column][et_pb_column type=&#8221;1_2&#8243;][et_pb_image src=&#8221;https:\/\/rhino.systems\/wp-content\/uploads\/2019\/02\/oficina_leong.png&#8221; _builder_version=&#8221;3.5.1&#8243;]<\/p>\n<p>&nbsp;<\/p>\n<p>[\/et_pb_image][\/et_pb_column][\/et_pb_row][et_pb_row custom_padding=&#8221;0px||0px|&#8221; custom_margin=&#8221;0px||0px|&#8221; _builder_version=&#8221;3.5.1&#8243;][et_pb_column type=&#8221;4_4&#8243;][et_pb_code _builder_version=&#8221;3.5.1&#8243;]&lt;iframe src=&#8221;https:\/\/www.google.com\/maps\/embed?pb=!1m18!1m12!1m3!1d1820.6659539529894!2d-101.6652407376022!3d21.119419691230718!2m3!1f0!2f0!3f0!3m2!1i1024!2i768!4f13.1!3m3!1m2!1s0x842bbf006048225d%3A0xabe749529285c701!2sPlan+de+San+Luis+101%2C+Conjunto+Estrella%2C+37260+Le%C3%B3n%2C+Gto.!5e0!3m2!1ses-419!2smx!4v1549392115054&#8243; width=&#8221;1600&#8243; height=&#8221;450&#8243; frameborder=&#8221;0&#8243; style=&#8221;border:0&#8243; allowfullscreen&gt;&lt;\/iframe&gt;&lt;!&#8211; [et_pb_line_break_holder] &#8211;&gt;[\/et_pb_code][\/et_pb_column][\/et_pb_row][\/et_pb_section][et_pb_section bb_built=&#8221;1&#8243; _builder_version=&#8221;3.5.1&#8243; prev_background_color=&#8221;#000000&#8243; next_background_color=&#8221;#000000&#8243;][et_pb_row _builder_version=&#8221;3.0.47&#8243; background_size=&#8221;initial&#8221; background_position=&#8221;top_left&#8221; background_repeat=&#8221;repeat&#8221;][et_pb_column type=&#8221;4_4&#8243;][et_pb_text admin_label=&#8221;Monterrey&#8221; _builder_version=&#8221;3.5.1&#8243;]<\/p>\n<p><a name=\"Monterrey\"><\/a><\/p>\n<h2>Monterrey<\/h2>\n<p>[\/et_pb_text][\/et_pb_column][\/et_pb_row][et_pb_row _builder_version=&#8221;3.0.47&#8243; background_size=&#8221;initial&#8221; background_position=&#8221;top_left&#8221; background_repeat=&#8221;repeat&#8221;][et_pb_column type=&#8221;1_2&#8243;][et_pb_text _builder_version=&#8221;3.5.1&#8243;]<\/p>\n<p><strong>Address:<\/strong><br \/>\nTorre Avalanz<br \/>\n<span class=\"st\">Batall\u00f3n de San Patricio #109<br \/>\nCol. Valle Oriente San Pedro Garza Garc\u00eda<br \/>\nNuevo Le\u00f3n. C.P. 66269.<\/span><\/p>\n<p><strong>Phone number:<\/strong><br \/>\n+52 (81) 4777 0700<\/p>\n<p><strong>Email:<\/strong><br \/>\n<a href=\"mailto:info@rhinosystems.mx\">info@rhinosystems.mx<\/a><\/p>\n<p>[\/et_pb_text][\/et_pb_column][et_pb_column type=&#8221;1_2&#8243;][et_pb_image src=&#8221;https:\/\/rhino.systems\/wp-content\/uploads\/2018\/11\/oficinas_monterrey.png&#8221; _builder_version=&#8221;3.5.1&#8243;]<\/p>\n<p>&nbsp;<\/p>\n<p>[\/et_pb_image][\/et_pb_column][\/et_pb_row][et_pb_row custom_padding=&#8221;0px||0px|&#8221; custom_margin=&#8221;0px||0px|&#8221; _builder_version=&#8221;3.5.1&#8243;][et_pb_column type=&#8221;4_4&#8243;][et_pb_code _builder_version=&#8221;3.5.1&#8243;]&lt;iframe src=&#8221;https:\/\/www.google.com\/maps\/embed?pb=!1m18!1m12!1m3!1d3596.683587693047!2d-100.33629168498139!3d25.648624983688276!2m3!1f0!2f0!3f0!3m2!1i1024!2i768!4f13.1!3m3!1m2!1s0x8662be6c95b77c9b%3A0xba1518ecf972fdaa!2sTorre+Avalanz%2C+66278+San+Pedro+Garza+Garc%C3%ADa%2C+N.L.!5e0!3m2!1sen!2smx!4v1542298344604&#8243; width=&#8221;1200&#8243; height=&#8221;450&#8243; frameborder=&#8221;0&#8243; style=&#8221;border:0&#8243; allowfullscreen&gt;&lt;\/iframe&gt;&lt;!&#8211; [et_pb_line_break_holder] &#8211;&gt;[\/et_pb_code][\/et_pb_column][\/et_pb_row][\/et_pb_section][et_pb_section bb_built=&#8221;1&#8243; _builder_version=&#8221;3.5.1&#8243; prev_background_color=&#8221;#000000&#8243; next_background_color=&#8221;#000000&#8243;][et_pb_row _builder_version=&#8221;3.0.47&#8243; background_size=&#8221;initial&#8221; background_position=&#8221;top_left&#8221; background_repeat=&#8221;repeat&#8221;][et_pb_column type=&#8221;4_4&#8243;][et_pb_text admin_label=&#8221;Colombia&#8221; _builder_version=&#8221;3.5.1&#8243;]<\/p>\n<p><a name=\"Colombia\"><\/a><\/p>\n<h2>Colombia<\/h2>\n<p>[\/et_pb_text][\/et_pb_column][\/et_pb_row][et_pb_row _builder_version=&#8221;3.0.47&#8243; background_size=&#8221;initial&#8221; background_position=&#8221;top_left&#8221; background_repeat=&#8221;repeat&#8221;][et_pb_column type=&#8221;1_2&#8243;][et_pb_text _builder_version=&#8221;3.5.1&#8243;]<\/p>\n<p><strong>Address:<\/strong><br \/>\nCarrera 42 #5 Sur-145<br \/>\nMedell\u00edn, Colombia<\/p>\n<p><strong>Phone number:<\/strong><br \/>\n+52 (81) 4777 0700<\/p>\n<p><strong>Email:<\/strong><br \/>\n<a href=\"mailto:info@rhinosystems.co\">info@rhinosystems.co<\/a><\/p>\n<p>[\/et_pb_text][\/et_pb_column][et_pb_column type=&#8221;1_2&#8243;][et_pb_image src=&#8221;https:\/\/rhino.systems\/wp-content\/uploads\/2018\/11\/oficina_medellin.png&#8221; _builder_version=&#8221;3.5.1&#8243;]<\/p>\n<p>&nbsp;<\/p>\n<p>[\/et_pb_image][\/et_pb_column][\/et_pb_row][et_pb_row custom_padding=&rdquo;0px||0px|&rdquo; custom_margin=&rdquo;0px||0px|&rdquo; _builder_version=&rdquo;3.5.1&Prime;][et_pb_column type=&rdquo;4_4&Prime;][et_pb_code _builder_version=&rdquo;3.5.1&Prime;]&lt;iframe src=&quot;&rdquo;https:\/\/www.google.com\/maps\/embed?pb=!1m18!1m12!1m3!1d3966.495033934092!2d-75.57533774958974!3d6.19823064549087!2m3!1f0!2f0!3f0!3m2!1i1024!2i768!4f13.1!3m3!1m2!1s0x8e468392470f56cb%3A0x34f2245b1eaa4d5a!2sWeWork!5e0!3m2!1sen!2smx!4v1542147426629&Prime;&quot; width=&quot;&rdquo;1200&Prime;&quot; height=&quot;&rdquo;450&Prime;&quot; frameborder=&quot;&rdquo;0&Prime;&quot; style=&quot;&rdquo;border:0&Prime;&quot; allowfullscreen&gt;&lt;\/iframe&gt;&lt;!&ndash; [et_pb_line_break_holder] &ndash;&gt;&lt;!&ndash; [et_pb_line_break_holder] &ndash;&gt;&lt;a name=&quot;&rdquo;Peru&rdquo;&quot;&gt;&lt;\/a&gt;[\/et_pb_code][\/et_pb_column][\/et_pb_row][\/et_pb_section][et_pb_section bb_built=&rdquo;1&Prime; _builder_version=&rdquo;3.5.1&Prime; prev_background_color=&rdquo;#000000&Prime;][et_pb_row _builder_version=&rdquo;3.0.47&Prime; background_size=&rdquo;initial&rdquo; background_position=&rdquo;top_left&rdquo; background_repeat=&rdquo;repeat&rdquo;][et_pb_column type=&rdquo;4_4&Prime;][et_pb_text admin_label=&rdquo;Peru&rdquo; _builder_version=&rdquo;3.5.1&Prime;]<\/p>\n<h2>Peru<\/h2>\n<p>[\/et_pb_text][\/et_pb_column][\/et_pb_row][et_pb_row _builder_version=&#8221;3.0.47&#8243; background_size=&#8221;initial&#8221; background_position=&#8221;top_left&#8221; background_repeat=&#8221;repeat&#8221;][et_pb_column type=&#8221;1_2&#8243;][et_pb_image src=&#8221;https:\/\/rhino.systems\/wp-content\/uploads\/2018\/11\/oficinas_peru1.png&#8221; _builder_version=&#8221;3.5.1&#8243;]<\/p>\n<p>&nbsp;<\/p>\n<p>[\/et_pb_image][\/et_pb_column][et_pb_column type=&#8221;1_2&#8243;][et_pb_text _builder_version=&#8221;3.5.1&#8243;]<\/p>\n<p><strong>Address:<\/strong><br \/>\nAv. Jos\u00e9 Pardo 601, of. 1102, Miraflores<br \/>\nLima 15074, Per\u00fa<\/p>\n<p><strong>Phone number:<\/strong><br \/>\n+51967781889<\/p>\n<p><strong>Email:<\/strong><br \/>\n<a href=\"mailto:info@rhinosystems.pe\" target=\"_blank\" rel=\"noopener noreferrer\">info@rhinosystems.pe<\/a><\/p>\n<p>[\/et_pb_text][\/et_pb_column][\/et_pb_row][et_pb_row _builder_version=&#8221;3.0.47&#8243; background_size=&#8221;initial&#8221; background_position=&#8221;top_left&#8221; background_repeat=&#8221;repeat&#8221;][et_pb_column type=&#8221;4_4&#8243;][et_pb_code _builder_version=&#8221;3.5.1&#8243;]&lt;iframe src=&#8221;https:\/\/www.google.com\/maps\/embed?pb=!1m18!1m12!1m3!1d3900.8962480723485!2d-77.03705928518667!3d-12.119250891419073!2m3!1f0!2f0!3f0!3m2!1i1024!2i768!4f13.1!3m3!1m2!1s0x9105c83d3556fcff%3A0xb1f011a71f994a7!2sof.+1102%2C+Av.+Jos%C3%A9+Pardo+601%2C+Distrito+de+Lima+15074%2C+Peru!5e0!3m2!1sen!2smx!4v1542140582743&#8243; width=&#8221;1200&#8243; height=&#8221;450&#8243; frameborder=&#8221;0&#8243; style=&#8221;border:0&#8243; allowfullscreen&gt;&lt;\/iframe&gt;[\/et_pb_code][\/et_pb_column][\/et_pb_row][\/et_pb_section]<\/p>","protected":false},"excerpt":{"rendered":"<p>Nuestras oficinas Contamos con oficinas a lo largo de latinoam\u00e9rica lo que nos permite estar cerca de nuestros clientes y darles el mejor servicio. Forma de contacto Condesa Reforma Le\u00f3n Colombia Per\u00fa &nbsp; Condesa &nbsp; Direcci\u00f3n: Ciudad de M\u00e9xico, D.F. Aguascalientes 175 Piso 2 Oficina 202 Col. Hip\u00f3dromo Condesa M\u00e9xico, D.F. 06100 Tel\u00e9fonos: +52 (55) [&hellip;]<\/p>","protected":false},"author":1,"featured_media":0,"parent":1052,"menu_order":0,"comment_status":"closed","ping_status":"closed","template":"","meta":{"_et_pb_use_builder":"on","_et_pb_old_content":"","_et_gb_content_width":"","footnotes":""},"class_list":["post-1074","page","type-page","status-publish","hentry"],"_links":{"self":[{"href":"https:\/\/rhino.systems\/en\/wp-json\/wp\/v2\/pages\/1074"}],"collection":[{"href":"https:\/\/rhino.systems\/en\/wp-json\/wp\/v2\/pages"}],"about":[{"href":"https:\/\/rhino.systems\/en\/wp-json\/wp\/v2\/types\/page"}],"author":[{"embeddable":true,"href":"https:\/\/rhino.systems\/en\/wp-json\/wp\/v2\/users\/1"}],"replies":[{"embeddable":true,"href":"https:\/\/rhino.systems\/en\/wp-json\/wp\/v2\/comments?post=1074"}],"version-history":[{"count":0,"href":"https:\/\/rhino.systems\/en\/wp-json\/wp\/v2\/pages\/1074\/revisions"}],"up":[{"embeddable":true,"href":"https:\/\/rhino.systems\/en\/wp-json\/wp\/v2\/pages\/1052"}],"wp:attachment":[{"href":"https:\/\/rhino.systems\/en\/wp-json\/wp\/v2\/media?parent=1074"}],"curies":[{"name":"wp","href":"https:\/\/api.w.org\/{rel}","templated":true}]}}